{"id":87,"date":"2021-03-09T23:15:59","date_gmt":"2021-03-09T22:15:59","guid":{"rendered":"https:\/\/borekstary.przemyska.pl\/index.php\/mesmerize\/"},"modified":"2025-10-08T08:28:11","modified_gmt":"2025-10-08T06:28:11","slug":"mesmerize","status":"publish","type":"page","link":"https:\/\/borekstary.przemyska.pl\/","title":{"rendered":"Front Page"},"content":{"rendered":"<div data-label=\"Team\" data-id=\"team--1\" data-export-id=\"team-2\" data-category=\"team\" class=\"team-2 content-section content-section-spacing\" id=\"team-1\" style=\"background-color: #ffffff;\">\r\n<div class=\"gridContainer\">\r\n<div class=\"row text-center\">\r\n<div class=\"section-title-col\" data-type=\"column\"><\/div>\r\n<\/div>\r\n<div class=\"row spaced-cols content-center-sm\" data-type=\"row\">\r\n<div class=\"col-sm-6 col-md-4 \">\r\n<div class=\"card y-move no-padding bordered\">\r\n\r\n<a data-cp-link=\"1\" href=\"https:\/\/borekstary.przemyska.pl\/index.php\/ogloszenia\" target=\"_self\" rel=\"noopener\"><img decoding=\"async\" class=\"face\" src=\"https:\/\/borekstary.przemyska.pl\/wp-content\/uploads\/2021\/03\/cropped-cropped-Prosty-Obrazek-Obramowany-Wiosenna-Wyprzedaz-Promocja-Post-na-Facebooku-1.png\" title=\"cropped-cropped-Prosty-Obrazek-Obramowany-Wiosenna-Wyprzedaz-Promocja-Post-na-Facebooku-1.png\" alt=\"\" \/><\/a>\r\n<div data-type=\"column\" class=\"col-padding-small col-padding-small-xs description-container\">\r\n<div class=\"social-icons-group\" data-type=\"group\"><a href=\"#\" target=\"_self\" data-reiki-hidden=\"true\" rel=\"noopener\"><i class=\"gray fa icon fa-facebook-square\"><\/i><\/a> <a href=\"#\" target=\"_self\" data-reiki-hidden=\"true\" rel=\"noopener\"><i class=\"gray fa icon fa-twitter-square\"><\/i><\/a> <a href=\"#\" target=\"_self\" data-reiki-hidden=\"true\" rel=\"noopener\"><i class=\"gray fa icon fa-linkedin-square\"><\/i><\/a> <a href=\"#\" target=\"_self\" data-reiki-hidden=\"true\" rel=\"noopener\"><i class=\"gray fa icon fa-google-plus-square\"><\/i><\/a><\/div>\r\n<h5 class=\"\">Og\u0142oszenia parafialne<\/h5>\r\n<\/div>\r\n<\/div>\r\n<\/div>\r\n<div class=\"col-sm-6 col-md-4 \">\r\n<div class=\"card y-move no-padding bordered\">\r\n\r\n<a data-cp-link=\"1\" href=\"https:\/\/borekstary.przemyska.pl\/index.php\/intencje\" target=\"_self\" rel=\"noopener\"><img decoding=\"async\" class=\"face\" src=\"https:\/\/borekstary.przemyska.pl\/wp-content\/uploads\/2021\/03\/cropped-Prosty-Obrazek-Obramowany-Wiosenna-Wyprzedaz-Promocja-Post-na-Facebooku-4.png\" title=\"cropped-Prosty-Obrazek-Obramowany-Wiosenna-Wyprzedaz-Promocja-Post-na-Facebooku-4.png\" alt=\"\" \/><\/a>\r\n<div data-type=\"column\" class=\"col-padding-small col-padding-small-xs description-container\">\r\n<div class=\"social-icons-group\" data-type=\"group\"><a href=\"#\" target=\"_self\" data-reiki-hidden=\"true\" rel=\"noopener\"><i class=\"gray fa icon fa-facebook-square\"><\/i><\/a> <a href=\"#\" target=\"_self\" data-reiki-hidden=\"true\" rel=\"noopener\"><i class=\"gray fa icon fa-twitter-square\"><\/i><\/a> <a href=\"#\" target=\"_self\" data-reiki-hidden=\"true\" rel=\"noopener\"><i class=\"gray fa icon fa-linkedin-square\"><\/i><\/a> <a href=\"#\" target=\"_self\" data-reiki-hidden=\"true\" rel=\"noopener\"><i class=\"gray fa icon fa-google-plus-square\"><\/i><\/a><\/div>\r\n<h5 class=\"\">Intencje parafialne<\/h5>\r\n<\/div>\r\n<\/div>\r\n<\/div>\r\n<div class=\"col-sm-6 col-md-4 \">\r\n<div class=\"card y-move no-padding bordered\">\r\n\r\n<a data-cp-link=\"1\" href=\"https:\/\/niezbednik.niedziela.pl\" target=\"_self\" rel=\"noopener\" class=\"\"><img decoding=\"async\" class=\"face\" src=\"https:\/\/borekstary.przemyska.pl\/wp-content\/uploads\/2021\/03\/cropped-Prosty-Obrazek-Obramowany-Wiosenna-Wyprzedaz-Promocja-Post-na-Facebooku-6.png\" title=\"cropped-Prosty-Obrazek-Obramowany-Wiosenna-Wyprzedaz-Promocja-Post-na-Facebooku-6.png\" alt=\"\" \/><\/a>\r\n<div data-type=\"column\" class=\"col-padding-small col-padding-small-xs description-container\">\r\n<div class=\"social-icons-group\" data-type=\"group\"><a href=\"#\" target=\"_self\" data-reiki-hidden=\"true\" rel=\"noopener\"><i class=\"gray fa icon fa-facebook-square\"><\/i><\/a> <a href=\"#\" target=\"_self\" data-reiki-hidden=\"true\" rel=\"noopener\"><i class=\"gray fa icon fa-twitter-square\"><\/i><\/a> <a href=\"#\" target=\"_self\" data-reiki-hidden=\"true\" rel=\"noopener\"><i class=\"gray fa icon fa-linkedin-square\"><\/i><\/a> <a href=\"#\" target=\"_self\" data-reiki-hidden=\"true\" rel=\"noopener\"><i class=\"gray fa icon fa-google-plus-square\"><\/i><\/a><\/div>\r\n<h5 class=\"\">Czytania na dzi\u015b<\/h5>\r\n<\/div>\r\n<\/div>\r\n<\/div>\r\n<\/div>\r\n<\/div>\r\n<\/div>\r\n<div id=\"latest-news-1\" style=\"background-color: #f5fafd;\" data-label=\"Latest-news\" data-id=\"blog-section\" data-export-id=\"blog-section\" data-category=\"latest_news\" class=\"blog-section blog-section-standard content-section content-section-spacing\">\r\n<div class=\"gridContainer\">\r\n<div class=\"row\">\r\n<div data-type=\"column\" class=\"section-title-col\">\r\n<h2 class=\"\">Aktualno\u015bci<\/h2>\r\n<p class=\"lead\">Ostatnio dodane<\/p>\r\n\r\n<\/div>\r\n<\/div>\r\n<div class=\"row\">\r\n<div data-type=\"row\" data-dynamic-columns=\"handled\" data-content-shortcode=\"mesmerize_latest_news\">\t\t<div class=\"row center-sm content-left-sm\">\n\t\t\t\t\t<div id=\"post-3784\" class=\"col-sm-6 col-md-4 space-bottom space-bottom-xs\">\n\t\t\t\t<div class=\"post-content card y-move bordered\">\n\t\t\t\t\t<div class=\"post-thumbnail\">\n   <a href=\"https:\/\/borekstary.przemyska.pl\/index.php\/2026\/04\/04\/3784\/\" class=\"post-list-item-thumb \">\n      <img loading=\"lazy\" decoding=\"async\" width=\"1024\" height=\"769\" src=\"https:\/\/borekstary.przemyska.pl\/wp-content\/uploads\/2026\/04\/IMG_4629-1024x769.jpeg\" class=\"attachment-post-thumbnail size-post-thumbnail wp-post-image\" alt=\"\" srcset=\"https:\/\/borekstary.przemyska.pl\/wp-content\/uploads\/2026\/04\/IMG_4629-1024x769.jpeg 1024w, https:\/\/borekstary.przemyska.pl\/wp-content\/uploads\/2026\/04\/IMG_4629-300x225.jpeg 300w, https:\/\/borekstary.przemyska.pl\/wp-content\/uploads\/2026\/04\/IMG_4629-768x577.jpeg 768w, https:\/\/borekstary.przemyska.pl\/wp-content\/uploads\/2026\/04\/IMG_4629-1536x1153.jpeg 1536w, https:\/\/borekstary.przemyska.pl\/wp-content\/uploads\/2026\/04\/IMG_4629-2048x1537.jpeg 2048w, https:\/\/borekstary.przemyska.pl\/wp-content\/uploads\/2026\/04\/IMG_4629-1439x1080.jpeg 1439w\" sizes=\"auto, (max-width: 1024px) 100vw, 1024px\" \/>   <\/a>\n<\/div>\n\t\t\t\t\t<div class=\"col-padding col-padding-xs\">\n\t\t\t\t\t\t<h3 class=\"post-title space-bottom-small\">\n\t\t\t\t\t\t\t<a href=\"https:\/\/borekstary.przemyska.pl\/index.php\/2026\/04\/04\/3784\/\" rel=\"bookmark\">\n\t\t\t\t\t\t\t\t\t\t\t\t\t\t\t<\/a>\n\t\t\t\t\t\t<\/h3>\n\t\t\t\t\t\t<p>Kochani Parafianie, Drodzy Go\u015bcie, w t\u0119 \u015bwi\u0119t\u0105 noc i radosny poranek Zmartwychwstania Pa\u0144skiego przychodzimy do Was z sercem pe\u0142nym wdzi\u0119czno\u015bci i nadziei. Wielkanoc to nie tylko wspomnienie wydarze\u0144 sprzed dw\u00f3ch[&hellip;]<\/p>\n\t\t\t\t\t\t<a class=\"read-more link\" href=\"https:\/\/borekstary.przemyska.pl\/index.php\/2026\/04\/04\/3784\/\">\n\t\t\t\t\t\t\tRead more\t\t\t\t\t\t<\/a>\n\t\t\t\t\t<\/div>\n\t\t\t\t<\/div>\n\t\t\t<\/div>\n\t\t\t\t\t\t<div id=\"post-3400\" class=\"col-sm-6 col-md-4 space-bottom space-bottom-xs\">\n\t\t\t\t<div class=\"post-content card y-move bordered\">\n\t\t\t\t\t<div class=\"post-thumbnail\">\n   <a href=\"https:\/\/borekstary.przemyska.pl\/index.php\/2025\/09\/05\/spotkania-ruchu-apostolstwa-mlodziezy\/\" class=\"post-list-item-thumb \">\n      <img loading=\"lazy\" decoding=\"async\" width=\"1024\" height=\"1449\" src=\"https:\/\/borekstary.przemyska.pl\/wp-content\/uploads\/2025\/09\/RAM-1024x1449.jpg\" class=\"attachment-post-thumbnail size-post-thumbnail wp-post-image\" alt=\"\" srcset=\"https:\/\/borekstary.przemyska.pl\/wp-content\/uploads\/2025\/09\/RAM-1024x1449.jpg 1024w, https:\/\/borekstary.przemyska.pl\/wp-content\/uploads\/2025\/09\/RAM-212x300.jpg 212w, https:\/\/borekstary.przemyska.pl\/wp-content\/uploads\/2025\/09\/RAM-724x1024.jpg 724w, https:\/\/borekstary.przemyska.pl\/wp-content\/uploads\/2025\/09\/RAM-768x1086.jpg 768w, https:\/\/borekstary.przemyska.pl\/wp-content\/uploads\/2025\/09\/RAM-1086x1536.jpg 1086w, https:\/\/borekstary.przemyska.pl\/wp-content\/uploads\/2025\/09\/RAM-1448x2048.jpg 1448w, https:\/\/borekstary.przemyska.pl\/wp-content\/uploads\/2025\/09\/RAM-763x1080.jpg 763w, https:\/\/borekstary.przemyska.pl\/wp-content\/uploads\/2025\/09\/RAM-424x600.jpg 424w, https:\/\/borekstary.przemyska.pl\/wp-content\/uploads\/2025\/09\/RAM.jpg 1587w\" sizes=\"auto, (max-width: 1024px) 100vw, 1024px\" \/>   <\/a>\n<\/div>\n\t\t\t\t\t<div class=\"col-padding col-padding-xs\">\n\t\t\t\t\t\t<h3 class=\"post-title space-bottom-small\">\n\t\t\t\t\t\t\t<a href=\"https:\/\/borekstary.przemyska.pl\/index.php\/2025\/09\/05\/spotkania-ruchu-apostolstwa-mlodziezy\/\" rel=\"bookmark\">\n\t\t\t\t\t\t\t\tSpotkania Ruchu Apostolstwa M\u0142odzie\u017cy\t\t\t\t\t\t\t<\/a>\n\t\t\t\t\t\t<\/h3>\n\t\t\t\t\t\t<p>Spotkania Ruchu Apostolstwa M\u0142odzie\u017cy Ka\u017cdy pi\u0105tek o godzinie 18:00 &#8211; Msza \u015awi\u0119ta, a po niej spotkanie w salce parafialnej przy ko\u015bciele w Borku Starym. Spotkania s\u0105 skierowane do os\u00f3b od[&hellip;]<\/p>\n\t\t\t\t\t\t<a class=\"read-more link\" href=\"https:\/\/borekstary.przemyska.pl\/index.php\/2025\/09\/05\/spotkania-ruchu-apostolstwa-mlodziezy\/\">\n\t\t\t\t\t\t\tRead more\t\t\t\t\t\t<\/a>\n\t\t\t\t\t<\/div>\n\t\t\t\t<\/div>\n\t\t\t<\/div>\n\t\t\t\t\t\t<div id=\"post-3107\" class=\"col-sm-6 col-md-4 space-bottom space-bottom-xs\">\n\t\t\t\t<div class=\"post-content card y-move bordered\">\n\t\t\t\t\t<div class=\"post-thumbnail\">\n   <a href=\"https:\/\/borekstary.przemyska.pl\/index.php\/2025\/04\/10\/3107\/\" class=\"post-list-item-thumb \">\n      <img loading=\"lazy\" decoding=\"async\" width=\"1024\" height=\"1366\" src=\"https:\/\/borekstary.przemyska.pl\/wp-content\/uploads\/2025\/04\/unnamed-1024x1366.jpg\" class=\"attachment-post-thumbnail size-post-thumbnail wp-post-image\" alt=\"\" srcset=\"https:\/\/borekstary.przemyska.pl\/wp-content\/uploads\/2025\/04\/unnamed-1024x1366.jpg 1024w, https:\/\/borekstary.przemyska.pl\/wp-content\/uploads\/2025\/04\/unnamed-225x300.jpg 225w, https:\/\/borekstary.przemyska.pl\/wp-content\/uploads\/2025\/04\/unnamed-768x1024.jpg 768w, https:\/\/borekstary.przemyska.pl\/wp-content\/uploads\/2025\/04\/unnamed-1152x1536.jpg 1152w, https:\/\/borekstary.przemyska.pl\/wp-content\/uploads\/2025\/04\/unnamed-1536x2048.jpg 1536w, https:\/\/borekstary.przemyska.pl\/wp-content\/uploads\/2025\/04\/unnamed-810x1080.jpg 810w, https:\/\/borekstary.przemyska.pl\/wp-content\/uploads\/2025\/04\/unnamed-450x600.jpg 450w, https:\/\/borekstary.przemyska.pl\/wp-content\/uploads\/2025\/04\/unnamed-scaled.jpg 1920w\" sizes=\"auto, (max-width: 1024px) 100vw, 1024px\" \/>   <\/a>\n<\/div>\n\t\t\t\t\t<div class=\"col-padding col-padding-xs\">\n\t\t\t\t\t\t<h3 class=\"post-title space-bottom-small\">\n\t\t\t\t\t\t\t<a href=\"https:\/\/borekstary.przemyska.pl\/index.php\/2025\/04\/10\/3107\/\" rel=\"bookmark\">\n\t\t\t\t\t\t\t\t20. rocznica \u015bmierci Jana Paw\u0142a II\t\t\t\t\t\t\t<\/a>\n\t\t\t\t\t\t<\/h3>\n\t\t\t\t\t\t<p>W dniu 2 kwietnia 2025r. obchodzili\u015bmy 20. rocznic\u0119 odej\u015bcia do Domu Ojca naszego wielkiego rodaka, papie\u017ca Jana Paw\u0142a II, kt\u00f3ry w sercach i pami\u0119ci wielu z nas zapisa\u0142 si\u0119 niez\u0142omn\u0105[&hellip;]<\/p>\n\t\t\t\t\t\t<a class=\"read-more link\" href=\"https:\/\/borekstary.przemyska.pl\/index.php\/2025\/04\/10\/3107\/\">\n\t\t\t\t\t\t\tRead more\t\t\t\t\t\t<\/a>\n\t\t\t\t\t<\/div>\n\t\t\t\t<\/div>\n\t\t\t<\/div>\n\t\t\t\t<\/div>\n\t<\/div>\r\n<\/div>\r\n<div class=\"row\">\r\n<div class=\"text-center\"><a class=\"button color1\" data-attr-shortcode=\"href:mesmerize_blog_link\" href=\"https:\/\/borekstary.przemyska.pl\/index.php\/blog\/\">Zobacz wszystko<\/a><\/div>\r\n<\/div>\r\n<\/div>\r\n<\/div>\r\n<div id=\"about-1\" style=\"background-color: #ffffff; background-image: none;\" data-label=\"About\" data-id=\"about-1\" data-export-id=\"about-1\" data-category=\"about\" class=\"about-1 content-section\">\r\n<div class=\"gridContainer\">\r\n<div class=\"row text-center\">\r\n<div class=\"section-title-col\" data-type=\"column\">\r\n<h2 class=\"\">Patroni naszej parafii<\/h2>\r\n<p style=\"text-align: center;\">\u00a0 \u00a0 \u00a0 \u00a0 \u00a0 \u00a0 \u00a0 \u00a0 \u00a0 \u00a0 \u00a0 \u00a0 \u00a0 \u00a0 \u00a0 \u00a0 \u00a0 \u00a0 \u00a0 \u00a0 \u00a0 \u00a0 \u00a0 \u00a0 \u00a0 \u00a0 \u00a0 \u00a0 \u00a0 \u00a0 \u00a0 \u00a0 \u00a0 \u00a0 \u00a0 \u00a0 \u00a0 \u00a0 \u00a0 \u00a0 \u00a0 \u00a0 \u00a0 \u00a0 \u00a0 \u00a0 \u00a0 \u00a0 \u201cKt\u00f3\u017c jak B\u00f3g\u201d <em>(\u015bw. Micha\u0142)\u00a0 \u00a0 \u00a0 \u00a0 \u00a0 \u00a0 \u00a0 \u00a0 \u00a0 \u00a0 \u00a0 \u00a0 \u00a0 \u00a0 \u00a0 \u00a0 \u00a0 \u00a0 \u00a0 \u00a0 \u00a0 \u00a0 \u00a0 \u00a0 \u00a0 \u00a0 \u00a0 \u00a0 \u00a0 \u00a0 \u00a0 \u00a0 \u00a0 \u00a0 \u00a0 \u00a0 \u00a0 \u00a0 \u00a0 \u00a0 \u00a0 \u00a0 \u00a0 \u00a0 \u00a0 \u00a0 \u00a0 \u00a0 \u00a0 \u00a0 \u00a0 \u00a0 \u00a0 \u00a0 \u00a0 \u00a0 \u00a0 \u00a0 \u00a0 \u00a0 \u00a0 \u00a0 \u00a0 \u00a0 \u00a0 \u00a0 \u00a0 \u00a0 \u00a0 \u00a0 \u00a0 \u00a0 \u00a0 \u00a0 \u00a0 <\/em>\u201cPanie, do kog\u00f3\u017c p\u00f3jdziemy? Ty masz s\u0142owa \u017cycia wiecznego\u201d <em>(J 6,68 \u2013 \u015bw. Piotr)\u00a0 \u00a0 \u00a0 \u00a0 \u00a0 \u00a0 \u00a0 \u00a0 \u00a0 \u00a0 \u00a0 \u00a0 \u00a0 \u00a0 \u00a0 \u00a0 \u00a0 \u00a0 \u00a0 \u00a0 \u00a0 \u00a0 \u00a0 \u00a0 \u00a0 \u00a0 \u00a0 \u00a0 \u00a0 \u00a0<\/em>\u201eJe\u017celi B\u00f3g z nami, kt\u00f3\u017c przeciwko nam?\u201d <em>(Rz 8,31 \u2013 \u015bw. Pawe\u0142)<\/em><\/p>\r\n\r\n<\/div>\r\n<\/div>\r\n<div class=\"row\">\r\n<div class=\"button-holder space-bottom space-bottom-small\" data-type=\"column\"><a class=\"button color1\" href=\"https:\/\/borekstary.przemyska.pl\/index.php\/patroni-parafii\" target=\"_self\" data-cp-link=\"1\" rel=\"noopener\">Czytaj dalej<\/a><\/div>\r\n<div class=\"col-xs bottom-xs flexbox image-group-bottom-3-img space-bottom-xs center-xs\"><img decoding=\"async\" class=\"left-img shadow-large-black\" data-size=\"500x300\" src=\"https:\/\/borekstary.przemyska.pl\/wp-content\/uploads\/2021\/03\/cropped-sw.-Pawel-scaled-1.jpg\" title=\"cropped-sw.-Pawel-scaled-1.jpg\" alt=\"\" \/> <img decoding=\"async\" class=\"center-img shadow-large-black\" data-size=\"500x300\" src=\"https:\/\/borekstary.przemyska.pl\/wp-content\/uploads\/2021\/03\/cropped-sw-Michal-Archaniol-scaled-1.jpg\" title=\"cropped-sw-Michal-Archaniol-scaled-1.jpg\" alt=\"\" \/> <img loading=\"lazy\" decoding=\"async\" class=\"right-img shadow-large-black\" data-size=\"500x300\" src=\"https:\/\/borekstary.przemyska.pl\/wp-content\/uploads\/2021\/03\/cropped-sw.-Piotr-scaled-1.jpg\" title=\"cropped-sw.-Piotr-scaled-1.jpg\" alt=\"\" width=\"298\" height=\"179\" \/><\/div>\r\n<\/div>\r\n<\/div>\r\n<\/div>\r\n<div data-label=\"Features\" data-id=\"features--1\" data-export-id=\"features-16-card-bordered\" data-category=\"features\" class=\"features-16-card-bordered content-section content-section-spacing\" id=\"features-4\" style=\"background-color: #f5fafd;\">\r\n<div class=\"gridContainer\">\r\n<div class=\"row text-center\">\r\n<div class=\"section-title-col\" data-type=\"column\"><\/div>\r\n<\/div>\r\n<div class=\"row spaced-cols\" data-type=\"row\">\r\n<div class=\"col-xs-12 col-sm-6 col-md-4\">\r\n<div class=\"card no-padding bordered y-move\">\r\n\r\n<a data-cp-link=\"1\" href=\"https:\/\/borekstary.przemyska.pl\/index.php\/galeria\" target=\"_self\" rel=\"noopener\"><img decoding=\"async\" class=\"face\" src=\"https:\/\/borekstary.przemyska.pl\/wp-content\/uploads\/2021\/03\/cropped-cropped-cropped-camera-2598507_1280.jpg\" title=\"cropped-cropped-cropped-camera-2598507_1280.jpg\" alt=\"\" \/><\/a>\r\n<div data-type=\"column\" class=\"col-padding-small col-padding-small-xs description-container\">\r\n<h5 class=\"\">GALERIA ZDJ\u0118\u0106<\/h5>\r\n<\/div>\r\n<div data-type=\"column\" class=\"col-padding-small col-padding-small-xs read-more-container\"><\/div>\r\n<\/div>\r\n<\/div>\r\n<div class=\"col-xs-12 col-sm-6 col-md-4\">\r\n<div class=\"card no-padding bordered y-move\">\r\n\r\n<a data-cp-link=\"1\" href=\"https:\/\/borekstary.przemyska.pl\/index.php\/video\" target=\"_self\" rel=\"noopener\"><img decoding=\"async\" class=\"face\" src=\"https:\/\/borekstary.przemyska.pl\/wp-content\/uploads\/2021\/03\/cropped-cropped-demonstration-767982_1280.jpg\" title=\"cropped-cropped-demonstration-767982_1280.jpg\" alt=\"\" \/><\/a>\r\n<div data-type=\"column\" class=\"col-padding-small col-padding-small-xs description-container\">\r\n<h5 class=\"\">VIDEO<\/h5>\r\n<\/div>\r\n<div data-type=\"column\" class=\"col-padding-small col-padding-small-xs read-more-container\"><\/div>\r\n<\/div>\r\n<\/div>\r\n<div class=\"col-xs-12 col-sm-6 col-md-4\">\r\n<div class=\"card no-padding bordered y-move\">\r\n\r\n<a data-cp-link=\"1\" href=\"https:\/\/www.youtube.com\/channel\/UC6WHzfrI2zXe7GXqYVYK24g\" target=\"_self\" rel=\"noopener\" class=\"\"><img decoding=\"async\" class=\"face\" src=\"https:\/\/borekstary.przemyska.pl\/wp-content\/uploads\/2021\/03\/cropped-yout.jpg\" title=\"cropped-cropped-youtube-2.jpg\" alt=\"\" \/><\/a>\r\n<div data-type=\"column\" class=\"col-padding-small col-padding-small-xs description-container\">\r\n<h5 class=\"\">PARAFIALNY KANA\u0141 NA YOUTUBE<\/h5>\r\n<\/div>\r\n<div data-type=\"column\" class=\"col-padding-small col-padding-small-xs read-more-container\"><\/div>\r\n<\/div>\r\n<\/div>\r\n<\/div>\r\n<\/div>\r\n<\/div>\r\n<div id=\"features-3\" style=\"background-color: #ffffff;\" data-label=\"Features\" data-id=\"features-12-card-bordered\" data-export-id=\"features-12-card-bordered\" data-category=\"features\" class=\"features-12-card-bordered content-section content-section-spacing \">\r\n<div class=\"gridContainer\">\r\n<div class=\"row text-center\">\r\n<div class=\"section-title-col\" data-type=\"column\">\r\n<h2 class=\"\">Msze \u015bwi\u0119te<\/h2>\r\n<\/div>\r\n<\/div>\r\n<div class=\"row spaced-cols\" data-type=\"row\">\r\n<div class=\"col-sm-6\">\r\n<div class=\"card row-card bordered y-move\">\r\n<div class=\"row\">\r\n<div class=\"col-sm-fit icon-column\"><i class=\"fa icon color2 fa-clock-o bordered round\"><\/i><\/div>\r\n<div class=\"col-sm\" data-type=\"column\">\r\n<h5 class=\"color2\">BOREK STARY<\/h5>\r\n<p class=\"\"><b>W niedziele: 7.00, 9.00, 11.00 i 16.00<\/b><\/p>\r\n<p class=\"\">Dni powszednie: 6.30, 18.00<\/p>\r\n\r\n<\/div>\r\n<\/div>\r\n<\/div>\r\n<\/div>\r\n<div class=\"col-sm-6\">\r\n<div class=\"card row-card bordered y-move\">\r\n<div class=\"row\">\r\n<div class=\"col-sm-fit icon-column\"><i class=\"fa icon color2 fa-clock-o bordered round\"><\/i><\/div>\r\n<div class=\"col-sm\" data-type=\"column\">\r\n<h5 class=\"color2\">NOWY BOREK<\/h5>\r\n<p class=\"\"><b>W niedziele i \u015bwi\u0119ta: 8.00<\/b><\/p>\r\n\r\n<\/div>\r\n<\/div>\r\n<\/div>\r\n<\/div>\r\n<div class=\"col-sm-6\">\r\n<div class=\"card row-card bordered y-move\">\r\n<div class=\"row\">\r\n<div class=\"col-sm-fit icon-column\"><i class=\"fa icon color2 fa-clock-o bordered round\"><\/i><\/div>\r\n<div class=\"col-sm\" data-type=\"column\">\r\n<h5 class=\"color2\">BOR\u00d3WKI<\/h5>\r\n<p class=\"\"><b>W niedziele i \u015bwi\u0119ta: 7.30 i 9.30<\/b><\/p>\r\n<p class=\"\">W pierwszy pi\u0105tek miesi\u0105ca: 16.00<\/p>\r\n\r\n<\/div>\r\n<\/div>\r\n<\/div>\r\n<\/div>\r\n<div class=\"col-sm-6\">\r\n<div class=\"card row-card bordered y-move\">\r\n<div class=\"row\">\r\n<div class=\"col-sm-fit icon-column\"><i class=\"fa icon color2 fa-clock-o bordered round\"><\/i><\/div>\r\n<div class=\"col-sm\" data-type=\"column\">\r\n<h5 class=\"color2\">WOLA BORKOWSKA<\/h5>\r\n<p class=\"\"><b>W niedziele i \u015bwi\u0119ta: 10.00<\/b><\/p>\r\n\r\n<\/div>\r\n<\/div>\r\n<\/div>\r\n<\/div>\r\n<\/div>\r\n<\/div>\r\n<\/div>\r\n<div id=\"overlappable-4\" style=\"background-color: #f5fafd; background-image: none;\" data-label=\"Overlappable\" data-id=\"overlappable-4\" data-export-id=\"overlappable-4\" data-category=\"overlappable\" class=\"overlappable-4 content-section content-section-spacing\" data-overlap=\"true\">\r\n<div class=\"gridContainer\">\r\n<div data-type=\"row\" class=\"row spaced-cols text-center\">\r\n<div class=\"col-xs-12 col-sm-4 col-padding\">\r\n\r\n<i class=\"fa icon shadow-large-black aligncenter color1 fa-handshake-o reverse round large\"><\/i>\r\n<div data-type=\"column\" class=\"\">\r\n<h5 class=\"\">Sakrament pokuty i pojednania<\/h5>\r\n<p class=\"\">Codziennie przed Eucharysti\u0105;<\/p>\r\nW pierwszy pi\u0105tek godzin\u0119 przed wieczorn\u0105 Msz\u0105 \u015bwi\u0119t\u0105.\r\n\r\n<\/div>\r\n<\/div>\r\n<div class=\"col-xs-12 col-sm-4 col-padding\">\r\n\r\n<i class=\"fa icon shadow-large-black aligncenter color1 fa-clock-o reverse round large\"><\/i>\r\n<div data-type=\"column\" class=\"\">\r\n<h5 class=\"\">Adoracja Naj\u015bwi\u0119tszego Sakramentu<\/h5>\r\n<p class=\"\">W ka\u017cd\u0105 \u015brod\u0119 godzin\u0119 przed wieczorn\u0105 Msz\u0105 \u015bwi\u0119t\u0105.<\/p>\r\nW pierwszy czwartek miesi\u0105ca godzin\u0119 przed wieczorn\u0105 Msz\u0105 \u015bwi\u0119t\u0105.\r\n\r\n<\/div>\r\n<\/div>\r\n<div class=\"col-xs-12 col-sm-4 col-padding\">\r\n\r\n<i class=\"fa icon shadow-large-black aligncenter color1 fa-address-book-o reverse round large\"><\/i>\r\n<div data-type=\"column\" class=\"\">\r\n<h5 class=\"\">Odwiedziny chorych<\/h5>\r\n<p class=\"\">W pierwszy pi\u0105tek w godzinach przedpo\u0142udniowych<\/p>\r\n\r\n<\/div>\r\n<\/div>\r\n<\/div>\r\n<\/div>\r\n<\/div>\r\n<div data-label=\"About\" data-id=\"about--1\" data-export-id=\"about-9\" data-category=\"about\" class=\"about-9 content-section content-section-spacing\" id=\"about-2\" style=\"background-color: #ffffff; background-image: none;\">\r\n<div class=\"gridContainer\">\r\n<div class=\"row middle-sm text-center\">\r\n<div class=\"col-sm-5 space-bottom-xs content-column content-right-sm\" data-type=\"column\">\r\n<h2 class=\"\">Terytorium naszej parafii<\/h2>\r\n<p class=\"\"><b><\/b><\/p>\r\n1. Borek Stary (gmina Tyczyn)\r\n\r\n2. Nowy Borek (gmina B\u0142a\u017cowa)\r\n\r\n3. Brzez\u00f3wka (gmina Hy\u017cne)\r\n\r\n4. Bor\u00f3wki (gmina Chmielnik)\r\n\r\n<\/div>\r\n<div class=\"col-sm-7 flexbox flexbox middle-xs center-xs space-bottom-xs\">\r\n<div class=\"overlay-box flexbox middle-xs center-xs overlay-holder \">\r\n<div class=\"overlay-box-offset offset-background shadow-medium bg-color2 hide-xs\"><\/div>\r\n<img decoding=\"async\" class=\"flexbox shadow-large img1\" src=\"https:\/\/borekstary.przemyska.pl\/wp-content\/uploads\/2021\/03\/cropped-cropped-Kosciol-Borek-St.jpg\" data-size=\"600x400\" title=\"cropped-cropped-Kosciol-Borek-St.jpg\" alt=\"\" \/>\r\n\r\n<\/div>\r\n<\/div>\r\n<\/div>\r\n<\/div>\r\n<\/div>\r\n<div id=\"contact-1\" data-label=\"Contact\" data-id=\"contact-1\" data-export-id=\"contact-1\" data-category=\"contact\" class=\"contact-1 content-section content-section-spacing white-text\" data-parallax-depth=\"20\" style=\"background-image: url('https:\/\/borekstary.przemyska.pl\/wp-content\/uploads\/2021\/03\/sky-1441936_1280.jpg'); background-size: cover; background-position: center top;\">\r\n<div class=\"\">\r\n<div class=\"row text-center\">\r\n<div class=\"section-title-col\" data-type=\"column\">\r\n<h2 class=\"\">Kontakt<\/h2>\r\n<p class=\"lead\"><b>Borek Stary 337, 36-020 Tyczyn<\/b><\/p>\r\n<b>tel.: 17 22 98 087 \u2013 ks. Proboszcz<\/b>\r\n\r\n<\/div>\r\n<\/div>\r\n<div class=\"row text-center\">\r\n<div class=\"col-xs-12 col-sm-8 col-sm-offset-2 contact-form-wrapper inline-info\">\r\n<div class=\"card large-padding\">\r\n<div class=\"\" data-content-shortcode=\"mesmerize_contact_form shortcode=&quot;su_gmap address=&amp;amp;quot;Borek Stary 337, 36-020 Tyczyn&amp;amp;quot;&quot;\" data-editable=\"true\"><div class=\"su-gmap su-u-responsive-media-yes\"><iframe loading=\"lazy\" width=\"600\" height=\"400\" src=\"\/\/maps.google.com\/maps?q=Borek%20Stary%20337%2C%2036-020%20Tyczyn&amp;output=embed\" title=\"\"><\/iframe><\/div><\/div>\r\n<\/div>\r\n<\/div>\r\n<\/div>\r\n<\/div>\r\n<\/div>","protected":false},"excerpt":{"rendered":"<p>Og\u0142oszenia parafialne Intencje parafialne Czytania na dzi\u015b Aktualno\u015bci Ostatnio dodane Zobacz wszystko Patroni naszej parafii \u00a0 \u00a0 \u00a0 \u00a0 \u00a0 \u00a0 \u00a0 \u00a0 \u00a0 \u00a0 \u00a0 \u00a0 \u00a0 \u00a0 \u00a0 \u00a0 \u00a0 \u00a0 \u00a0 \u00a0 \u00a0 \u00a0 \u00a0 \u00a0 \u00a0 \u00a0 \u00a0 \u00a0 \u00a0 \u00a0 \u00a0 \u00a0 \u00a0 \u00a0 \u00a0 \u00a0 \u00a0 \u00a0 \u00a0 \u00a0&hellip; <br \/> <a class=\"read-more\" href=\"https:\/\/borekstary.przemyska.pl\/index.php\/2025\/04\/10\/3107\/\">Dowiedz si\u0119 wi\u0119cej<\/a><\/p>\n","protected":false},"author":1,"featured_media":0,"parent":0,"menu_order":0,"comment_status":"closed","ping_status":"closed","template":"page-templates\/homepage.php","meta":{"footnotes":""},"class_list":["post-87","page","type-page","status-publish","hentry"],"_links":{"self":[{"href":"https:\/\/borekstary.przemyska.pl\/index.php\/wp-json\/wp\/v2\/pages\/87","targetHints":{"allow":["GET"]}}],"collection":[{"href":"https:\/\/borekstary.przemyska.pl\/index.php\/wp-json\/wp\/v2\/pages"}],"about":[{"href":"https:\/\/borekstary.przemyska.pl\/index.php\/wp-json\/wp\/v2\/types\/page"}],"author":[{"embeddable":true,"href":"https:\/\/borekstary.przemyska.pl\/index.php\/wp-json\/wp\/v2\/users\/1"}],"replies":[{"embeddable":true,"href":"https:\/\/borekstary.przemyska.pl\/index.php\/wp-json\/wp\/v2\/comments?post=87"}],"version-history":[{"count":161,"href":"https:\/\/borekstary.przemyska.pl\/index.php\/wp-json\/wp\/v2\/pages\/87\/revisions"}],"predecessor-version":[{"id":3442,"href":"https:\/\/borekstary.przemyska.pl\/index.php\/wp-json\/wp\/v2\/pages\/87\/revisions\/3442"}],"wp:attachment":[{"href":"https:\/\/borekstary.przemyska.pl\/index.php\/wp-json\/wp\/v2\/media?parent=87"}],"curies":[{"name":"wp","href":"https:\/\/api.w.org\/{rel}","templated":true}]}}