{"id":574,"date":"2021-03-11T10:18:38","date_gmt":"2021-03-11T09:18:38","guid":{"rendered":"https:\/\/borekstary.przemyska.pl\/?page_id=574"},"modified":"2026-01-13T09:57:08","modified_gmt":"2026-01-13T08:57:08","slug":"duszpasterze","status":"publish","type":"page","link":"https:\/\/borekstary.przemyska.pl\/index.php\/duszpasterze\/","title":{"rendered":"Duszpasterze"},"content":{"rendered":"<blockquote>\n<p style=\"text-align: left;\"><em>Kap\u0142an to cz\u0142owiek ma swe problemy<br \/>\n<\/em><em>Raz my\u015bl\u0105 w niebie raz zn\u00f3w na ziemi<br \/>\n<\/em><em>Jak ka\u017cde dziecko t\u0119skni do matki<br \/>\n<\/em><em>Matko kap\u0142an\u00f3w ujmij si\u0119 za nim<br \/>\n<\/em>Modlitwa do Matki (o. Cherubin Paj\u0105k OFM)<\/p>\n<\/blockquote>\n<p style=\"text-align: center;\"><span style=\"color: #003366;\"><strong>Kap\u0142ani pos\u0142uguj\u0105cy w parafii \u015bw. Aposto\u0142\u00f3w Piotra i Paw\u0142a w Borku Starym:<\/strong><\/span><\/p>\n<p style=\"text-align: center;\"><span style=\"color: #334e7d;\"><strong>\u00a0 \u00a0 <span style=\"color: #000000;\">\u00a0 <span style=\"color: #000080;\">Ks. Piotr Zawadzki<\/span><\/span><\/strong><span style=\"color: #000000;\">:<\/span><\/span><span style=\"color: #000000;\"> proboszcz<\/span><br \/>\n<span style=\"color: #000000;\">parafia pochodzenia: Nowa Sarzyna; pw. NMP Kr\u00f3lowej Polski<\/span><br \/>\n<span style=\"color: #000000;\">rok \u015bwi\u0119ce\u0144: 2005<\/span><br \/>\n<span style=\"color: #000000;\">w parafii od 2025 r.<br \/>\n<strong>tel: +48 600 020 990<\/strong><br \/>\n17 22 98 087<\/span><\/p>\n<p style=\"text-align: center;\"><span style=\"color: #000000;\"><strong><span style=\"color: #000080;\">Ks. Daniel Dr\u0105\u017cek<\/span><\/strong>: wikariusz<br \/>\nparafia pochodzenia: W\u00f3lka Grodziska; pw. \u015bw. Maksymiliana Kolbe<\/span><br \/>\n<span style=\"color: #000000;\">rok \u015bwi\u0119ce\u0144: 2016<\/span><br \/>\n<span style=\"color: #000000;\">w parafii od 2024r.<br \/>\n<\/span><\/p>\n<p style=\"text-align: center;\"><span style=\"color: #000000;\"><strong style=\"text-align: center;\">\u00a0 \u00a0 \u00a0 \u00a0<span style=\"color: #000080;\">Ks. \u0141ukasz \u015awi\u0105toniowski<\/span><\/strong>: rezydent<br \/>\nparafia pochodzenia: Rakszawa; pw. Podwy\u017cszenia Krzy\u017ca \u015awi\u0119tego<\/span><br \/>\n<span style=\"color: #000000;\">rok \u015bwi\u0119ce\u0144: 2007<\/span><br \/>\n<span style=\"color: #000000;\">w parafii od 2025 r.<br \/>\ntel: +48 791 297 926<\/span><\/p>\n<p style=\"text-align: center;\"><span style=\"color: #000000;\"><strong>\u00a0 <span style=\"color: #000080;\">\u00a0Ks. Adam Pietrucha<\/span><\/strong>: emeryt, zamieszka\u0142y Bor\u00f3wki<\/span><br \/>\n<span style=\"color: #000000;\">parafia pochodzenia: Rzesz\u00f3w; pw. MB Salety\u0144skiej<\/span><br \/>\n<span style=\"color: #000000;\">rok \u015bwi\u0119ce\u0144: 1973<\/span><br \/>\n<span style=\"color: #000000;\">w parafii od 2005 r.<\/span><br \/>\n<span style=\"color: #000000;\">tel. 17 229 89 33 (Bor\u00f3wki)<\/span><\/p>\n<p>&nbsp;<\/p>\n<p style=\"text-align: center;\"><span style=\"color: #000000;\">Klasztor Ojc\u00f3w Dominikan\u00f3w :<\/span><br \/>\n<span style=\"color: #000000;\"><span style=\"color: #000080;\"><strong>Przeor: Ojciec<\/strong> <strong>Grzegorz Kluz<\/strong><\/span><\/span><br \/>\n<span style=\"color: #000000;\"><em>tel. 17 230 20 62<\/em><\/span><\/p>\n<p>&nbsp;<\/p>\n<p>&nbsp;<\/p>\n<p>&nbsp;<\/p>\n<p>&nbsp;<\/p>\n","protected":false},"excerpt":{"rendered":"<p>Kap\u0142an to cz\u0142owiek ma swe problemy Raz my\u015bl\u0105 w niebie raz zn\u00f3w na ziemi Jak ka\u017cde dziecko t\u0119skni do matki Matko kap\u0142an\u00f3w ujmij si\u0119 za nim Modlitwa do Matki (o. Cherubin Paj\u0105k OFM) Kap\u0142ani pos\u0142uguj\u0105cy w parafii \u015bw. Aposto\u0142\u00f3w Piotra i Paw\u0142a w Borku Starym: \u00a0 \u00a0 \u00a0 Ks. Piotr Zawadzki: proboszcz parafia pochodzenia: Nowa&hellip; <br \/> <a class=\"read-more\" href=\"https:\/\/borekstary.przemyska.pl\/index.php\/duszpasterze\/\">Dowiedz si\u0119 wi\u0119cej<\/a><\/p>\n","protected":false},"author":1,"featured_media":575,"parent":0,"menu_order":0,"comment_status":"closed","ping_status":"closed","template":"","meta":{"footnotes":""},"class_list":["post-574","page","type-page","status-publish","has-post-thumbnail","hentry"],"_links":{"self":[{"href":"https:\/\/borekstary.przemyska.pl\/index.php\/wp-json\/wp\/v2\/pages\/574","targetHints":{"allow":["GET"]}}],"collection":[{"href":"https:\/\/borekstary.przemyska.pl\/index.php\/wp-json\/wp\/v2\/pages"}],"about":[{"href":"https:\/\/borekstary.przemyska.pl\/index.php\/wp-json\/wp\/v2\/types\/page"}],"author":[{"embeddable":true,"href":"https:\/\/borekstary.przemyska.pl\/index.php\/wp-json\/wp\/v2\/users\/1"}],"replies":[{"embeddable":true,"href":"https:\/\/borekstary.przemyska.pl\/index.php\/wp-json\/wp\/v2\/comments?post=574"}],"version-history":[{"count":35,"href":"https:\/\/borekstary.przemyska.pl\/index.php\/wp-json\/wp\/v2\/pages\/574\/revisions"}],"predecessor-version":[{"id":3701,"href":"https:\/\/borekstary.przemyska.pl\/index.php\/wp-json\/wp\/v2\/pages\/574\/revisions\/3701"}],"wp:featuredmedia":[{"embeddable":true,"href":"https:\/\/borekstary.przemyska.pl\/index.php\/wp-json\/wp\/v2\/media\/575"}],"wp:attachment":[{"href":"https:\/\/borekstary.przemyska.pl\/index.php\/wp-json\/wp\/v2\/media?parent=574"}],"curies":[{"name":"wp","href":"https:\/\/api.w.org\/{rel}","templated":true}]}}