{"id":572,"date":"2021-03-11T10:17:36","date_gmt":"2021-03-11T09:17:36","guid":{"rendered":"https:\/\/borekstary.przemyska.pl\/?page_id=572"},"modified":"2025-10-08T08:37:52","modified_gmt":"2025-10-08T06:37:52","slug":"kancelaria","status":"publish","type":"page","link":"https:\/\/borekstary.przemyska.pl\/index.php\/kancelaria\/","title":{"rendered":"Kancelaria parafialna"},"content":{"rendered":"<h3 style=\"text-align: center;\"><span style=\"color: #000000;\"><strong>KANCELARIA PARAFIALNA<\/strong><\/span><\/h3>\n<h4 style=\"text-align: center;\"><strong>Czynna jest w dni powszednie <span style=\"color: #ff0000;\">PO MSZY \u015aWI\u0118TEJ WIECZORNEJ<\/span>.<\/strong><br \/>\nW niedziel\u0119 i \u015bwi\u0119ta tylko w sytuacjach losowych (np.: pogrzeb, nag\u0142a choroba)!<\/h4>\n<p style=\"text-align: center;\"><span style=\"color: #000000;\">Na spisanie protoko\u0142u przed\u015blubnego nale\u017cy wcze\u015bniej um\u00f3wi\u0107 si\u0119 z ks. Proboszczem.<\/span><\/p>\n<p style=\"text-align: center;\"><span style=\"color: #000000;\">Adres: Borek Stary 337; 36-020 Tyczyn<\/span><br \/>\n<span style=\"color: #000000;\">\u00a0<\/span><span style=\"color: #000000; background-color: transparent;\">17 22 98 087<br \/>\n<\/span><span style=\"color: #000000; background-color: transparent;\">+ 48 600 020 990<br \/>\n(ks. Proboszcz)<\/span><\/p>\n<hr \/>\n<h4 style=\"text-align: center;\"><span style=\"color: #ff0000;\">Nasze konto bankowe, na kt\u00f3re mo\u017cna sk\u0142ada\u0107 ofiary:<br \/>\n<\/span><br \/>\n<span style=\"color: #000000;\">Parafia Rzymskokatolicka pw. \u015bw. Piotra i Paw\u0142a w Borku Starym<\/span><br \/>\n<span style=\"color: #000000;\">Nr konta: PL\u00a0 \u00a076 9158 0001 2001 0006 9834 0001<\/span><br \/>\n<span style=\"color: #000000;\">tytu\u0142em: Darowizna na cele kultu religijnego Parafii Borek Stary 337, 36-020 Tyczyn<\/span><br \/>\n<span style=\"color: #000000;\">SWIFT BANKU: POLUPLPR<\/span><\/h4>\n<p style=\"text-align: center;\"><span style=\"color: #000000;\">***<\/span><\/p>\n<h4 style=\"text-align: center;\"><span style=\"color: #000000;\">SUBKONTO parafialne, kt\u00f3rego \u015brodki przeznaczone s\u0105<br \/>\nna <\/span><span style=\"color: #000000;\">\u201eFUNDUSZ CMENTARNY\u201d<\/span><br \/>\n<span style=\"color: #000000;\">Nr konta:\u00a0 \u00a022 9158 0001 2001 0006 9834 0003<\/span><br \/>\n<span style=\"color: #000000;\">Parafia Rzymskokatolicka \u00a0pw. \u015bw. Piotra i Paw\u0142a w Borku Starym,<\/span><br \/>\n<span style=\"color: #000000;\">Borek Stary 337, 36-020 Tyczyn.<\/span><br \/>\n<span style=\"color: #000000;\">W przelewie prosimy poda\u0107 dopisek \u201efundusz cmentarny\u201d oraz Imi\u0119, Nazwisko i adres ofiarodawcy.<\/span><\/h4>\n<p style=\"text-align: center;\"><span style=\"color: #000000;\">***<\/span><\/p>\n<h4 style=\"text-align: center;\"><span style=\"color: #ff0000;\">Za wszelk\u0105 pomoc sk\u0142adamy serdeczne <strong>B\u00d3G ZAP\u0141A\u0106<br \/>\n<span style=\"color: #000000;\">Wszystkich Dobroczy\u0144c\u00f3w parafii polecamy w codziennych modlitwach.\u00a0<\/span><\/strong><\/span><\/h4>\n<p>&nbsp;<\/p>\n","protected":false},"excerpt":{"rendered":"<p>KANCELARIA PARAFIALNA Czynna jest w dni powszednie PO MSZY \u015aWI\u0118TEJ WIECZORNEJ. W niedziel\u0119 i \u015bwi\u0119ta tylko w sytuacjach losowych (np.: pogrzeb, nag\u0142a choroba)! Na spisanie protoko\u0142u przed\u015blubnego nale\u017cy wcze\u015bniej um\u00f3wi\u0107 si\u0119 z ks. Proboszczem. Adres: Borek Stary 337; 36-020 Tyczyn \u00a017 22 98 087 + 48 600 020 990 (ks. Proboszcz) Nasze konto bankowe, na&hellip; <br \/> <a class=\"read-more\" href=\"https:\/\/borekstary.przemyska.pl\/index.php\/kancelaria\/\">Dowiedz si\u0119 wi\u0119cej<\/a><\/p>\n","protected":false},"author":1,"featured_media":0,"parent":0,"menu_order":0,"comment_status":"closed","ping_status":"closed","template":"","meta":{"footnotes":""},"class_list":["post-572","page","type-page","status-publish","hentry"],"_links":{"self":[{"href":"https:\/\/borekstary.przemyska.pl\/index.php\/wp-json\/wp\/v2\/pages\/572","targetHints":{"allow":["GET"]}}],"collection":[{"href":"https:\/\/borekstary.przemyska.pl\/index.php\/wp-json\/wp\/v2\/pages"}],"about":[{"href":"https:\/\/borekstary.przemyska.pl\/index.php\/wp-json\/wp\/v2\/types\/page"}],"author":[{"embeddable":true,"href":"https:\/\/borekstary.przemyska.pl\/index.php\/wp-json\/wp\/v2\/users\/1"}],"replies":[{"embeddable":true,"href":"https:\/\/borekstary.przemyska.pl\/index.php\/wp-json\/wp\/v2\/comments?post=572"}],"version-history":[{"count":16,"href":"https:\/\/borekstary.przemyska.pl\/index.php\/wp-json\/wp\/v2\/pages\/572\/revisions"}],"predecessor-version":[{"id":3517,"href":"https:\/\/borekstary.przemyska.pl\/index.php\/wp-json\/wp\/v2\/pages\/572\/revisions\/3517"}],"wp:attachment":[{"href":"https:\/\/borekstary.przemyska.pl\/index.php\/wp-json\/wp\/v2\/media?parent=572"}],"curies":[{"name":"wp","href":"https:\/\/api.w.org\/{rel}","templated":true}]}}