{"id":570,"date":"2021-03-11T10:17:24","date_gmt":"2021-03-11T09:17:24","guid":{"rendered":"https:\/\/borekstary.przemyska.pl\/?page_id=570"},"modified":"2026-02-15T05:55:16","modified_gmt":"2026-02-15T04:55:16","slug":"godziny-mszy-sw","status":"publish","type":"page","link":"https:\/\/borekstary.przemyska.pl\/index.php\/godziny-mszy-sw\/","title":{"rendered":"Godziny Mszy \u015bw."},"content":{"rendered":"<h4><span style=\"color: #ff0000;\"><strong>BOREK STARY:<\/strong><\/span><\/h4>\n<p data-start=\"161\" data-end=\"258\"><span style=\"color: #000000;\"><strong data-start=\"179\" data-end=\"195\">W niedziele:<\/strong> 7.00, 9.00, 11.00, 16.00<\/span><br data-start=\"220\" data-end=\"223\" \/><span style=\"color: #000000;\"><strong data-start=\"223\" data-end=\"244\">W dni powszednie:<\/strong> 6.30, 18.00<\/span><\/p>\n<p data-start=\"260\" data-end=\"284\"><span style=\"color: #000000;\"><strong data-start=\"260\" data-end=\"282\">Sta\u0142e nabo\u017ce\u0144stwa:<\/strong><\/span><\/p>\n<ul data-start=\"285\" data-end=\"704\">\n<li data-start=\"285\" data-end=\"380\">\n<p data-start=\"287\" data-end=\"380\"><span style=\"color: #000000;\">W ka\u017cd\u0105 \u015brod\u0119 miesi\u0105ca \u2013 godzin\u0119 przed Msz\u0105 \u015bw.: adoracja i nowenna do Mi\u0142osierdzia Bo\u017cego.<\/span><\/p>\n<\/li>\n<li data-start=\"381\" data-end=\"457\">\n<p data-start=\"383\" data-end=\"457\"><span style=\"color: #000000;\">W pierwszy czwartek miesi\u0105ca \u2013 godzin\u0119 przed Msz\u0105 \u015bw.: adoracja w ciszy.<\/span><\/p>\n<\/li>\n<li data-start=\"458\" data-end=\"543\">\n<p data-start=\"460\" data-end=\"543\"><span style=\"color: #000000;\">W pierwszy pi\u0105tek miesi\u0105ca \u2013 nabo\u017ce\u0144stwo ku czci Naj\u015bwi\u0119tszego Serca Pana Jezusa.<\/span><\/p>\n<\/li>\n<li data-start=\"544\" data-end=\"639\">\n<p data-start=\"546\" data-end=\"639\"><span style=\"color: #000000;\">W pierwsz\u0105 sobot\u0119 miesi\u0105ca (wieczorem) \u2013 r\u00f3\u017caniec wynagradzaj\u0105cy Niepokalanemu Sercu Maryi.<\/span><\/p>\n<\/li>\n<li data-start=\"640\" data-end=\"704\">\n<p data-start=\"642\" data-end=\"704\"><span style=\"color: #000000;\">W pierwsz\u0105 niedziel\u0119 miesi\u0105ca \u2013 zmiana tajemnic r\u00f3\u017ca\u0144cowych.<\/span><\/p>\n<\/li>\n<\/ul>\n<h4 style=\"text-align: left;\"><strong><span style=\"color: #ff0000;\">Bor\u00f3wki<\/span> <\/strong><\/h4>\n<p style=\"text-align: left;\"><span style=\"color: #000000;\"><strong data-start=\"725\" data-end=\"750\">W niedziele i \u015bwi\u0119ta:<\/strong> 7.30, 9.30<\/span><br data-start=\"761\" data-end=\"764\" \/><span style=\"color: #000000;\"><strong data-start=\"764\" data-end=\"795\">W pierwszy pi\u0105tek miesi\u0105ca:<\/strong> 17.00 (spowied\u017a od 16.30)<\/span><\/p>\n<h4 style=\"text-align: left;\"><span style=\"color: #ff0000;\"><strong>Nowy Borek<\/strong><\/span><\/h4>\n<p style=\"text-align: left;\"><span style=\"color: #000000;\"><strong data-start=\"864\" data-end=\"889\">W niedziele i \u015bwi\u0119ta:<\/strong> 8.00<\/span><br data-start=\"894\" data-end=\"897\" \/><span style=\"color: #000000;\"><strong data-start=\"897\" data-end=\"943\">Nabo\u017ce\u0144stwa majowe <em>(w miesi\u0105cu maju)<\/em>\u00a0i r\u00f3\u017ca\u0144cowe<em> (w miesi\u0105cu pa\u017adzierniku)<\/em> z Msz\u0105 \u015bw.:<\/strong> 17.00<\/span><\/p>\n<h4 style=\"text-align: left;\"><span style=\"color: #ff0000;\"><strong>Wola Borkowska<\/strong><\/span><\/h4>\n<p style=\"text-align: left;\"><span style=\"color: #000000;\"><strong data-start=\"979\" data-end=\"995\">W niedziel\u0119:<\/strong> 10.00\u00a0 \u00a0 \u00a0 \u00a0 \u00a0 \u00a0 \u00a0 \u00a0 \u00a0 \u00a0 \u00a0 \u00a0 \u00a0 \u00a0 \u00a0 \u00a0 \u00a0 \u00a0 \u00a0 \u00a0 \u00a0 \u00a0 \u00a0 \u00a0 \u00a0 \u00a0 \u00a0 \u00a0 \u00a0 \u00a0 \u00a0 \u00a0 \u00a0 \u00a0 \u00a0 \u00a0 \u00a0 \u00a0 \u00a0 \u00a0 \u00a0 \u00a0 \u00a0 \u00a0 \u00a0 \u00a0 \u00a0 \u00a0 \u00a0 \u00a0 \u00a0 \u00a0 \u00a0 \u00a0 \u00a0 \u00a0 \u00a0 \u00a0 \u00a0 \u00a0 \u00a0 \u00a0 \u00a0 \u00a0 \u00a0 \u00a0 \u00a0 \u00a0 \u00a0 \u00a0 \u00a0 \u00a0 \u00a0 \u00a0 \u00a0 \u00a0 \u00a0 \u00a0 \u00a0 \u00a0 \u00a0 \u00a0 \u00a0 \u00a0 \u00a0 \u00a0 \u00a0 \u00a0 \u00a0 \u00a0 \u00a0 \u00a0 \u00a0 \u00a0 \u00a0 \u00a0 \u00a0 \u00a0 \u00a0 \u00a0 \u00a0 \u00a0 \u00a0 \u00a0 \u00a0 \u00a0 \u00a0 \u00a0 \u00a0 \u00a0 \u00a0 \u00a0 \u00a0 \u00a0 \u00a0 \u00a0 \u00a0 \u00a0 \u00a0 \u00a0 \u00a0 \u00a0 \u00a0 \u00a0 \u00a0 \u00a0 \u00a0 \u00a0 Przed ka\u017cd\u0105 Msz\u0105 \u015bw. nabo\u017ce\u0144stwo r\u00f3\u017ca\u0144cowe.<\/span><\/p>\n<p>&nbsp;<\/p>\n<p style=\"text-align: left;\"><span style=\"color: #000000;\"><strong>Intencje mszalne<\/strong> mo\u017cna zamawia\u0107 w zakrystii codziennie po Mszy \u015bw. lub w kancelarii parafialnej.<\/span><\/p>\n<p>&nbsp;<\/p>\n<p>&nbsp;<\/p>\n","protected":false},"excerpt":{"rendered":"<p>BOREK STARY: W niedziele: 7.00, 9.00, 11.00, 16.00W dni powszednie: 6.30, 18.00 Sta\u0142e nabo\u017ce\u0144stwa: W ka\u017cd\u0105 \u015brod\u0119 miesi\u0105ca \u2013 godzin\u0119 przed Msz\u0105 \u015bw.: adoracja i nowenna do Mi\u0142osierdzia Bo\u017cego. W pierwszy czwartek miesi\u0105ca \u2013 godzin\u0119 przed Msz\u0105 \u015bw.: adoracja w ciszy. W pierwszy pi\u0105tek miesi\u0105ca \u2013 nabo\u017ce\u0144stwo ku czci Naj\u015bwi\u0119tszego Serca Pana Jezusa. W pierwsz\u0105&hellip; <br \/> <a class=\"read-more\" href=\"https:\/\/borekstary.przemyska.pl\/index.php\/godziny-mszy-sw\/\">Dowiedz si\u0119 wi\u0119cej<\/a><\/p>\n","protected":false},"author":1,"featured_media":580,"parent":0,"menu_order":0,"comment_status":"closed","ping_status":"closed","template":"","meta":{"footnotes":""},"class_list":["post-570","page","type-page","status-publish","has-post-thumbnail","hentry"],"_links":{"self":[{"href":"https:\/\/borekstary.przemyska.pl\/index.php\/wp-json\/wp\/v2\/pages\/570","targetHints":{"allow":["GET"]}}],"collection":[{"href":"https:\/\/borekstary.przemyska.pl\/index.php\/wp-json\/wp\/v2\/pages"}],"about":[{"href":"https:\/\/borekstary.przemyska.pl\/index.php\/wp-json\/wp\/v2\/types\/page"}],"author":[{"embeddable":true,"href":"https:\/\/borekstary.przemyska.pl\/index.php\/wp-json\/wp\/v2\/users\/1"}],"replies":[{"embeddable":true,"href":"https:\/\/borekstary.przemyska.pl\/index.php\/wp-json\/wp\/v2\/comments?post=570"}],"version-history":[{"count":25,"href":"https:\/\/borekstary.przemyska.pl\/index.php\/wp-json\/wp\/v2\/pages\/570\/revisions"}],"predecessor-version":[{"id":3744,"href":"https:\/\/borekstary.przemyska.pl\/index.php\/wp-json\/wp\/v2\/pages\/570\/revisions\/3744"}],"wp:featuredmedia":[{"embeddable":true,"href":"https:\/\/borekstary.przemyska.pl\/index.php\/wp-json\/wp\/v2\/media\/580"}],"wp:attachment":[{"href":"https:\/\/borekstary.przemyska.pl\/index.php\/wp-json\/wp\/v2\/media?parent=570"}],"curies":[{"name":"wp","href":"https:\/\/api.w.org\/{rel}","templated":true}]}}