{"id":549,"date":"2021-03-11T10:02:48","date_gmt":"2021-03-11T09:02:48","guid":{"rendered":"https:\/\/borekstary.przemyska.pl\/?page_id=549"},"modified":"2025-08-17T14:56:29","modified_gmt":"2025-08-17T12:56:29","slug":"klasztor-oo-dominikanow","status":"publish","type":"page","link":"https:\/\/borekstary.przemyska.pl\/index.php\/klasztor-oo-dominikanow\/","title":{"rendered":"Sanktuarium Matki Bo\u017cej Boreckiej i Klasztor oo. Dominikan\u00f3w"},"content":{"rendered":"<h3><strong>Sanktuarium i klasztor &#8211; Historia<\/strong><\/h3>\n<p data-start=\"233\" data-end=\"614\">W miejscu obecnego klasztoru ju\u017c w roku 1418 istnia\u0142 ko\u015bci\u00f3\u0142 \u015awi\u0119tego Krzy\u017ca wraz z kaplic\u0105 Naj\u015bwi\u0119tszej Maryi Panny, kt\u00f3ry w roku 1420 po\u015bwi\u0119ci\u0142 arcybiskup lwowski Jan Rzeszowski. Ko\u015bci\u00f3\u0142 oo. Dominikan\u00f3w w Borku Starym, pw. Wniebowzi\u0119cia Naj\u015bwi\u0119tszej Maryi Panny, wraz z klasztorem, ufundowa\u0142 w roku 1669 ks. Maciej Nowicki, kanonik kolegiaty jaros\u0142awskiej i prepozyt tyczy\u0144ski.<\/p>\n<p data-start=\"616\" data-end=\"837\">Obecny, barokowy, murowany ko\u015bci\u00f3\u0142 zosta\u0142 wzniesiony w latach 1684\u20131726. O\u0142tarz g\u0142\u00f3wny i dwa boczne ufundowa\u0142 Jan Zar\u0119ba Skrzy\u0144ski. Wykonano je w Gda\u0144sku w latach 1684 \u2013 ok.1750, a polichromia zosta\u0142a wykonana w roku 1937.<\/p>\n<p data-start=\"839\" data-end=\"1297\">W ko\u015bciele, w g\u0142\u00f3wnym o\u0142tarzu, znajduje si\u0119 \u0142askami s\u0142yn\u0105cy obraz Naj\u015bwi\u0119tszej Maryi Panny, koronowany 15 sierpnia 1919 roku przez biskupa J\u00f3zefa Sebastiana Pelczara <em>(obecnie \u015bwi\u0119ty ko\u015bcio\u0142a katolickiego)<\/em>. By\u0142a to pierwsza koronacja Cudownego Obrazu Matki Bo\u017cej w wolnej Polsce po odzyskaniu niepodleg\u0142o\u015bci. Dwukrotnie \u2013 w 1960 i w 1992 roku \u2013 skradziono korony z Cudownego Obrazu. Dnia 14 sierpnia 1995 roku ks. abp J\u00f3zef Michalik, metropolita przemyski, dokona\u0142 rekoronacji, czyli ponownie na\u0142o\u017cy\u0142 korony na Cudowny Obraz.<\/p>\n<style id=\"bwg-style-0\">    #bwg_container1_0 #bwg_container2_0 .bwg-container-0.bwg-standard-thumbnails {      width: 1254px;              justify-content: center;        margin:0 auto !important;              background-color: rgba(255, 255, 255, 0.00);            padding-left: 4px;      padding-top: 4px;      max-width: 100%;            }        #bwg_container1_0 #bwg_container2_0 .bwg-container-0.bwg-standard-thumbnails .bwg-item {    justify-content: flex-start;      max-width: 250px;          }    #bwg_container1_0 #bwg_container2_0 .bwg-container-0.bwg-standard-thumbnails .bwg-item a {       margin-right: 4px;       margin-bottom: 4px;    }    #bwg_container1_0 #bwg_container2_0 .bwg-container-0.bwg-standard-thumbnails .bwg-item0 {      padding: 0px;            background-color:rgba(0,0,0, 0.30);      border: 5px none #FFFFFF;      opacity: 1.00;      border-radius: 0;      box-shadow: ;    }    #bwg_container1_0 #bwg_container2_0 .bwg-container-0.bwg-standard-thumbnails .bwg-item1 img {      max-height: none;      max-width: none;      padding: 0 !important;    }         @media only screen and (min-width: 480px) {\t\t#bwg_container1_0 #bwg_container2_0 .bwg-container-0.bwg-standard-thumbnails .bwg-item1 img {\t\t\t-webkit-transition: all .3s; transition: all .3s;\t\t}\t\t#bwg_container1_0 #bwg_container2_0 .bwg-container-0.bwg-standard-thumbnails .bwg-item1 img:hover {\t\t\t-ms-transform: scale(1.08);\t\t\t-webkit-transform: scale(1.08);\t\t\ttransform: scale(1.08);\t\t}\t\t      }\t    #bwg_container1_0 #bwg_container2_0 .bwg-container-0.bwg-standard-thumbnails .bwg-item1 {      padding-top: 56%;    }        #bwg_container1_0 #bwg_container2_0 .bwg-container-0.bwg-standard-thumbnails .bwg-title2,    #bwg_container1_0 #bwg_container2_0 .bwg-container-0.bwg-standard-thumbnails .bwg-ecommerce2 {      color: #323A45;      font-family: Ubuntu;      font-size: 16px;      font-weight: bold;      padding: 5px;      text-shadow: ;      max-height: 100%;    }    #bwg_container1_0 #bwg_container2_0 .bwg-container-0.bwg-standard-thumbnails .bwg-thumb-description span {    color: #323A45;    font-family: Ubuntu;    font-size: 12px;    max-height: 100%;    word-wrap: break-word;    }    #bwg_container1_0 #bwg_container2_0 .bwg-container-0.bwg-standard-thumbnails .bwg-play-icon2 {      font-size: 32px;    }    #bwg_container1_0 #bwg_container2_0 .bwg-container-0.bwg-standard-thumbnails .bwg-ecommerce2 {      font-size: 19.2px;      color: #323A45;    }    <\/style>    <div id=\"bwg_container1_0\"         class=\"bwg_container bwg_thumbnail bwg_thumbnails \"         data-right-click-protection=\"0\"         data-bwg=\"0\"         data-scroll=\"0\"         data-gallery-type=\"thumbnails\"         data-gallery-view-type=\"thumbnails\"         data-current-url=\"\/index.php\/wp-json\/wp\/v2\/pages\/549\"         data-lightbox-url=\"https:\/\/borekstary.przemyska.pl\/wp-admin\/admin-ajax.php?action=GalleryBox&#038;current_view=0&#038;gallery_id=7&#038;tag=0&#038;theme_id=2&#038;shortcode_id=19&#038;sort_by=date&#038;order_by=asc&#038;current_url=%2Findex.php%2Fwp-json%2Fwp%2Fv2%2Fpages%2F549\"         data-gallery-id=\"7\"         data-popup-width=\"800\"         data-popup-height=\"500\"         data-is-album=\"gallery\"         data-buttons-position=\"bottom\">      <div id=\"bwg_container2_0\">             <div id=\"ajax_loading_0\" class=\"bwg_loading_div_1\">      <div class=\"bwg_loading_div_2\">        <div class=\"bwg_loading_div_3\">          <div id=\"loading_div_0\" class=\"bwg_spider_ajax_loading\">          <\/div>        <\/div>      <\/div>    <\/div>            <form id=\"gal_front_form_0\"              class=\"bwg-hidden\"              method=\"post\"              action=\"#\"              data-current=\"0\"              data-shortcode-id=\"19\"              data-gallery-type=\"thumbnails\"              data-gallery-id=\"7\"              data-tag=\"0\"              data-album-id=\"0\"              data-theme-id=\"2\"              data-ajax-url=\"https:\/\/borekstary.przemyska.pl\/wp-admin\/admin-ajax.php?action=bwg_frontend_data\">          <div id=\"bwg_container3_0\" class=\"bwg-background bwg-background-0\">                <div data-max-count=\"5\"         data-thumbnail-width=\"250\"         data-bwg=\"0\"         data-gallery-id=\"7\"         data-lightbox-url=\"https:\/\/borekstary.przemyska.pl\/wp-admin\/admin-ajax.php?action=GalleryBox&amp;current_view=0&amp;gallery_id=7&amp;tag=0&amp;theme_id=2&amp;shortcode_id=19&amp;sort_by=date&amp;order_by=asc&amp;current_url=%2Findex.php%2Fwp-json%2Fwp%2Fv2%2Fpages%2F549\"         id=\"bwg_thumbnails_0\"         class=\"bwg-container-0 bwg-thumbnails bwg-standard-thumbnails bwg-container bwg-border-box\">            <div class=\"bwg-item\">        <a class=\"bwg-a  bwg_lightbox\"  data-image-id=\"47\" href=\"https:\/\/borekstary.przemyska.pl\/wp-content\/uploads\/photo-gallery\/Klasztor\/Borek_Stary_-_Klasztor_(1).jpg?bwg=1615890052\" data-elementor-open-lightbox=\"no\">                <div class=\"bwg-item0 \">          <div class=\"bwg-item1 \">            <div class=\"bwg-item2\">              <img decoding=\"async\" class=\"skip-lazy bwg_standart_thumb_img_0 \"                   data-id=\"47\"                   data-width=\"1024\"                   data-height=\"683\"                   data-src=\"https:\/\/borekstary.przemyska.pl\/wp-content\/uploads\/photo-gallery\/Klasztor\/thumb\/Borek_Stary_-_Klasztor_(1).jpg?bwg=1615890052\"                   src=\"https:\/\/borekstary.przemyska.pl\/wp-content\/uploads\/photo-gallery\/Klasztor\/thumb\/Borek_Stary_-_Klasztor_(1).jpg?bwg=1615890052\"                   alt=\"Borek Stary - Klasztor (1)\"                   title=\"Borek Stary - Klasztor (1)\" \/>            <\/div>            <div class=\"\">                                                      <\/div>          <\/div>        <\/div>                        <\/a>              <\/div>            <div class=\"bwg-item\">        <a class=\"bwg-a  bwg_lightbox\"  data-image-id=\"48\" href=\"https:\/\/borekstary.przemyska.pl\/wp-content\/uploads\/photo-gallery\/Klasztor\/Borek_Stary_-_Klasztor_(3).jpg?bwg=1615890052\" data-elementor-open-lightbox=\"no\">                <div class=\"bwg-item0 \">          <div class=\"bwg-item1 \">            <div class=\"bwg-item2\">              <img decoding=\"async\" class=\"skip-lazy bwg_standart_thumb_img_0 \"                   data-id=\"48\"                   data-width=\"1024\"                   data-height=\"575\"                   data-src=\"https:\/\/borekstary.przemyska.pl\/wp-content\/uploads\/photo-gallery\/Klasztor\/thumb\/Borek_Stary_-_Klasztor_(3).jpg?bwg=1615890052\"                   src=\"https:\/\/borekstary.przemyska.pl\/wp-content\/uploads\/photo-gallery\/Klasztor\/thumb\/Borek_Stary_-_Klasztor_(3).jpg?bwg=1615890052\"                   alt=\"Borek Stary - Klasztor (3)\"                   title=\"Borek Stary - Klasztor (3)\" \/>            <\/div>            <div class=\"\">                                                      <\/div>          <\/div>        <\/div>                        <\/a>              <\/div>            <div class=\"bwg-item\">        <a class=\"bwg-a  bwg_lightbox\"  data-image-id=\"49\" href=\"https:\/\/borekstary.przemyska.pl\/wp-content\/uploads\/photo-gallery\/Klasztor\/Borek_Stary_-_Klasztor_(2).jpg?bwg=1615890052\" data-elementor-open-lightbox=\"no\">                <div class=\"bwg-item0 \">          <div class=\"bwg-item1 \">            <div class=\"bwg-item2\">              <img decoding=\"async\" class=\"skip-lazy bwg_standart_thumb_img_0 \"                   data-id=\"49\"                   data-width=\"749\"                   data-height=\"768\"                   data-src=\"https:\/\/borekstary.przemyska.pl\/wp-content\/uploads\/photo-gallery\/Klasztor\/thumb\/Borek_Stary_-_Klasztor_(2).jpg?bwg=1615890052\"                   src=\"https:\/\/borekstary.przemyska.pl\/wp-content\/uploads\/photo-gallery\/Klasztor\/thumb\/Borek_Stary_-_Klasztor_(2).jpg?bwg=1615890052\"                   alt=\"Borek Stary - Klasztor (2)\"                   title=\"Borek Stary - Klasztor (2)\" \/>            <\/div>            <div class=\"\">                                                      <\/div>          <\/div>        <\/div>                        <\/a>              <\/div>          <\/div>    <style>      \/*pagination styles*\/      #bwg_container1_0 #bwg_container2_0 .tablenav-pages_0 {\t\t\t\ttext-align: center;\t\t\t\tfont-size: 12px;\t\t\t\tfont-family: Ubuntu;\t\t\t\tfont-weight: bold;\t\t\t\tcolor: #666666;\t\t\t\tmargin: 6px 0 4px;\t\t\t\tdisplay: block;      }      @media only screen and (max-width : 320px) {      #bwg_container1_0 #bwg_container2_0 .displaying-num_0 {     \t display: none;      }      }      #bwg_container1_0 #bwg_container2_0 .displaying-num_0 {\t\t\t\tfont-size: 12px;\t\t\t\tfont-family: Ubuntu;\t\t\t\tfont-weight: bold;\t\t\t\tcolor: #666666;\t\t\t\tmargin-right: 10px;\t\t\t\tvertical-align: middle;      }      #bwg_container1_0 #bwg_container2_0 .paging-input_0 {\t\t\t\tfont-size: 12px;\t\t\t\tfont-family: Ubuntu;\t\t\t\tfont-weight: bold;\t\t\t\tcolor: #666666;\t\t\t\tvertical-align: middle;      }      #bwg_container1_0 #bwg_container2_0 .tablenav-pages_0 a.disabled,      #bwg_container1_0 #bwg_container2_0 .tablenav-pages_0 a.disabled:hover,      #bwg_container1_0 #bwg_container2_0 .tablenav-pages_0 a.disabled:focus,\t\t\t#bwg_container1_0 #bwg_container2_0 .tablenav-pages_0 input.bwg_current_page {\t\t\t\tcursor: default;\t\t\t\tcolor: rgba(102, 102, 102, 0.5);      }      #bwg_container1_0 #bwg_container2_0 .tablenav-pages_0 a,      #bwg_container1_0 #bwg_container2_0 .tablenav-pages_0 input.bwg_current_page {\t\t\t\tcursor: pointer;\t\t\t\ttext-align: center;\t\t\t\tfont-size: 12px;\t\t\t\tfont-family: Ubuntu;\t\t\t\tfont-weight: bold;\t\t\t\tcolor: #666666;\t\t\t\ttext-decoration: none;\t\t\t\tpadding: 3px 6px;\t\t\t\tmargin: 0;\t\t\t\tborder-radius: 0;\t\t\t\tborder-style: none;\t\t\t\tborder-width: 1px;\t\t\t\tborder-color: #E3E3E3;\t\t\t\t\t\t\t\tbackground-color: rgba(252, 252, 252, 1.00);\t\t\t\tbox-shadow: 0;\t\t\t\ttransition: all 0.3s ease 0s;-webkit-transition: all 0.3s ease 0s;      }      <\/style>      <span class=\"bwg_nav_cont_0\">              <div class=\"tablenav-pages_0\">                  <\/div>                <input type=\"hidden\" id=\"page_number_0\" name=\"page_number_0\" value=\"1\" \/>      <script type=\"text\/javascript\">        if( jQuery('.bwg_nav_cont_0').length > 1 ) {          jQuery('.bwg_nav_cont_0').first().remove()        }        function spider_page_0(cur, x, y, load_more) {          if (typeof load_more == \"undefined\") {            var load_more = false;          }          if (jQuery(cur).hasClass('disabled')) {            return false;          }          var items_county_0 = 1;          switch (y) {            case 1:              if (x >= items_county_0) {                document.getElementById('page_number_0').value = items_county_0;              }              else {                document.getElementById('page_number_0').value = x + 1;              }              break;            case 2:              document.getElementById('page_number_0').value = items_county_0;              break;            case -1:              if (x == 1) {                document.getElementById('page_number_0').value = 1;              }              else {                document.getElementById('page_number_0').value = x - 1;              }              break;            case -2:              document.getElementById('page_number_0').value = 1;              break;\t\t\t\t\t\tcase 0:              document.getElementById('page_number_0').value = x;              break;            default:              document.getElementById('page_number_0').value = 1;          }          bwg_ajax('gal_front_form_0', '0', 'bwg_thumbnails_0', '0', '', 'gallery', 0, '', '', load_more, '', 1);        }                    jQuery('.first-page-0').on('click', function () {              spider_page_0(this, 1, -2, 'numeric');              return false;            });            jQuery('.prev-page-0').on('click', function () {              spider_page_0(this, 1, -1, 'numeric');              return false;            });            jQuery('.next-page-0').on('click', function () {              spider_page_0(this, 1, 1, 'numeric');              return false;            });            jQuery('.last-page-0').on('click', function () {              spider_page_0(this, 1, 2, 'numeric');              return false;            });        \t\t\t\t\/* Change page on input enter. *\/        function bwg_change_page_0( e, that ) {          if (  e.key == 'Enter' ) {            var to_page = parseInt(jQuery(that).val());            var pages_count = jQuery(that).parents(\".pagination-links\").data(\"pages-count\");            var current_url_param = jQuery(that).attr('data-url-info');            if (to_page > pages_count) {              to_page = 1;            }\t \t\t\t\t\t\t\t\t\t\t\t\tspider_page_0(this, to_page, 0, 'numeric');\t\t\t\t\t\t\treturn false;\t\t\t\t\t\t          }          return true;        }        jQuery('.bwg_load_btn_0').on('click', function () {            spider_page_0(this, 1, 1, true);            return false;        });      <\/script>      <\/span>                <\/div>        <\/form>        <style>          #bwg_container1_0 #bwg_container2_0 #spider_popup_overlay_0 {          background-color: #000000;          opacity: 0.70;          }          <\/style>        <div id=\"bwg_spider_popup_loading_0\" class=\"bwg_spider_popup_loading\"><\/div>        <div id=\"spider_popup_overlay_0\" class=\"spider_popup_overlay\" onclick=\"spider_destroypopup(1000)\"><\/div>        <input type=\"hidden\" id=\"bwg_random_seed_0\" value=\"116219207\">                <\/div>    <\/div>    <script>      if (document.readyState === 'complete') {        if( typeof bwg_main_ready == 'function' ) {          if ( jQuery(\"#bwg_container1_0\").height() ) {            bwg_main_ready(jQuery(\"#bwg_container1_0\"));          }        }      } else {        document.addEventListener('DOMContentLoaded', function() {          if( typeof bwg_main_ready == 'function' ) {            if ( jQuery(\"#bwg_container1_0\").height() ) {             bwg_main_ready(jQuery(\"#bwg_container1_0\"));            }          }        });      }    <\/script>    \n<h4><strong>Cudowny obraz Matki Bo\u017cej Boreckiej <\/strong><\/h4>\n<p>Obraz Matki Bo\u017cej namalowany jest na desce o wymiarach 66 \u00d7 73,5 cm. Osadzony zosta\u0142 we wspania\u0142ych, a\u017curowych, bogato z\u0142oconych ramach. Nad nim znajduje si\u0119 go\u0142\u0119bica, a jeszcze wy\u017cej \u2013 B\u00f3g Ojciec. Ca\u0142o\u015b\u0107 niesie g\u0142\u0119bok\u0105 nauk\u0119 katechetyczn\u0105: B\u00f3g jest jeden w Tr\u00f3jcy Przenaj\u015bwi\u0119tszej. B\u00f3g Ojciec daje nam swojego Syna przez Maryj\u0119 za spraw\u0105 Ducha \u015awi\u0119tego, aby nas podnie\u015b\u0107 do udzia\u0142u w Boskiej naturze.<\/p>\n<p data-start=\"1742\" data-end=\"1927\">Obraz zazwyczaj zas\u0142aniany jest du\u017cym, godnym uwagi p\u0142\u00f3tnem przedstawiaj\u0105cym Matk\u0119 Bo\u017c\u0105 R\u00f3\u017ca\u0144cow\u0105, kt\u00f3ra podaje r\u00f3\u017caniec kl\u0119cz\u0105cym u Jej st\u00f3p \u015bw. Dominikowi i \u015bw. Katarzynie ze Sieny.<\/p>\n<p data-start=\"1929\" data-end=\"2379\">Cudowny Obraz przedstawia Maryj\u0119 w p\u00f3\u0142postaci \u2013 w lewej r\u0119ce trzyma Dzieci\u0119, praw\u0105 za\u015b, ca\u0142\u0105 d\u0142oni\u0105, wskazuje na Nie, jakby m\u00f3wi\u0142a: <em data-start=\"2061\" data-end=\"2117\">Id\u017acie do Jezusa, cokolwiek wam ka\u017ce czyni\u0107 \u2013 czy\u0144cie!<\/em> Suknia Maryi jest czerwona, p\u0142aszcz okrywaj\u0105cy g\u0142ow\u0119 i ca\u0142\u0105 posta\u0107 na zewn\u0105trz \u2013 turkusowy, a od wewn\u0105trz jasnozielony, ze z\u0142otymi oblam\u00f3wkami. Pod szyj\u0105 spi\u0119ty jest broszk\u0105. Dzieci\u0119 Jezus w lewej r\u0105czce trzyma ksi\u0119g\u0119, a praw\u0105, wzniesion\u0105 do g\u00f3ry, b\u0142ogos\u0142awi.<\/p>\n<p>&nbsp;<\/p>\n<h4 style=\"text-align: justify;\">ODPUSTY<\/h4>\n<p data-start=\"2450\" data-end=\"2773\">Najwi\u0119kszy odpust, kt\u00f3ry gromadzi rzesze wiernych, rozpoczyna si\u0119 w wigili\u0119 Wniebowzi\u0119cia Naj\u015bwi\u0119tszej Maryi Panny \u2013 14 sierpnia \u2013 tzw. obrz\u0119dem Za\u015bni\u0119cia i Pogrzebu Matki Bo\u017cej. Uroczysto\u015bci, kt\u00f3rym zwykle przewodniczy kt\u00f3ry\u015b z Ksi\u0119\u017cy Biskup\u00f3w, trwaj\u0105 do wieczora 15 sierpnia i gromadz\u0105 wielotysi\u0119czne t\u0142umy pielgrzym\u00f3w.<\/p>\n<p data-start=\"2775\" data-end=\"3278\">Opr\u00f3cz odpustu ku czci Matki Bo\u017cej Wniebowzi\u0119tej uroczy\u015bcie obchodzone jest tak\u017ce \u015awi\u0119to Zes\u0142ania Ducha \u015awi\u0119tego. Odpust rozpoczyna si\u0119 ju\u017c w sobot\u0119, wigilijn\u0105 Msz\u0105 \u015awi\u0119t\u0105. W niedziel\u0119, pomi\u0119dzy Mszami \u015awi\u0119tymi, trwa adoracja Naj\u015bwi\u0119tszego Sakramentu, a ca\u0142o\u015b\u0107 uroczysto\u015bci przed\u0142u\u017ca si\u0119 do poniedzia\u0142ku, kiedy obchodzone jest \u015bwi\u0119to Maryi, Matki Ko\u015bcio\u0142a. Tradycyjnie w tym dniu, na Msz\u0119 \u015awi\u0119t\u0105 o godz. 1100, pielgrzymuje do sanktuarium parafia z Borku Starego wraz z duszpasterzami.<\/p>\n<p data-start=\"3280\" data-end=\"3539\">Trzecim odpustem w sanktuarium jest uroczysto\u015b\u0107 Matki Bo\u017cej Kr\u00f3lowej R\u00f3\u017ca\u0144ca \u015awi\u0119tego, obchodzona corocznie w pierwsz\u0105 niedziel\u0119 pa\u017adziernika. W czasie mszy \u015bwi\u0119tej o godz. 11:00 odbywa si\u0119 procesja do pi\u0119ciu o\u0142tarzy, podczas kt\u00f3rej odmawiany jest r\u00f3\u017caniec.<\/p>\n<p data-start=\"3541\" data-end=\"3782\">Uroczy\u015bcie tak\u017ce \u2013 w Imi\u0119 Jezusa \u2013 rozpoczynany jest Nowy Rok. Zawsze po mszy \u015bwi\u0119tej o godz. 11.00 odbywa si\u0119 procesja eucharystyczna do pi\u0119ciu o\u0142tarzy, podczas kt\u00f3rej \u015bpiewana jest Koronka do Imienia Jezus \u2013 w intencji pokoju na \u015bwiecie.<\/p>\n<p data-start=\"3784\" data-end=\"4289\">Pobo\u017cno\u015b\u0107 mieszka\u0144c\u00f3w Borku Starego i okolicznych parafii wprowadzi\u0142a jeszcze jedno nabo\u017ce\u0144stwo \u2013 ku czci \u015bw. Piotra z Werony, 29 kwietnia. W tym dniu, podczas mszy \u015bwi\u0119tej sprawowanej o b\u0142ogos\u0142awie\u0144stwo Bo\u017ce dla rolnik\u00f3w w ich pracy, po\u015bwi\u0119cane s\u0105 krzy\u017cyki wykonane z ga\u0142\u0105zek. Po powrocie gospodarzy do dom\u00f3w krzy\u017cyki te umieszczane s\u0105 w zabudowaniach gospodarczych oraz wbijane w polu. Dzi\u0119ki wstawiennictwu \u015bw. Piotra z Werony staj\u0105 si\u0119 one zadatkiem Bo\u017cego b\u0142ogos\u0142awie\u0144stwa w trudnej pracy rolnik\u00f3w.<\/p>\n<p data-start=\"3784\" data-end=\"4289\">\n<p style=\"text-align: left;\">Na rozpocz\u0119cie ka\u017cdego nabo\u017ce\u0144stwa ods\u0142aniany jest Cudowny Obraz &#8211; w tym czasie przy wt\u00f3rze dzwonk\u00f3w \u015bpiewana jest pie\u015b\u0144:<\/p>\n<p style=\"text-align: left;\"><strong>Panno \u015bwi\u0119ta z Jasnej G\u00f3ry, Matk\u0105 ludu Ty\u015b jedyna,<\/strong><br \/>\n<strong>Co\u015b na tron Borek obra\u0142a, by nam zjedna\u0107 \u0142ask\u0119 Syna.<\/strong><br \/>\n<strong>O serc, Kr\u00f3lowo, niepokalana, o kr\u00f3luj sercom po wszystek czas.<\/strong><br \/>\n<strong>Ucz nas mi\u0142o\u015bci, zbli\u017caj do Pana, i nie opuszczaj przenigdy nas.<\/strong><\/p>\n<p style=\"text-align: left;\">A na zako\u0144czenie ka\u017cdego nabo\u017ce\u0144stwa w czasie zas\u0142aniania Obrazu \u015bpiewa si\u0119 nast\u0119puj\u0105c\u0105 pie\u015b\u0144:<\/p>\n<p style=\"text-align: left;\"><strong>O Maryjo, dobra Matko, przed Obrazem Twym kl\u0119kamy.<\/strong><br \/>\n<strong>Opiekuj si\u0119 nasz\u0105 chatk\u0105, o to Ciebie dzi\u015b b\u0142agamy.<\/strong><br \/>\n<strong>Gor\u0105co prosimy Ci\u0119. Nami wci\u0105\u017c opiekuj si\u0119.<\/strong><br \/>\n<strong>Wstaw si\u0119 za nami do Pana, o Maryjo kochana.<\/strong><br \/>\n<strong>Przyjm modlitwy biednych dzieci, nasze pro\u015bby i westchnienia.<\/strong><br \/>\n<strong>Niech do Ciebie pie\u015b\u0144 ta leci, pe\u0142na czci i uwielbienia.<\/strong><br \/>\n<strong>Gor\u0105co prosimy Ci\u0119. Nami wci\u0105\u017c opiekuj si\u0119.<\/strong><br \/>\n<strong>Wstaw si\u0119 za nami do Pana, nasza Matko kochana.<\/strong><\/p>\n","protected":false},"excerpt":{"rendered":"<p>Sanktuarium i klasztor &#8211; Historia W miejscu obecnego klasztoru ju\u017c w roku 1418 istnia\u0142 ko\u015bci\u00f3\u0142 \u015awi\u0119tego Krzy\u017ca wraz z kaplic\u0105 Naj\u015bwi\u0119tszej Maryi Panny, kt\u00f3ry w roku 1420 po\u015bwi\u0119ci\u0142 arcybiskup lwowski Jan Rzeszowski. Ko\u015bci\u00f3\u0142 oo. Dominikan\u00f3w w Borku Starym, pw. Wniebowzi\u0119cia Naj\u015bwi\u0119tszej Maryi Panny, wraz z klasztorem, ufundowa\u0142 w roku 1669 ks. Maciej Nowicki, kanonik kolegiaty&hellip; <br \/> <a class=\"read-more\" href=\"https:\/\/borekstary.przemyska.pl\/index.php\/klasztor-oo-dominikanow\/\">Dowiedz si\u0119 wi\u0119cej<\/a><\/p>\n","protected":false},"author":1,"featured_media":866,"parent":0,"menu_order":0,"comment_status":"closed","ping_status":"closed","template":"","meta":{"footnotes":""},"class_list":["post-549","page","type-page","status-publish","has-post-thumbnail","hentry"],"_links":{"self":[{"href":"https:\/\/borekstary.przemyska.pl\/index.php\/wp-json\/wp\/v2\/pages\/549","targetHints":{"allow":["GET"]}}],"collection":[{"href":"https:\/\/borekstary.przemyska.pl\/index.php\/wp-json\/wp\/v2\/pages"}],"about":[{"href":"https:\/\/borekstary.przemyska.pl\/index.php\/wp-json\/wp\/v2\/types\/page"}],"author":[{"embeddable":true,"href":"https:\/\/borekstary.przemyska.pl\/index.php\/wp-json\/wp\/v2\/users\/1"}],"replies":[{"embeddable":true,"href":"https:\/\/borekstary.przemyska.pl\/index.php\/wp-json\/wp\/v2\/comments?post=549"}],"version-history":[{"count":8,"href":"https:\/\/borekstary.przemyska.pl\/index.php\/wp-json\/wp\/v2\/pages\/549\/revisions"}],"predecessor-version":[{"id":3285,"href":"https:\/\/borekstary.przemyska.pl\/index.php\/wp-json\/wp\/v2\/pages\/549\/revisions\/3285"}],"wp:featuredmedia":[{"embeddable":true,"href":"https:\/\/borekstary.przemyska.pl\/index.php\/wp-json\/wp\/v2\/media\/866"}],"wp:attachment":[{"href":"https:\/\/borekstary.przemyska.pl\/index.php\/wp-json\/wp\/v2\/media?parent=549"}],"curies":[{"name":"wp","href":"https:\/\/api.w.org\/{rel}","templated":true}]}}