{"id":534,"date":"2021-03-11T10:00:52","date_gmt":"2021-03-11T09:00:52","guid":{"rendered":"https:\/\/borekstary.przemyska.pl\/?page_id=534"},"modified":"2025-08-18T11:02:45","modified_gmt":"2025-08-18T09:02:45","slug":"namaszczenie-chorych","status":"publish","type":"page","link":"https:\/\/borekstary.przemyska.pl\/index.php\/namaszczenie-chorych\/","title":{"rendered":"Namaszczenie chorych"},"content":{"rendered":"<p><img loading=\"lazy\" decoding=\"async\" class=\"size-medium wp-image-568 alignleft\" src=\"https:\/\/borekstary.przemyska.pl\/wp-content\/uploads\/2021\/03\/namaszczenie-chorych-2-300x180.jpg\" alt=\"\" width=\"300\" height=\"180\" srcset=\"https:\/\/borekstary.przemyska.pl\/wp-content\/uploads\/2021\/03\/namaszczenie-chorych-2-300x180.jpg 300w, https:\/\/borekstary.przemyska.pl\/wp-content\/uploads\/2021\/03\/namaszczenie-chorych-2-768x461.jpg 768w, https:\/\/borekstary.przemyska.pl\/wp-content\/uploads\/2021\/03\/namaszczenie-chorych-2.jpg 848w\" sizes=\"auto, (max-width: 300px) 100vw, 300px\" \/><\/p>\n<p data-start=\"171\" data-end=\"528\"><strong data-start=\"171\" data-end=\"207\">W ka\u017cdy pierwszy pi\u0105tek miesi\u0105ca<\/strong> przed po\u0142udniem kap\u0142ani naszej parafii udaj\u0105 si\u0119 do chorych, dzi\u0119ki czemu ka\u017cdy cierpi\u0105cy ma mo\u017cliwo\u015b\u0107 skorzystania z <strong>sakramentu pokuty oraz przyj\u0119cia pierwszopi\u0105tkowej Komunii \u015awi\u0119tej<\/strong>. W razie potrzeby udzielany jest tak\u017ce <strong>sakrament namaszczenia chorych<\/strong>. Adresy chorych prosimy zg\u0142asza\u0107 w zakrystii lub telefonicznie.<\/p>\n<p data-start=\"171\" data-end=\"528\"><strong><em>W przypadkach nag\u0142ych nale\u017cy wzywa\u0107 kap\u0142ana w dowolnym czasie.<\/em><\/strong><\/p>\n<p data-start=\"596\" data-end=\"1190\"><strong>Sakrament namaszczenia chorych<\/strong> zaliczany jest do sakrament\u00f3w uzdrowienia. Najcz\u0119\u015bciej sprawowany jest przez kapelan\u00f3w szpitalnych, kt\u00f3rzy spiesz\u0105 z pomoc\u0105 duchow\u0105 osobom umieraj\u0105cym. Nie jest to jednak \u2013 jak dawniej okre\u015blano \u2013 <em>\u201eostatnie namaszczenie\u201d<\/em>, lecz <strong>pomoc dla osoby chorej lub umieraj\u0105cej<\/strong>, dzi\u0119ki kt\u00f3rej Zmartwychwsta\u0142y Pan moc\u0105 swego Ducha uzdalnia wiernego do znoszenia choroby, wzgl\u0119dnie udziela \u0142aski spokojnego przej\u015bcia do \u017cycia wiecznego. Ko\u015bci\u00f3\u0142 wierzy i wyznaje, \u017ce w\u015br\u00f3d siedmiu sakrament\u00f3w istnieje ten jeden, specjalnie przeznaczony do umocnienia os\u00f3b dotkni\u0119tych chorob\u0105.<\/p>\n<h4 data-start=\"1192\" data-end=\"1246\">Kto mo\u017ce przyj\u0105\u0107 sakrament namaszczenia chorych?<\/h4>\n<p data-start=\"1247\" data-end=\"1537\">Sakrament ten u niekt\u00f3rych katolik\u00f3w rodzi wiele l\u0119k\u00f3w i obaw, co wynika z przekonania, \u017ce jest to ostatnia rzecz, jak\u0105 mo\u017cna otrzyma\u0107 w \u017cyciu. Tymczasem nie udziela si\u0119 go jedynie konaj\u0105cym. Mo\u017ce go przyj\u0105\u0107 osoba powa\u017cnie chora, os\u0142abiona przez wiek albo udaj\u0105ca si\u0119 na powa\u017cn\u0105 operacj\u0119.<\/p>\n<p data-start=\"1539\" data-end=\"1872\">Namaszczenia nie udziela si\u0119 cz\u0142owiekowi, kt\u00f3ry ju\u017c umar\u0142. <em data-start=\"1598\" data-end=\"1870\">\u201eKap\u0142an wezwany do chorego, kt\u00f3ry ju\u017c umar\u0142, niech b\u0142aga Boga, aby go uwolni\u0142 od grzech\u00f3w i przyj\u0105\u0142 lito\u015bciwie do swego Kr\u00f3lestwa; namaszczenia natomiast niech nie udziela. Je\u015bli istnieje w\u0105tpliwo\u015b\u0107, czy chory zmar\u0142 naprawd\u0119, mo\u017ce mu udzieli\u0107 tego sakramentu warunkowo.\u201d<\/em><\/p>\n<p data-start=\"1874\" data-end=\"1993\">Sakrament ten mo\u017cna przyj\u0105\u0107 wielokrotnie, np. w przypadku wielokrotnego popadania w powa\u017cn\u0105 chorob\u0119. Mo\u017ce go przyj\u0105\u0107:<\/p>\n<ul data-start=\"1994\" data-end=\"2275\">\n<li data-start=\"1994\" data-end=\"2106\">\n<p data-start=\"1996\" data-end=\"2106\">ka\u017cdy chory, je\u015bli choroba zagra\u017ca jego \u017cyciu, jest d\u0142ugotrwa\u0142a lub je\u015bli ochrzczony jest w podesz\u0142ym wieku;<\/p>\n<\/li>\n<li data-start=\"2107\" data-end=\"2194\">\n<p data-start=\"2109\" data-end=\"2194\">chore dzieci, je\u015bli maj\u0105 przynajmniej og\u00f3ln\u0105 \u015bwiadomo\u015b\u0107 dokonuj\u0105cych si\u0119 czynno\u015bci;<\/p>\n<\/li>\n<li data-start=\"2195\" data-end=\"2275\">\n<p data-start=\"2197\" data-end=\"2275\">chorzy nieprzytomni, je\u015bli mo\u017cna przypuszcza\u0107, \u017ce prosiliby o ten sakrament.<\/p>\n<\/li>\n<\/ul>\n<p data-start=\"2277\" data-end=\"2431\">Je\u015bli nast\u0105pi\u0142a ju\u017c \u015bmier\u0107 biologiczna, sakramentu udziela\u0107 nie mo\u017cna. Wtedy pozostaje jedynie modlitwa za zmar\u0142ego, np. Koronka do Bo\u017cego Mi\u0142osierdzia.<\/p>\n<p data-start=\"2433\" data-end=\"2640\">Chory nie powinien zwleka\u0107 z przyj\u0119ciem sakramentu do ostatniej chwili \u017cycia. W poczuciu chrze\u015bcija\u0144skiej odpowiedzialno\u015bci rodzina powinna w por\u0119 powiadomi\u0107 kap\u0142ana o potrzebie udzielenia tego sakramentu.<\/p>\n<h4 data-start=\"2642\" data-end=\"2690\">W jaki spos\u00f3b udziela si\u0119 tego sakramentu?<\/h4>\n<p data-start=\"2691\" data-end=\"2789\">Sakramentu udziela kap\u0142an, namaszczaj\u0105c chorego na czole i d\u0142oniach olejami, wypowiadaj\u0105c s\u0142owa:<\/p>\n<p data-start=\"2791\" data-end=\"2995\"><em data-start=\"2791\" data-end=\"2993\">\u201ePrzez to \u015bwi\u0119te namaszczenie niech Pan w swoim niesko\u0144czonym mi\u0142osierdziu wspomo\u017ce ciebie \u0142ask\u0105 Ducha \u015awi\u0119tego. Amen.<br data-start=\"2910\" data-end=\"2913\" \/>Pan, kt\u00f3ry odpuszcza ci grzechy, niech ci\u0119 wybawi i \u0142askawie pod\u017awignie. Amen.\u201d<\/em><\/p>\n<h4 data-start=\"2997\" data-end=\"3049\">Jakie \u0142aski otrzymuje chory w tym sakramencie?<\/h4>\n<p data-start=\"3050\" data-end=\"3422\">Sakrament chorych s\u0142u\u017cy nie tylko przygotowaniu cz\u0142owieka na \u015bmier\u0107, lecz tak\u017ce umacnia go w cierpieniach. <em data-start=\"3157\" data-end=\"3420\">\u201eCz\u0142owiek niebezpiecznie chory potrzebuje szczeg\u00f3lnej \u0142aski Bo\u017cej, aby pod wp\u0142ywem l\u0119ku nie upad\u0142 na duchu i podlegaj\u0105c pokusom nie zachwia\u0142 si\u0119 w wierze. Dlatego Chrystus w sakramencie namaszczenia daje swoim wiernym, dotkni\u0119tym chorob\u0105, pot\u0119\u017cn\u0105 moc i obron\u0119.\u201d<\/em><\/p>\n<p data-start=\"3424\" data-end=\"3480\">Sakrament udziela choremu \u0142aski Ducha \u015awi\u0119tego, kt\u00f3ra:<\/p>\n<ul data-start=\"3481\" data-end=\"3679\">\n<li data-start=\"3481\" data-end=\"3507\">\n<p data-start=\"3483\" data-end=\"3507\">umacnia ufno\u015b\u0107 w Bogu,<\/p>\n<\/li>\n<li data-start=\"3508\" data-end=\"3562\">\n<p data-start=\"3510\" data-end=\"3562\">uzbraja przeciw pokusom szatana i trwodze \u015bmierci,<\/p>\n<\/li>\n<li data-start=\"3563\" data-end=\"3679\">\n<p data-start=\"3565\" data-end=\"3679\">pozwala znosi\u0107 cierpienia, a niekiedy tak\u017ce je przezwyci\u0119\u017cy\u0107 i odzyska\u0107 zdrowie, je\u015bli to s\u0142u\u017cy zbawieniu duszy.<\/p>\n<\/li>\n<\/ul>\n<p data-start=\"3681\" data-end=\"3785\">Je\u015bli jest to potrzebne, sakrament odpuszcza grzechy i staje si\u0119 dope\u0142nieniem chrze\u015bcija\u0144skiej pokuty.<\/p>\n<p data-start=\"3787\" data-end=\"4000\">Ko\u015bci\u00f3\u0142 zach\u0119ca wszystkich cierpi\u0105cych, chorych i umieraj\u0105cych, aby \u015bwiadomie \u0142\u0105czyli si\u0119 z m\u0119k\u0105 i \u015bmierci\u0105 Chrystusa, przysparzaj\u0105c w ten spos\u00f3b dobra ca\u0142emu Ludowi Bo\u017cemu i przyczyniaj\u0105c si\u0119 do jego zbawienia.<\/p>\n<h4 data-start=\"4002\" data-end=\"4059\">Co nale\u017cy przygotowa\u0107, wzywaj\u0105c kap\u0142ana do chorego?<\/h4>\n<p data-start=\"4060\" data-end=\"4347\">Nale\u017cy przygotowa\u0107 <strong>stolik przykryty bia\u0142ym obrusem<\/strong>, na kt\u00f3rym stawia si\u0119 <strong>zapalone \u015bwiece, krzy\u017c, wod\u0119 \u015bwi\u0119con\u0105 i troch\u0119 waty<\/strong>. Je\u015bli nie ma wody \u015bwi\u0119conej, mo\u017cna u\u017cy\u0107 zwyk\u0142ej, prosz\u0105c kap\u0142ana o jej po\u015bwi\u0119cenie. Na tak przygotowanym stole kap\u0142an k\u0142adzie Naj\u015bwi\u0119tszy Sakrament oraz oleje.<\/p>\n<p data-start=\"4349\" data-end=\"4663\">Przez sakrament namaszczenia Chrystus umacnia cierpi\u0105cego, w\u0142\u0105cza go w tajemnic\u0119 swojej m\u0119ki i \u015bmierci, odpuszcza grzechy i u\u015bwi\u0119ca. Dzi\u0119ki \u0142asce tego sakramentu chory lub umieraj\u0105cy zyskuje pomoc dla w\u0142asnego zbawienia, a r\u00f3wnocze\u015bnie przez swoje cierpienie i \u015bmier\u0107 przymna\u017ca zbawczych dar\u00f3w ca\u0142emu Ko\u015bcio\u0142owi.<\/p>\n<h4 data-start=\"4665\" data-end=\"4692\">Przygotowanie chorego<\/h4>\n<p data-start=\"4693\" data-end=\"4895\">Najwa\u017cniejszy udzia\u0142 w niesieniu ulgi choremu maj\u0105 najbli\u017csi \u2013 rodzina, krewni, przyjaciele oraz opiekunowie. To ich obowi\u0105zkiem moralnym jest w por\u0119 wezwa\u0107 kap\u0142ana i przygotowa\u0107 chorego do spotkania.<\/p>\n<p data-start=\"4897\" data-end=\"5125\">Trzeba wyja\u015bni\u0107 choremu, \u017ce pro\u015bba o sakrament nie oznacza ko\u0144ca \u017cycia, lecz niesie umocnienie i \u0142ask\u0119. Je\u015bli podejrzewamy, \u017ce \u015bmier\u0107 jest bliska, tym bardziej nale\u017cy pom\u00f3c mu przej\u015b\u0107 do \u017cycia wiecznego ze spokojnym sumieniem.<\/p>\n<p data-start=\"5127\" data-end=\"5303\">Rodzina mo\u017ce wsp\u00f3lnie pom\u00f3c w rachunku sumienia, wzbudzeniu \u017calu za grzechy czy uspokoi\u0107 chorego w kwestii postu eucharystycznego \u2013 w jego sytuacji nie obowi\u0105zuje on w pe\u0142ni.<\/p>\n<p data-start=\"5305\" data-end=\"5489\">Podczas spowiedzi nale\u017cy pozostawi\u0107 chorego sam na sam z kap\u0142anem, zachowuj\u0105c w tym czasie cisz\u0119 i modlitw\u0119 w s\u0105siednim pomieszczeniu. Mo\u017cna wtedy odm\u00f3wi\u0107 Litani\u0119 w intencji chorego.<\/p>\n","protected":false},"excerpt":{"rendered":"<p>W ka\u017cdy pierwszy pi\u0105tek miesi\u0105ca przed po\u0142udniem kap\u0142ani naszej parafii udaj\u0105 si\u0119 do chorych, dzi\u0119ki czemu ka\u017cdy cierpi\u0105cy ma mo\u017cliwo\u015b\u0107 skorzystania z sakramentu pokuty oraz przyj\u0119cia pierwszopi\u0105tkowej Komunii \u015awi\u0119tej. W razie potrzeby udzielany jest tak\u017ce sakrament namaszczenia chorych. Adresy chorych prosimy zg\u0142asza\u0107 w zakrystii lub telefonicznie. W przypadkach nag\u0142ych nale\u017cy wzywa\u0107 kap\u0142ana w dowolnym czasie.&hellip; <br \/> <a class=\"read-more\" href=\"https:\/\/borekstary.przemyska.pl\/index.php\/namaszczenie-chorych\/\">Dowiedz si\u0119 wi\u0119cej<\/a><\/p>\n","protected":false},"author":1,"featured_media":568,"parent":0,"menu_order":0,"comment_status":"closed","ping_status":"closed","template":"","meta":{"footnotes":""},"class_list":["post-534","page","type-page","status-publish","has-post-thumbnail","hentry"],"_links":{"self":[{"href":"https:\/\/borekstary.przemyska.pl\/index.php\/wp-json\/wp\/v2\/pages\/534","targetHints":{"allow":["GET"]}}],"collection":[{"href":"https:\/\/borekstary.przemyska.pl\/index.php\/wp-json\/wp\/v2\/pages"}],"about":[{"href":"https:\/\/borekstary.przemyska.pl\/index.php\/wp-json\/wp\/v2\/types\/page"}],"author":[{"embeddable":true,"href":"https:\/\/borekstary.przemyska.pl\/index.php\/wp-json\/wp\/v2\/users\/1"}],"replies":[{"embeddable":true,"href":"https:\/\/borekstary.przemyska.pl\/index.php\/wp-json\/wp\/v2\/comments?post=534"}],"version-history":[{"count":9,"href":"https:\/\/borekstary.przemyska.pl\/index.php\/wp-json\/wp\/v2\/pages\/534\/revisions"}],"predecessor-version":[{"id":3311,"href":"https:\/\/borekstary.przemyska.pl\/index.php\/wp-json\/wp\/v2\/pages\/534\/revisions\/3311"}],"wp:featuredmedia":[{"embeddable":true,"href":"https:\/\/borekstary.przemyska.pl\/index.php\/wp-json\/wp\/v2\/media\/568"}],"wp:attachment":[{"href":"https:\/\/borekstary.przemyska.pl\/index.php\/wp-json\/wp\/v2\/media?parent=534"}],"curies":[{"name":"wp","href":"https:\/\/api.w.org\/{rel}","templated":true}]}}