{"id":532,"date":"2021-03-11T10:00:40","date_gmt":"2021-03-11T09:00:40","guid":{"rendered":"https:\/\/borekstary.przemyska.pl\/?page_id=532"},"modified":"2025-08-18T10:56:19","modified_gmt":"2025-08-18T08:56:19","slug":"malzenstwo","status":"publish","type":"page","link":"https:\/\/borekstary.przemyska.pl\/index.php\/malzenstwo\/","title":{"rendered":"Ma\u0142\u017ce\u0144stwo"},"content":{"rendered":"<h3 style=\"text-align: justify;\"><img loading=\"lazy\" decoding=\"async\" class=\" wp-image-566 alignleft\" src=\"https:\/\/borekstary.przemyska.pl\/wp-content\/uploads\/2021\/03\/malzenstwo-300x163.jpg\" alt=\"\" width=\"325\" height=\"177\" srcset=\"https:\/\/borekstary.przemyska.pl\/wp-content\/uploads\/2021\/03\/malzenstwo-300x163.jpg 300w, https:\/\/borekstary.przemyska.pl\/wp-content\/uploads\/2021\/03\/malzenstwo.jpg 735w\" sizes=\"auto, (max-width: 325px) 100vw, 325px\" \/><strong data-start=\"255\" data-end=\"297\">Przygotowanie do sakramentu ma\u0142\u017ce\u0144stwa<\/strong><\/h3>\n<p data-start=\"301\" data-end=\"509\">Narzeczeni maj\u0105 obowi\u0105zek zg\u0142osi\u0107 si\u0119 do kancelarii parafialnej <strong data-start=\"365\" data-end=\"420\">najp\u00f3\u017aniej trzy miesi\u0105ce przed planowan\u0105 dat\u0105 \u015blubu<\/strong>, aby m\u00f3c dope\u0142ni\u0107 wszystkich formalno\u015bci wymaganych przez prawo ko\u015bcielne i pa\u0144stwowe.<\/p>\n<p data-start=\"511\" data-end=\"798\">\u015alub wa\u017cnie mo\u017cna zawiera\u0107 jedynie na terenie w\u0142asnej parafii narzeczonego lub narzeczonej. Do \u015blubu w innym ko\u015bciele wymagana jest <strong data-start=\"643\" data-end=\"655\">licencja<\/strong> \u2013 specjalna zgoda proboszcza jednej ze stron, kt\u00f3r\u0105 mo\u017cna otrzyma\u0107 dopiero po zako\u0144czeniu formalnego przygotowania do sakramentu ma\u0142\u017ce\u0144stwa.<\/p>\n<h4 data-start=\"800\" data-end=\"851\">Dokumenty wymagane przy pierwszym zg\u0142oszeniu:<\/h4>\n<ul data-start=\"852\" data-end=\"1270\">\n<li data-start=\"852\" data-end=\"871\">\n<p data-start=\"854\" data-end=\"871\">dow\u00f3d osobisty,<\/p>\n<\/li>\n<li data-start=\"872\" data-end=\"998\">\n<p data-start=\"874\" data-end=\"998\">za\u015bwiadczenie z USC (3 egz.) uprawniaj\u0105ce do tzw. \u015blubu konkordatowego lub odpis aktu wcze\u015bniej zawartego \u015blubu cywilnego,<\/p>\n<\/li>\n<li data-start=\"999\" data-end=\"1059\">\n<p data-start=\"1001\" data-end=\"1059\">aktualne \u015bwiadectwo chrztu (nie starsze ni\u017c 6 miesi\u0119cy),<\/p>\n<\/li>\n<li data-start=\"1060\" data-end=\"1145\">\n<p data-start=\"1062\" data-end=\"1145\">\u015bwiadectwo bierzmowania (je\u015bli nie ma adnotacji o bierzmowaniu w metryce chrztu),<\/p>\n<\/li>\n<li data-start=\"1146\" data-end=\"1196\">\n<p data-start=\"1148\" data-end=\"1196\">w przypadku wdowc\u00f3w \u2013 akt zgonu wsp\u00f3\u0142ma\u0142\u017conka,<\/p>\n<\/li>\n<li data-start=\"1197\" data-end=\"1270\">\n<p data-start=\"1199\" data-end=\"1270\">\u015bwiadectwo religii z ostatniej klasy szko\u0142y lub indeks katechetyczny.<\/p>\n<\/li>\n<\/ul>\n<h4 data-start=\"1272\" data-end=\"1323\">Przygotowanie duchowe do ma\u0142\u017ce\u0144stwa obejmuje:<\/h4>\n<ul data-start=\"1324\" data-end=\"1512\">\n<li data-start=\"1324\" data-end=\"1419\">\n<p data-start=\"1326\" data-end=\"1419\">dwukrotn\u0105 spowied\u017a \u015bwi\u0119t\u0105 \u2013 po og\u0142oszeniu zapowiedzi oraz w ostatnim tygodniu przed \u015blubem,<\/p>\n<\/li>\n<li data-start=\"1420\" data-end=\"1459\">\n<p data-start=\"1422\" data-end=\"1459\">uko\u0144czenie kursu przedma\u0142\u017ce\u0144skiego,<\/p>\n<\/li>\n<li data-start=\"1460\" data-end=\"1512\">\n<p data-start=\"1462\" data-end=\"1512\">trzy indywidualne spotkania w Poradni Rodzinnej.<\/p>\n<\/li>\n<\/ul>\n<p data-start=\"1514\" data-end=\"1652\">Filmowanie i fotografowanie podczas uroczysto\u015bci \u015blubnej podlega przepisom liturgicznym i musi by\u0107 wcze\u015bniej uzgodnione z duszpasterzem.<\/p>\n<p data-start=\"1654\" data-end=\"1742\">Na spisanie protoko\u0142u przed\u015blubnego nale\u017cy <strong data-start=\"1697\" data-end=\"1739\">wcze\u015bniej um\u00f3wi\u0107 si\u0119 z ks. Proboszczem<\/strong>.<\/p>\n","protected":false},"excerpt":{"rendered":"<p>Przygotowanie do sakramentu ma\u0142\u017ce\u0144stwa Narzeczeni maj\u0105 obowi\u0105zek zg\u0142osi\u0107 si\u0119 do kancelarii parafialnej najp\u00f3\u017aniej trzy miesi\u0105ce przed planowan\u0105 dat\u0105 \u015blubu, aby m\u00f3c dope\u0142ni\u0107 wszystkich formalno\u015bci wymaganych przez prawo ko\u015bcielne i pa\u0144stwowe. \u015alub wa\u017cnie mo\u017cna zawiera\u0107 jedynie na terenie w\u0142asnej parafii narzeczonego lub narzeczonej. Do \u015blubu w innym ko\u015bciele wymagana jest licencja \u2013 specjalna zgoda proboszcza jednej&hellip; <br \/> <a class=\"read-more\" href=\"https:\/\/borekstary.przemyska.pl\/index.php\/malzenstwo\/\">Dowiedz si\u0119 wi\u0119cej<\/a><\/p>\n","protected":false},"author":1,"featured_media":566,"parent":0,"menu_order":0,"comment_status":"closed","ping_status":"closed","template":"","meta":{"footnotes":""},"class_list":["post-532","page","type-page","status-publish","has-post-thumbnail","hentry"],"_links":{"self":[{"href":"https:\/\/borekstary.przemyska.pl\/index.php\/wp-json\/wp\/v2\/pages\/532","targetHints":{"allow":["GET"]}}],"collection":[{"href":"https:\/\/borekstary.przemyska.pl\/index.php\/wp-json\/wp\/v2\/pages"}],"about":[{"href":"https:\/\/borekstary.przemyska.pl\/index.php\/wp-json\/wp\/v2\/types\/page"}],"author":[{"embeddable":true,"href":"https:\/\/borekstary.przemyska.pl\/index.php\/wp-json\/wp\/v2\/users\/1"}],"replies":[{"embeddable":true,"href":"https:\/\/borekstary.przemyska.pl\/index.php\/wp-json\/wp\/v2\/comments?post=532"}],"version-history":[{"count":15,"href":"https:\/\/borekstary.przemyska.pl\/index.php\/wp-json\/wp\/v2\/pages\/532\/revisions"}],"predecessor-version":[{"id":3310,"href":"https:\/\/borekstary.przemyska.pl\/index.php\/wp-json\/wp\/v2\/pages\/532\/revisions\/3310"}],"wp:featuredmedia":[{"embeddable":true,"href":"https:\/\/borekstary.przemyska.pl\/index.php\/wp-json\/wp\/v2\/media\/566"}],"wp:attachment":[{"href":"https:\/\/borekstary.przemyska.pl\/index.php\/wp-json\/wp\/v2\/media?parent=532"}],"curies":[{"name":"wp","href":"https:\/\/api.w.org\/{rel}","templated":true}]}}