{"id":524,"date":"2021-03-11T09:32:50","date_gmt":"2021-03-11T08:32:50","guid":{"rendered":"https:\/\/borekstary.przemyska.pl\/?page_id=524"},"modified":"2025-11-18T12:34:18","modified_gmt":"2025-11-18T11:34:18","slug":"i-komunia","status":"publish","type":"page","link":"https:\/\/borekstary.przemyska.pl\/index.php\/i-komunia\/","title":{"rendered":"I Komunia \u015bwi\u0119ta"},"content":{"rendered":"<p><img loading=\"lazy\" decoding=\"async\" class=\"size-medium wp-image-564 alignleft\" src=\"https:\/\/borekstary.przemyska.pl\/wp-content\/uploads\/2021\/03\/I-komunia-300x200.jpg\" alt=\"\" width=\"300\" height=\"200\" srcset=\"https:\/\/borekstary.przemyska.pl\/wp-content\/uploads\/2021\/03\/I-komunia-300x200.jpg 300w, https:\/\/borekstary.przemyska.pl\/wp-content\/uploads\/2021\/03\/I-komunia-1024x681.jpg 1024w, https:\/\/borekstary.przemyska.pl\/wp-content\/uploads\/2021\/03\/I-komunia-768x511.jpg 768w, https:\/\/borekstary.przemyska.pl\/wp-content\/uploads\/2021\/03\/I-komunia-1536x1022.jpg 1536w, https:\/\/borekstary.przemyska.pl\/wp-content\/uploads\/2021\/03\/I-komunia-2048x1363.jpg 2048w, https:\/\/borekstary.przemyska.pl\/wp-content\/uploads\/2021\/03\/I-komunia-1623x1080.jpg 1623w\" sizes=\"auto, (max-width: 300px) 100vw, 300px\" \/><\/p>\n<p><span style=\"color: #000000;\">Do <strong>Pierwszej Komunii \u015awi\u0119tej<\/strong> przyst\u0119puj\u0105 dzieci ucz\u0119szczaj\u0105ce do <strong>III klasy szko\u0142y podstawowej<\/strong>. Jest to wyj\u0105tkowy czas w \u017cyciu dziecka i ca\u0142ej rodziny \u2013 moment szczeg\u00f3lnego spotkania z Jezusem obecnym w Eucharystii.<\/span><\/p>\n<p data-start=\"347\" data-end=\"694\"><span style=\"color: #000000;\">Przygotowanie do przyj\u0119cia tego sakramentu obejmuje zar\u00f3wno katechez\u0119 szkoln\u0105, jak i spotkania formacyjne w parafii. Spotkania dla dzieci i ich rodzic\u00f3w odbywaj\u0105 si\u0119 <strong data-start=\"513\" data-end=\"552\">w wyznaczon\u0105 niedziele miesi\u0105ca (jest to zapowiadane podczas og\u0142osze\u0144). <\/strong>Spotkania te s\u0105 okazj\u0105 do pog\u0142\u0119bienia wiedzy religijnej, wsp\u00f3lnej modlitwy oraz bezpo\u015bredniego przygotowania do liturgii Pierwszej Komunii \u015awi\u0119tej.<\/span><\/p>\n<p data-start=\"696\" data-end=\"928\"><span style=\"color: #000000;\">Zasad\u0105 jest, \u017ce dziecko przyst\u0119puje do Pierwszej Komunii \u015awi\u0119tej <strong data-start=\"761\" data-end=\"783\">we w\u0142asnej parafii<\/strong>, w kt\u00f3rej wraz z rodzin\u0105 uczestniczy w \u017cyciu wsp\u00f3lnoty.<\/span><\/p>\n<p data-start=\"930\" data-end=\"1133\"><span style=\"color: #000000;\">Rodzice, jako pierwsi \u015bwiadkowie wiary, s\u0105 zaproszeni do aktywnego udzia\u0142u w tym przygotowaniu, aby umacnia\u0107 swoje dzieci przyk\u0142adem \u017cycia chrze\u015bcija\u0144skiego, modlitw\u0105 i obecno\u015bci\u0105 podczas Mszy \u015awi\u0119tej.<\/span><\/p>\n","protected":false},"excerpt":{"rendered":"<p>Do Pierwszej Komunii \u015awi\u0119tej przyst\u0119puj\u0105 dzieci ucz\u0119szczaj\u0105ce do III klasy szko\u0142y podstawowej. Jest to wyj\u0105tkowy czas w \u017cyciu dziecka i ca\u0142ej rodziny \u2013 moment szczeg\u00f3lnego spotkania z Jezusem obecnym w Eucharystii. Przygotowanie do przyj\u0119cia tego sakramentu obejmuje zar\u00f3wno katechez\u0119 szkoln\u0105, jak i spotkania formacyjne w parafii. Spotkania dla dzieci i ich rodzic\u00f3w odbywaj\u0105 si\u0119 w&hellip; <br \/> <a class=\"read-more\" href=\"https:\/\/borekstary.przemyska.pl\/index.php\/i-komunia\/\">Dowiedz si\u0119 wi\u0119cej<\/a><\/p>\n","protected":false},"author":1,"featured_media":564,"parent":0,"menu_order":0,"comment_status":"closed","ping_status":"closed","template":"","meta":{"footnotes":""},"class_list":["post-524","page","type-page","status-publish","has-post-thumbnail","hentry"],"_links":{"self":[{"href":"https:\/\/borekstary.przemyska.pl\/index.php\/wp-json\/wp\/v2\/pages\/524","targetHints":{"allow":["GET"]}}],"collection":[{"href":"https:\/\/borekstary.przemyska.pl\/index.php\/wp-json\/wp\/v2\/pages"}],"about":[{"href":"https:\/\/borekstary.przemyska.pl\/index.php\/wp-json\/wp\/v2\/types\/page"}],"author":[{"embeddable":true,"href":"https:\/\/borekstary.przemyska.pl\/index.php\/wp-json\/wp\/v2\/users\/1"}],"replies":[{"embeddable":true,"href":"https:\/\/borekstary.przemyska.pl\/index.php\/wp-json\/wp\/v2\/comments?post=524"}],"version-history":[{"count":18,"href":"https:\/\/borekstary.przemyska.pl\/index.php\/wp-json\/wp\/v2\/pages\/524\/revisions"}],"predecessor-version":[{"id":3626,"href":"https:\/\/borekstary.przemyska.pl\/index.php\/wp-json\/wp\/v2\/pages\/524\/revisions\/3626"}],"wp:featuredmedia":[{"embeddable":true,"href":"https:\/\/borekstary.przemyska.pl\/index.php\/wp-json\/wp\/v2\/media\/564"}],"wp:attachment":[{"href":"https:\/\/borekstary.przemyska.pl\/index.php\/wp-json\/wp\/v2\/media?parent=524"}],"curies":[{"name":"wp","href":"https:\/\/api.w.org\/{rel}","templated":true}]}}