{"id":522,"date":"2021-03-11T09:32:40","date_gmt":"2021-03-11T08:32:40","guid":{"rendered":"https:\/\/borekstary.przemyska.pl\/?page_id=522"},"modified":"2025-08-18T10:53:17","modified_gmt":"2025-08-18T08:53:17","slug":"bierzmowanie","status":"publish","type":"page","link":"https:\/\/borekstary.przemyska.pl\/index.php\/bierzmowanie\/","title":{"rendered":"Bierzmowanie"},"content":{"rendered":"<p><img loading=\"lazy\" decoding=\"async\" class=\" wp-image-560 alignleft\" src=\"https:\/\/borekstary.przemyska.pl\/wp-content\/uploads\/2021\/03\/Bierzmowanie-1-300x254.jpg\" alt=\"\" width=\"257\" height=\"218\" srcset=\"https:\/\/borekstary.przemyska.pl\/wp-content\/uploads\/2021\/03\/Bierzmowanie-1-300x254.jpg 300w, https:\/\/borekstary.przemyska.pl\/wp-content\/uploads\/2021\/03\/Bierzmowanie-1.jpg 530w\" sizes=\"auto, (max-width: 257px) 100vw, 257px\" \/>Przygotowanie do <strong>sakramentu bierzmowania w Parafii Borek Stary<\/strong> obejmuje wiele aspekt\u00f3w \u017cycia religijnego. Wskazania, wed\u0142ug kt\u00f3rych dokonuje si\u0119 formacja, zawarte s\u0105 w dokumentach Konferencji Episkopatu Polski oraz w statutach Synodu Archidiecezji Przemyskiej.<\/p>\n<p data-start=\"517\" data-end=\"679\">Formacja do bierzmowania trwa trzy lata. Rozpoczyna si\u0119 w klasie VI szko\u0142y podstawowej, a jej zwie\u0144czeniem jest przyj\u0119cie sakramentu bierzmowania w klasie VIII. <span style=\"background-color: transparent;\">O dopuszczeniu do sakramentu bierzmowania decyduje proboszcz parafii, we wsp\u00f3\u0142pracy z katechet\u0105 odpowiedzialnym za przygotowanie kandydat\u00f3w.<\/span><\/p>\n<p data-start=\"681\" data-end=\"860\">Bardzo wa\u017cne jest, aby kandydaci systematycznie i w pe\u0142ni uczestniczyli w sakramentach, w katechezie szkolnej i parafialnej. Konieczna jest tak\u017ce znajomo\u015b\u0107 g\u0142\u00f3wnych prawd wiary.<\/p>\n<p style=\"text-align: justify;\"><strong><span style=\"color: #334e7d;\">SPOTKANIA FORMACYJNE DLA KANDYDAT\u00d3W DO BIERZMOWANIA ODBYWAJ\u0104 SI\u0118 W DRUG\u0104 i TRZECI\u0104 NIEDZIEL\u0118 MIESI\u0104CA W KO\u015aCIELE PARAFIALNYM W BORKU STARYM:<\/span><br \/>\n<\/strong><span style=\"color: #334e7d;\"><strong style=\"background-color: transparent;\">6 SP<\/strong><span style=\"background-color: transparent;\">\u2013 w\u00a0<\/span><strong style=\"background-color: transparent;\">drug\u0105 <\/strong><\/span><span style=\"background-color: transparent;\">niedziel\u0119 o godz. 11.00 w miesi\u0105ce nieparzyste (wrzesie\u0144, listopad, stycze\u0144, marzec, maj)<br \/>\n<\/span><span style=\"color: #334e7d;\"><strong style=\"background-color: transparent;\">7 SP<\/strong><span style=\"background-color: transparent;\">\u2013 w\u00a0<\/span><strong style=\"background-color: transparent;\">drug\u0105 <\/strong><\/span><span style=\"background-color: transparent;\">niedziel\u0119 o godz. 11.00 w miesi\u0105ce parzyste (pa\u017adziernik, grudzie\u0144, luty, kwiecie\u0144, czerwiec).<br \/>\n<\/span><span style=\"color: #334e7d;\"><strong style=\"background-color: transparent;\">8 SP<\/strong><span style=\"background-color: transparent;\">\u2013 w\u00a0<\/span><\/span><strong style=\"background-color: transparent;\"><span style=\"color: #334e7d;\">trzeci\u0105<\/span>\u00a0<\/strong><span style=\"background-color: transparent;\">niedziel\u0119 o godz. 11.00 (co miesi\u0105c).<br \/>\n<\/span><\/p>\n<p><span style=\"color: #808080;\">UWAGA! Powy\u017csze \u00a0terminy spotka\u0144 s\u0105 orientacyjne i mog\u0105 ulec zmianie, o czym poinformujemy w OG\u0141OSZENIACH bie\u017c\u0105cych.<\/span><\/p>\n<hr \/>\n<p style=\"text-align: justify;\"><span style=\"color: #334e7d;\"><strong>WYMAGANIA STAWIANE KANDYDATOM:<\/strong><\/span><\/p>\n<p style=\"text-align: left;\"><span style=\"color: #334e7d;\"><strong>Etap I &#8211; kl. 6 Szko\u0142y Podstawowej<\/strong><\/span><\/p>\n<ul>\n<li style=\"text-align: left;\">Przedstawienie pisemnej pro\u015bby o w\u0142\u0105czenie do grona os\u00f3b przygotowuj\u0105cych si\u0119 do sakramentu bierzmowania.<\/li>\n<li style=\"text-align: left;\">Spotkania formacyjne co drugi miesi\u0105c<\/li>\n<li style=\"text-align: left;\">Comiesi\u0119czna spowied\u017a potwierdzona wpisem do indeksu<\/li>\n<li style=\"text-align: left;\">Udzia\u0142 w niedzielnej Eucharystii<\/li>\n<li style=\"text-align: left;\">Regularne i aktywne uczestnictwo w katechezie szkolnej<\/li>\n<li style=\"text-align: left;\">Udzia\u0142 w nabo\u017ce\u0144stwach r\u00f3\u017ca\u0144cowych, Roratach, Drogach Krzy\u017cowych, Gorzkich \u017balach, maj\u00f3wkach itp.<\/li>\n<\/ul>\n<p style=\"text-align: left;\"><span style=\"color: #334e7d;\"><strong>Etap II\u00a0 &#8211; kl. 7 Szko\u0142y Podstawowej:<\/strong><\/span><\/p>\n<ul>\n<li style=\"text-align: left;\">Spotkania formacyjne co drugi miesi\u0105c<\/li>\n<li style=\"text-align: left;\">Comiesi\u0119czna spowied\u017a potwierdzona wpisem do indeksu<\/li>\n<li style=\"text-align: left;\">Udzia\u0142 w niedzielnej Eucharystii<\/li>\n<li style=\"text-align: left;\">Regularne i aktywne uczestnictwo w katechezie szkolnej<\/li>\n<li style=\"text-align: left;\">Udzia\u0142: w nabo\u017ce\u0144stwach r\u00f3\u017ca\u0144cowych, Roratach, Drogach Krzy\u017cowych, Gorzkich \u017balach, maj\u00f3wkach itp.<\/li>\n<\/ul>\n<p style=\"text-align: left;\"><span style=\"color: #334e7d;\"><strong>Etap III &#8211; kl. 8 Szko\u0142y Podstawowej:<\/strong><\/span><\/p>\n<ul>\n<li style=\"text-align: left;\">Comiesi\u0119czne spotkania formacyjne<\/li>\n<li style=\"text-align: left;\">Comiesi\u0119czna spowied\u017a potwierdzona wpisem do indeksu<\/li>\n<li style=\"text-align: left;\">Udzia\u0142 w niedzielnej Eucharystii<\/li>\n<li style=\"text-align: left;\">Regularne i aktywne uczestnictwo w katechezie szkolnej<\/li>\n<li style=\"text-align: left;\">Wykazanie si\u0119 wiedz\u0105 z zakresu g\u0142\u00f3wnych prawd religijnych<\/li>\n<li style=\"text-align: left;\">Udzia\u0142: w nabo\u017ce\u0144stwach r\u00f3\u017ca\u0144cowych, Roratach, Drogach Krzy\u017cowych, Gorzkich \u017balach, maj\u00f3wkach itp.<\/li>\n<li style=\"text-align: left;\">Udzia\u0142 w trzydniowych rekolekcjach zamkni\u0119tych<\/li>\n<li style=\"text-align: left;\">Wyb\u00f3r imienia \u015bwi\u0119tego Patrona do bierzmowania.<\/li>\n<\/ul>\n<p>&nbsp;<\/p>\n<p style=\"text-align: left;\"><span style=\"color: #334e7d;\"><strong>Wskazania Konferencji Episkopatu Polski dotycz\u0105ce sakramentu bierzmowania:<\/strong><\/span><\/p>\n<ol>\n<li style=\"text-align: left;\">Ka\u017cdy ochrzczony mo\u017ce i powinien przyj\u0105\u0107 ten sakrament, gdy\u017c bez niego wtajemniczenie chrze\u015bcija\u0144skie pozostaje niedope\u0142nione.<\/li>\n<li style=\"text-align: left;\">Uprzywilejowanym miejscem przygotowania bli\u017cszego i bezpo\u015bredniego do sakramentu bierzmowania jest parafia zamieszkania, a nie parafia, na terenie kt\u00f3rej znajduje si\u0119 szko\u0142a.<\/li>\n<li style=\"text-align: left;\">\u015awiadkami bierzmowania powinni by\u0107 \u2013 rodzice chrzestni, o ile s\u0105 nadal wierz\u0105cymi i praktykuj\u0105cymi katolikami. Tam, gdzie nie jest to mo\u017cliwe, \u015bwiadkiem mo\u017ce by\u0107 inna osoba \u2013 wierz\u0105ca i praktykuj\u0105ca, kt\u00f3ra uko\u0144czy\u0142a 16 lat i przyj\u0119\u0142a sakrament bierzmowania.<\/li>\n<li style=\"text-align: left;\">Przyj\u0119cie sakramentu mo\u017cliwe jest \u201enajwcze\u015bniej na zako\u0144czenie klasy VIII, jako wa\u017cne dope\u0142nienie edukacji na etapie szko\u0142y podstawowej.<\/li>\n<li style=\"text-align: left;\">Do bierzmowania powinna przyst\u0119powa\u0107 m\u0142odzie\u017c, kt\u00f3ra odznacza si\u0119 dojrza\u0142o\u015bci\u0105 intelektualn\u0105, emocjonaln\u0105 i religijn\u0105 adekwatnie do swojego wieku oraz mo\u017cliwo\u015bci.<\/li>\n<li style=\"text-align: left;\">Je\u015bli \u015bwiadek bierzmowania nie jest znany proboszczowi powinien przedstawi\u0107 stosowne za\u015bwiadczenie z parafii swojego zamieszkania, stwierdzaj\u0105ce brak przeszk\u00f3d do pe\u0142nienia tej funkcji. \u015awiadkami nie mog\u0105 by\u0107 naturalni rodzice bierzmowanego<\/li>\n<\/ol>\n<p style=\"text-align: left;\"><em>Nowe wskazania dotycz\u0105ce przygotowania do sakramentu bierzmowania zosta\u0142y zatwierdzone przez biskup\u00f3w podczas 375. Zebrania Plenarnego KEP, kt\u00f3re mia\u0142o miejsce w Warszawie 13 i 14 marca 2017 r.<\/em><\/p>\n<p>&nbsp;<\/p>\n","protected":false},"excerpt":{"rendered":"<p>Przygotowanie do sakramentu bierzmowania w Parafii Borek Stary obejmuje wiele aspekt\u00f3w \u017cycia religijnego. Wskazania, wed\u0142ug kt\u00f3rych dokonuje si\u0119 formacja, zawarte s\u0105 w dokumentach Konferencji Episkopatu Polski oraz w statutach Synodu Archidiecezji Przemyskiej. Formacja do bierzmowania trwa trzy lata. Rozpoczyna si\u0119 w klasie VI szko\u0142y podstawowej, a jej zwie\u0144czeniem jest przyj\u0119cie sakramentu bierzmowania w klasie VIII.&hellip; <br \/> <a class=\"read-more\" href=\"https:\/\/borekstary.przemyska.pl\/index.php\/bierzmowanie\/\">Dowiedz si\u0119 wi\u0119cej<\/a><\/p>\n","protected":false},"author":1,"featured_media":560,"parent":0,"menu_order":0,"comment_status":"closed","ping_status":"closed","template":"","meta":{"footnotes":""},"class_list":["post-522","page","type-page","status-publish","has-post-thumbnail","hentry"],"_links":{"self":[{"href":"https:\/\/borekstary.przemyska.pl\/index.php\/wp-json\/wp\/v2\/pages\/522","targetHints":{"allow":["GET"]}}],"collection":[{"href":"https:\/\/borekstary.przemyska.pl\/index.php\/wp-json\/wp\/v2\/pages"}],"about":[{"href":"https:\/\/borekstary.przemyska.pl\/index.php\/wp-json\/wp\/v2\/types\/page"}],"author":[{"embeddable":true,"href":"https:\/\/borekstary.przemyska.pl\/index.php\/wp-json\/wp\/v2\/users\/1"}],"replies":[{"embeddable":true,"href":"https:\/\/borekstary.przemyska.pl\/index.php\/wp-json\/wp\/v2\/comments?post=522"}],"version-history":[{"count":27,"href":"https:\/\/borekstary.przemyska.pl\/index.php\/wp-json\/wp\/v2\/pages\/522\/revisions"}],"predecessor-version":[{"id":3306,"href":"https:\/\/borekstary.przemyska.pl\/index.php\/wp-json\/wp\/v2\/pages\/522\/revisions\/3306"}],"wp:featuredmedia":[{"embeddable":true,"href":"https:\/\/borekstary.przemyska.pl\/index.php\/wp-json\/wp\/v2\/media\/560"}],"wp:attachment":[{"href":"https:\/\/borekstary.przemyska.pl\/index.php\/wp-json\/wp\/v2\/media?parent=522"}],"curies":[{"name":"wp","href":"https:\/\/api.w.org\/{rel}","templated":true}]}}