{"id":199,"date":"2021-03-10T09:26:49","date_gmt":"2021-03-10T08:26:49","guid":{"rendered":"https:\/\/borekstary.przemyska.pl\/?page_id=199"},"modified":"2025-08-15T12:22:28","modified_gmt":"2025-08-15T10:22:28","slug":"roze-zywego-rozanca","status":"publish","type":"page","link":"https:\/\/borekstary.przemyska.pl\/index.php\/roze-zywego-rozanca\/","title":{"rendered":"R\u00f3\u017ce \u017bywego R\u00f3\u017ca\u0144ca"},"content":{"rendered":"<p>&nbsp;<\/p>\n<p style=\"text-align: left;\"><strong><img loading=\"lazy\" decoding=\"async\" class=\"size-full wp-image-923 alignleft\" src=\"https:\/\/borekstary.przemyska.pl\/wp-content\/uploads\/2021\/03\/zrsolec-2.png\" alt=\"\" width=\"231\" height=\"221\" \/><\/strong><\/p>\n<h4 data-start=\"176\" data-end=\"247\"><strong data-start=\"176\" data-end=\"247\">STATUT R\u00d3\u017b \u017bYWEGO R\u00d3\u017bA\u0143CA ARCHIDIECEZJI PRZEMYSKIEJ z 07.10.2004 r.<\/strong><\/h4>\n<p data-start=\"249\" data-end=\"261\"><strong>I. Nazwa<\/strong><\/p>\n<ol data-start=\"262\" data-end=\"842\">\n<li data-start=\"262\" data-end=\"673\">\n<p data-start=\"265\" data-end=\"673\">R\u00f3\u017ce \u017bywego R\u00f3\u017ca\u0144ca jako grupy modlitewne s\u0105 ruchem o charakterze modlitewno-formacyjnym. W Ko\u015bciele katolickim istniej\u0105 na mocy zatwierdzenia papie\u017ca Grzegorza XVI z dnia 29 stycznia 1832 r. W archidiecezji natomiast istniej\u0105 i dzia\u0142aj\u0105 na mocy Synodu Archidiecezji Przemyskiej, kt\u00f3ry okre\u015bla je jako zas\u0142u\u017con\u0105 instytucj\u0119 dla inspiracji modlitewnej i apostolskiej (st. 79 Synodu) oraz niniejszego Statutu.<\/p>\n<\/li>\n<li data-start=\"674\" data-end=\"842\">\n<p data-start=\"677\" data-end=\"842\">Nazwa \u201eR\u00f3\u017ce \u017bywego R\u00f3\u017ca\u0144ca\u201d oznacza wsp\u00f3lnot\u0119 wierz\u0105cych zjednoczonych przy Matce Bo\u017cej R\u00f3\u017ca\u0144cowej przez gorliw\u0105 modlitw\u0119 polegaj\u0105c\u0105 na medytacji tajemnic zbawienia.<\/p>\n<\/li>\n<\/ol>\n<p data-start=\"844\" data-end=\"855\"><strong>II. Cel<\/strong><\/p>\n<p data-start=\"856\" data-end=\"926\">Cz\u0142onkowie \u017bywego R\u00f3\u017ca\u0144ca maj\u0105 na celu, za pomoc\u0105 wsp\u00f3lnej modlitwy:<\/p>\n<ul data-start=\"927\" data-end=\"1610\">\n<li data-start=\"927\" data-end=\"971\">\n<p data-start=\"929\" data-end=\"971\">troszczy\u0107 si\u0119 o pomno\u017cenie kultu Bo\u017cego;<\/p>\n<\/li>\n<li data-start=\"972\" data-end=\"1034\">\n<p data-start=\"974\" data-end=\"1034\">stara\u0107 si\u0119 o dochowanie wierno\u015bci Bogu w \u017cyciu codziennym;<\/p>\n<\/li>\n<li data-start=\"1035\" data-end=\"1080\">\n<p data-start=\"1037\" data-end=\"1080\">dba\u0107 o wzrost duchowy nale\u017c\u0105cych do R\u00f3\u017cy;<\/p>\n<\/li>\n<li data-start=\"1081\" data-end=\"1128\">\n<p data-start=\"1083\" data-end=\"1128\">troszczy\u0107 si\u0119 o zbawienie wszystkich ludzi;<\/p>\n<\/li>\n<li data-start=\"1129\" data-end=\"1167\">\n<p data-start=\"1131\" data-end=\"1167\">stawa\u0107 w obronie wiary i Ko\u015bcio\u0142a;<\/p>\n<\/li>\n<li data-start=\"1168\" data-end=\"1229\">\n<p data-start=\"1170\" data-end=\"1229\">modli\u0107 si\u0119 o jedno\u015b\u0107 Ko\u015bcio\u0142a i zjednoczenie chrze\u015bcijan;<\/p>\n<\/li>\n<li data-start=\"1230\" data-end=\"1610\">\n<p data-start=\"1232\" data-end=\"1610\">w\u0142\u0105cza\u0107 si\u0119 w dzia\u0142ania Ko\u015bcio\u0142a lokalnego (r\u00f3\u017cnego rodzaju dzie\u0142a pobo\u017cno\u015bci, \u015bwiadczenie mi\u0142o\u015bci chrze\u015bcija\u0144skiej, troska o chorych, niesienie ratunku umieraj\u0105cym oraz dzia\u0142ania maj\u0105ce na celu nawr\u00f3cenie grzesznik\u00f3w, uwolnienie dusz z ognia czy\u015b\u0107cowego oraz wyproszenie u Boga wszystkim ludziom wielorakich dar\u00f3w). (Zob. Jan XXIII, List Ap. do O. P. Peytona z r. 1963 i 1964).<\/p>\n<\/li>\n<\/ul>\n<p data-start=\"1612\" data-end=\"1630\"><strong><span style=\"color: #333333;\">III. Struktura<\/span><\/strong><\/p>\n<p data-start=\"1631\" data-end=\"1973\">Grupami R\u00f3\u017c \u017bywego R\u00f3\u017ca\u0144ca w Archidiecezji Przemyskiej kieruje Biskup Diecezjalny przez wyznaczonego duszpasterza diecezjalnego, kt\u00f3ry wraz z powo\u0142anymi kap\u0142anami z poszczeg\u00f3lnych archiprezbiterat\u00f3w tworzy Archidiecezjaln\u0105 Konsult\u0119 R\u00f3\u017c \u017bywego R\u00f3\u017ca\u0144ca. Do Konsulty mog\u0105 tak\u017ce nale\u017ce\u0107 kap\u0142ani kieruj\u0105cy poszczeg\u00f3lnymi dzia\u0142ami duszpasterstwa.<\/p>\n<p data-start=\"1975\" data-end=\"2189\">W ka\u017cdym archiprezbiteracie dzia\u0142a Konsulta Archiprezbiteralna, na czele kt\u00f3rej stoi kap\u0142an b\u0119d\u0105cy cz\u0142onkiem Konsulty Archidiecezjalnej. W sk\u0142ad tej Konsulty wchodz\u0105 wyznaczeni kap\u0142ani z poszczeg\u00f3lnych dekanat\u00f3w.<\/p>\n<p data-start=\"2191\" data-end=\"2478\">Kap\u0142an z dekanatu wraz z przedstawicielami \u015bwieckimi poszczeg\u00f3lnych parafii (zelatorami), wyznaczonymi przez ksi\u0119\u017cy proboszcz\u00f3w, tworz\u0105 Konsult\u0119 Dekanaln\u0105. W spotkaniach tej Konsulty mog\u0105 uczestniczy\u0107 tak\u017ce duszpasterze odpowiedzialni w poszczeg\u00f3lnych parafiach za R\u00f3\u017ce \u017bywego R\u00f3\u017ca\u0144ca.<\/p>\n<p data-start=\"2480\" data-end=\"2754\">W parafiach dzia\u0142aj\u0105 Konsulty Parafialne, kt\u00f3rymi kieruje ksi\u0105dz proboszcz b\u0105d\u017a wyznaczony przez niego duszpasterz. Sk\u0142adaj\u0105 si\u0119 one ze wszystkich zelator\u00f3w R\u00f3\u017c funkcjonuj\u0105cych w parafii. Spo\u015br\u00f3d tej Konsulty ksi\u0105dz proboszcz wyznacza przedstawiciela do Konsulty Dekanalnej.<\/p>\n<p data-start=\"2756\" data-end=\"2771\"><strong><span style=\"color: #333333;\">IV. Zadania<\/span><\/strong><\/p>\n<p data-start=\"2773\" data-end=\"2821\">A) Zadania Duszpasterza R\u00f3\u017c \u017bywego R\u00f3\u017ca\u0144ca:<\/p>\n<ul data-start=\"2822\" data-end=\"3527\">\n<li data-start=\"2822\" data-end=\"2891\">\n<p data-start=\"2824\" data-end=\"2891\">Sam codziennie odmawia R\u00f3\u017caniec i bardzo sobie ceni jego warto\u015b\u0107;<\/p>\n<\/li>\n<li data-start=\"2892\" data-end=\"2955\">\n<p data-start=\"2894\" data-end=\"2955\">Zna swoj\u0105 grup\u0119 i rozwija w niej dzia\u0142alno\u015b\u0107 duszpastersk\u0105;<\/p>\n<\/li>\n<li data-start=\"2956\" data-end=\"3022\">\n<p data-start=\"2958\" data-end=\"3022\">Przyjmuje cz\u0142onk\u00f3w do \u017bywego R\u00f3\u017ca\u0144ca i dba o Ksi\u0119g\u0119 R\u00f3\u017ca\u0144cow\u0105;<\/p>\n<\/li>\n<li data-start=\"3023\" data-end=\"3149\">\n<p data-start=\"3025\" data-end=\"3149\">Co kwarta\u0142 wyg\u0142asza konferencj\u0119 do wszystkich cz\u0142onk\u00f3w \u017bywego R\u00f3\u017ca\u0144ca, mo\u017ce im wy\u015bwietla\u0107 filmy r\u00f3\u017ca\u0144cowe, misyjne i inne;<\/p>\n<\/li>\n<li data-start=\"3150\" data-end=\"3244\">\n<p data-start=\"3152\" data-end=\"3244\">Prowadzi miesi\u0119czn\u0105 zmian\u0119 tajemnic, zapowiada intencj\u0119 modlitewn\u0105 oraz odpusty r\u00f3\u017ca\u0144cowe;<\/p>\n<\/li>\n<li data-start=\"3245\" data-end=\"3306\">\n<p data-start=\"3247\" data-end=\"3306\">Dba o rozw\u00f3j i opraw\u0119 liturgiczn\u0105 nabo\u017ce\u0144stw r\u00f3\u017ca\u0144cowych;<\/p>\n<\/li>\n<li data-start=\"3307\" data-end=\"3395\">\n<p data-start=\"3309\" data-end=\"3395\">Wsp\u00f3\u0142pracuje z katechetami w celu przyjmowania do \u017bywego R\u00f3\u017ca\u0144ca dzieci i m\u0142odzie\u017cy;<\/p>\n<\/li>\n<li data-start=\"3396\" data-end=\"3527\">\n<p data-start=\"3398\" data-end=\"3527\">Wsp\u00f3\u0142pracuje z Duszpasterzem Dekanalnym, Archiprezbiteralnym i Diecezjalnym w dziele krzewienia r\u00f3\u017cnych form modlitwy r\u00f3\u017ca\u0144cowej.<\/p>\n<\/li>\n<\/ul>\n<p data-start=\"3529\" data-end=\"3553\">B) Zadania Konsult:<\/p>\n<ul data-start=\"3554\" data-end=\"3891\">\n<li data-start=\"3554\" data-end=\"3597\">\n<p data-start=\"3556\" data-end=\"3597\">Bliska wsp\u00f3\u0142praca z Konsult\u0105 nadrz\u0119dn\u0105;<\/p>\n<\/li>\n<li data-start=\"3598\" data-end=\"3649\">\n<p data-start=\"3600\" data-end=\"3649\">Planowanie dzia\u0142a\u0144 duszpasterskich na ca\u0142y rok;<\/p>\n<\/li>\n<li data-start=\"3650\" data-end=\"3716\">\n<p data-start=\"3652\" data-end=\"3716\">Wsp\u00f3\u0142odpowiedzialno\u015b\u0107 za ca\u0142okszta\u0142t pracy R\u00f3\u017c \u017bywego R\u00f3\u017ca\u0144ca;<\/p>\n<\/li>\n<li data-start=\"3717\" data-end=\"3770\">\n<p data-start=\"3719\" data-end=\"3770\">Poszukiwanie sposob\u00f3w o\u017cywienia istniej\u0105cych R\u00f3\u017c;<\/p>\n<\/li>\n<li data-start=\"3771\" data-end=\"3812\">\n<p data-start=\"3773\" data-end=\"3812\">Inspirowanie do tworzenia nowych R\u00f3\u017c;<\/p>\n<\/li>\n<li data-start=\"3813\" data-end=\"3891\">\n<p data-start=\"3815\" data-end=\"3891\">Organizowanie spotka\u0144 dwa razy w roku w celu zrealizowania powy\u017cszych zada\u0144.<\/p>\n<\/li>\n<\/ul>\n<p data-start=\"3893\" data-end=\"3918\">C) Zadania Zelatora:<\/p>\n<ul data-start=\"3919\" data-end=\"4467\">\n<li data-start=\"3919\" data-end=\"4126\">\n<p data-start=\"3921\" data-end=\"4126\">Stara si\u0119 o zaprowadzenie ducha wsp\u00f3lnoty w\u015br\u00f3d cz\u0142onk\u00f3w swojej R\u00f3\u017cy poprzez wsp\u00f3lne spotkania w czasie nabo\u017ce\u0144stw, wyjazdy na rekolekcje formacyjne lub pielgrzymki do sanktuari\u00f3w, spotkania towarzyskie;<\/p>\n<\/li>\n<li data-start=\"4127\" data-end=\"4221\">\n<p data-start=\"4129\" data-end=\"4221\">Zach\u0119ca cz\u0142onk\u00f3w do gorliwej dzia\u0142alno\u015bci apostolskiej, zw\u0142aszcza w\u015br\u00f3d chorych i ubogich;<\/p>\n<\/li>\n<li data-start=\"4222\" data-end=\"4332\">\n<p data-start=\"4224\" data-end=\"4332\">Czuwa, by R\u00f3\u017ca posiada\u0142a pe\u0142ny sk\u0142ad \u2013 dwadzie\u015bcia os\u00f3b; jest to jeden z wa\u017cniejszych obowi\u0105zk\u00f3w zelatora;<\/p>\n<\/li>\n<li data-start=\"4333\" data-end=\"4400\">\n<p data-start=\"4335\" data-end=\"4400\">Pilnuje, aby R\u00f3\u017ca wype\u0142nia\u0142a zlecone sobie zadania apostolskie;<\/p>\n<\/li>\n<li data-start=\"4401\" data-end=\"4467\">\n<p data-start=\"4403\" data-end=\"4467\">Utrzymuje sta\u0142\u0105 \u0142\u0105czno\u015b\u0107 mi\u0119dzy R\u00f3\u017c\u0105 a odpowiedzialnym kap\u0142anem.<\/p>\n<\/li>\n<\/ul>\n<p data-start=\"4469\" data-end=\"4513\">D) Zadania Cz\u0142onk\u00f3w R\u00f3\u017c \u017bywego R\u00f3\u017ca\u0144ca:<\/p>\n<ul data-start=\"4514\" data-end=\"5033\">\n<li data-start=\"4514\" data-end=\"4653\">\n<p data-start=\"4516\" data-end=\"4653\">Zasadniczym obowi\u0105zkiem jest odmawianie codziennie jednego dziesi\u0105tka r\u00f3\u017ca\u0144ca po wpisaniu si\u0119 do Parafialnej Ksi\u0119gi R\u00f3\u017c \u017bywego R\u00f3\u017ca\u0144ca;<\/p>\n<\/li>\n<li data-start=\"4654\" data-end=\"4708\">\n<p data-start=\"4656\" data-end=\"4708\">Udzia\u0142 w miesi\u0119cznej zmianie tajemnic r\u00f3\u017ca\u0144cowych;<\/p>\n<\/li>\n<li data-start=\"4709\" data-end=\"4797\">\n<p data-start=\"4711\" data-end=\"4797\">Cz\u0119ste przyst\u0119powanie do Sakrament\u00f3w \u015bwi\u0119tych oraz udzia\u0142 w nabo\u017ce\u0144stwach maryjnych;<\/p>\n<\/li>\n<li data-start=\"4798\" data-end=\"4870\">\n<p data-start=\"4800\" data-end=\"4870\">Rozszerzanie czci Maryi przyk\u0142adem \u017cycia i dzia\u0142alno\u015bci\u0105 apostolsk\u0105;<\/p>\n<\/li>\n<li data-start=\"4871\" data-end=\"4940\">\n<p data-start=\"4873\" data-end=\"4940\">Odwa\u017cne stawanie w obronie wiary i Ko\u015bcio\u0142a na wz\u00f3r \u015bw. Dominika;<\/p>\n<\/li>\n<li data-start=\"4941\" data-end=\"5033\">\n<p data-start=\"4943\" data-end=\"5033\">Udzia\u0142 w pogrzebie zmar\u0142ego cz\u0142onka \u017bywego R\u00f3\u017ca\u0144ca oraz w modlitwach za spok\u00f3j jego duszy.<\/p>\n<\/li>\n<\/ul>\n<hr data-start=\"5035\" data-end=\"5038\" \/>\n<p data-start=\"5040\" data-end=\"5179\">Statut powy\u017cszy zatwierdzam na okres pi\u0119ciu lat. Aprobata Statutu ulega przed\u0142u\u017ceniu, o ile zainteresowani nie wnios\u0105 o jego nowelizacj\u0119.<\/p>\n<p data-start=\"5181\" data-end=\"5264\">(-) abp. J\u00f3zef Michalik \u2013 Metropolita Przemyski<br data-start=\"5225\" data-end=\"5228\" \/>(-) ks. J\u00f3zef Bar \u2013 Kanclerz Kurii<\/p>\n<p style=\"text-align: left;\"><strong>\u00a0<\/strong><\/p>\n<p><strong>Zmiana tajemnic r\u00f3\u017ca\u0144cowych odbywa si\u0119 w ka\u017cd\u0105 pierwsz\u0105 niedziel\u0119 miesi\u0105ca na Mszach \u015bw.<\/strong><\/p>\n","protected":false},"excerpt":{"rendered":"<p>&nbsp; STATUT R\u00d3\u017b \u017bYWEGO R\u00d3\u017bA\u0143CA ARCHIDIECEZJI PRZEMYSKIEJ z 07.10.2004 r. I. Nazwa R\u00f3\u017ce \u017bywego R\u00f3\u017ca\u0144ca jako grupy modlitewne s\u0105 ruchem o charakterze modlitewno-formacyjnym. W Ko\u015bciele katolickim istniej\u0105 na mocy zatwierdzenia papie\u017ca Grzegorza XVI z dnia 29 stycznia 1832 r. W archidiecezji natomiast istniej\u0105 i dzia\u0142aj\u0105 na mocy Synodu Archidiecezji Przemyskiej, kt\u00f3ry okre\u015bla je jako zas\u0142u\u017con\u0105&hellip; <br \/> <a class=\"read-more\" href=\"https:\/\/borekstary.przemyska.pl\/index.php\/roze-zywego-rozanca\/\">Dowiedz si\u0119 wi\u0119cej<\/a><\/p>\n","protected":false},"author":1,"featured_media":0,"parent":0,"menu_order":0,"comment_status":"closed","ping_status":"closed","template":"","meta":{"footnotes":""},"class_list":["post-199","page","type-page","status-publish","hentry"],"_links":{"self":[{"href":"https:\/\/borekstary.przemyska.pl\/index.php\/wp-json\/wp\/v2\/pages\/199","targetHints":{"allow":["GET"]}}],"collection":[{"href":"https:\/\/borekstary.przemyska.pl\/index.php\/wp-json\/wp\/v2\/pages"}],"about":[{"href":"https:\/\/borekstary.przemyska.pl\/index.php\/wp-json\/wp\/v2\/types\/page"}],"author":[{"embeddable":true,"href":"https:\/\/borekstary.przemyska.pl\/index.php\/wp-json\/wp\/v2\/users\/1"}],"replies":[{"embeddable":true,"href":"https:\/\/borekstary.przemyska.pl\/index.php\/wp-json\/wp\/v2\/comments?post=199"}],"version-history":[{"count":13,"href":"https:\/\/borekstary.przemyska.pl\/index.php\/wp-json\/wp\/v2\/pages\/199\/revisions"}],"predecessor-version":[{"id":3242,"href":"https:\/\/borekstary.przemyska.pl\/index.php\/wp-json\/wp\/v2\/pages\/199\/revisions\/3242"}],"wp:attachment":[{"href":"https:\/\/borekstary.przemyska.pl\/index.php\/wp-json\/wp\/v2\/media?parent=199"}],"curies":[{"name":"wp","href":"https:\/\/api.w.org\/{rel}","templated":true}]}}