{"id":193,"date":"2021-03-10T09:18:15","date_gmt":"2021-03-10T08:18:15","guid":{"rendered":"https:\/\/borekstary.przemyska.pl\/?page_id=193"},"modified":"2025-09-03T11:54:53","modified_gmt":"2025-09-03T09:54:53","slug":"akcja-katolicka","status":"publish","type":"page","link":"https:\/\/borekstary.przemyska.pl\/index.php\/akcja-katolicka\/","title":{"rendered":"Akcja Katolicka"},"content":{"rendered":"<p>&nbsp;<\/p>\n<p style=\"text-align: left;\"><img loading=\"lazy\" decoding=\"async\" class=\"alignleft wp-image-496 size-full\" src=\"https:\/\/borekstary.przemyska.pl\/wp-content\/uploads\/2021\/03\/Akcja-katolicka.jpg\" alt=\"\" width=\"208\" height=\"300\" \/><\/p>\n<p data-start=\"211\" data-end=\"628\"><strong data-start=\"211\" data-end=\"230\">Akcja Katolicka<\/strong> jest stowarzyszeniem katolik\u00f3w \u015bwieckich, kt\u00f3rzy w zorganizowanej formie \u015bci\u015ble wsp\u00f3\u0142pracuj\u0105 z hierarchi\u0105 ko\u015bcieln\u0105 w realizacji og\u00f3lnego celu apostolskiego Ko\u015bcio\u0142a. Papie\u017c Jan Pawe\u0142 II, m\u00f3wi\u0105c o wiernych \u015bwieckich, kt\u00f3rzy \u201ewinni poczu\u0107 si\u0119 rzeczywistymi podmiotami w \u017cyciu Ko\u015bcio\u0142a\u201d, wskaza\u0142 na szczeg\u00f3lne znaczenie Akcji Katolickiej w ich formacji. Dlatego postulowa\u0142 jej odrodzenie w Polsce.<\/p>\n<p data-start=\"630\" data-end=\"1086\">Akcja Katolicka w Polsce powsta\u0142a w 1930 roku. Po wojnie, dekretem w\u0142adz komunistycznych z 1948 roku, zosta\u0142a rozwi\u0105zana. Reaktywacja nast\u0105pi\u0142a w 1995 r. podczas wizyty polskich biskup\u00f3w w Rzymie. Patronem Akcji Katolickiej w Polsce jest \u015bw. Wojciech, a w archidiecezji przemyskiej \u2013 \u015bw. Andrzej Bobola. Akcja Katolicka posiada sw\u00f3j sztandar i hymn, a logo Akcji Katolickiej to litery \u201eAK\u201d wpisane w krzy\u017c. Dzia\u0142a pod zwierzchnictwem biskupa diecezjalnego.<\/p>\n<p>&nbsp;<\/p>\n<p>&nbsp;<\/p>\n<p>&nbsp;<\/p>\n<p><strong>Akcja Katolicka realizuje nast\u0119puj\u0105ce cele:<\/strong><\/p>\n<ul>\n<li data-start=\"1166\" data-end=\"1200\">\n<p data-start=\"1168\" data-end=\"1200\">pog\u0142\u0119bianie \u017cycia religijnego,<\/p>\n<\/li>\n<li data-start=\"1201\" data-end=\"1262\">\n<p data-start=\"1203\" data-end=\"1262\">przenikanie warto\u015bciami ewangelicznymi \u017cycia spo\u0142ecznego,<\/p>\n<\/li>\n<li data-start=\"1263\" data-end=\"1321\">\n<p data-start=\"1265\" data-end=\"1321\">zajmowanie stanowiska w sprawach publicznych Ko\u015bcio\u0142a,<\/p>\n<\/li>\n<li data-start=\"1322\" data-end=\"1372\">\n<p data-start=\"1324\" data-end=\"1372\">anga\u017cowanie si\u0119 w formacj\u0119 dzieci i m\u0142odzie\u017cy.<\/p>\n<\/li>\n<\/ul>\n<p data-start=\"1374\" data-end=\"1423\"><strong>Do zada\u0144 podstawowych Akcji Katolickiej nale\u017cy:<\/strong><\/p>\n<ul data-start=\"1424\" data-end=\"1679\">\n<li data-start=\"1424\" data-end=\"1451\">\n<p data-start=\"1426\" data-end=\"1451\">lektura Pisma \u015awi\u0119tego,<\/p>\n<\/li>\n<li data-start=\"1452\" data-end=\"1500\">\n<p data-start=\"1454\" data-end=\"1500\">pomoc w przygotowaniu nabo\u017ce\u0144stw biblijnych,<\/p>\n<\/li>\n<li data-start=\"1501\" data-end=\"1570\">\n<p data-start=\"1503\" data-end=\"1570\">organizowanie \u015bwieckich do w\u0142\u0105czenia si\u0119 w liturgi\u0119 s\u0142owa Bo\u017cego,<\/p>\n<\/li>\n<li data-start=\"1571\" data-end=\"1616\">\n<p data-start=\"1573\" data-end=\"1616\">uczestnictwo we Mszy \u015bw. i nabo\u017ce\u0144stwach,<\/p>\n<\/li>\n<li data-start=\"1617\" data-end=\"1657\">\n<p data-start=\"1619\" data-end=\"1657\">zachowywanie wierno\u015bci przykazaniom,<\/p>\n<\/li>\n<li data-start=\"1658\" data-end=\"1679\">\n<p data-start=\"1660\" data-end=\"1679\">promowanie dobra.<\/p>\n<\/li>\n<\/ul>\n<p data-start=\"1681\" data-end=\"1719\"><strong data-start=\"1681\" data-end=\"1717\">Zadania obowi\u0105zkowe cz\u0142onk\u00f3w AK:<\/strong><\/p>\n<ul data-start=\"1720\" data-end=\"2076\">\n<li data-start=\"1720\" data-end=\"1750\">\n<p data-start=\"1722\" data-end=\"1750\">udzia\u0142 w dniach skupienia,<\/p>\n<\/li>\n<li data-start=\"1751\" data-end=\"1820\">\n<p data-start=\"1753\" data-end=\"1820\">udzia\u0142 w co najmniej dw\u00f3ch pielgrzymkach organizowanych przez AK,<\/p>\n<\/li>\n<li data-start=\"1821\" data-end=\"1874\">\n<p data-start=\"1823\" data-end=\"1874\">organizacja bezalkoholowych festyn\u00f3w katolickich,<\/p>\n<\/li>\n<li data-start=\"1875\" data-end=\"1908\">\n<p data-start=\"1877\" data-end=\"1908\">organizacja Dnia Papieskiego,<\/p>\n<\/li>\n<li data-start=\"1909\" data-end=\"2076\">\n<p data-start=\"1911\" data-end=\"2076\">prowadzenie podstawowej dokumentacji, opracowanie programu pracy, sporz\u0105dzenie rocznego sprawozdania i przes\u0142anie go do osoby odpowiedzialnej za prac\u0119 w dekanacie.<\/p>\n<\/li>\n<\/ul>\n<h3 data-start=\"2083\" data-end=\"2103\"><span style=\"color: #333333;\"><strong data-start=\"2087\" data-end=\"2103\">Nasz Oddzia\u0142<\/strong><\/span><\/h3>\n<p>Akcja Katolicka przy parafii Borek Stary istnieje od 1996 roku. W ramach formacji uczestniczy\u0142o 8 os\u00f3b na czele z panem Wies\u0142awem Opio\u0142\u0105. Brali oni udzia\u0142 w rekolekcjach i spotkaniach z ksi\u0119dzem pra\u0142atem J\u00f3zefem Ni\u017cnikiem, asystentem diecezjalnym, zapoznaj\u0105c si\u0119 z celami i zadaniami stoj\u0105cymi przed grupami Akcji Katolickiej.<\/p>\n<p>W grudniu 1997 r. Ksi\u0105dz Arcybiskup J\u00f3zef Michalik, Metropolita Przemyski, powo\u0142a\u0142 Parafialny Oddzia\u0142 Akcji Katolickiej (POAK), mianuj\u0105c:<\/p>\n<ul>\n<li data-start=\"2577\" data-end=\"2647\">ksi\u0119dza Proboszcza W\u0142adys\u0142awa Mazep\u0119 na Asystenta Akcji Katolickiej,<\/li>\n<li data-start=\"2650\" data-end=\"2684\">pana Wies\u0142awa Opio\u0142\u0119 na prezesa,<\/li>\n<li data-start=\"2687\" data-end=\"2714\">25 os\u00f3b na cz\u0142onk\u00f3w POAK.<\/li>\n<\/ul>\n<p>Dzia\u0142alno\u015b\u0107 Akcji Katolickiej przy parafii Borek Stary obejmowa\u0142a m.in. pog\u0142\u0119bianie wiary poprzez spotkania modlitewne, udzia\u0142 w pielgrzymkach do Strachociny, Kalwarii Pac\u0142awskiej, Kalwarii Zebrzydowskiej oraz Zag\u00f3rza.<\/p>\n<p>W listopadzie 1999 r. funkcj\u0119 prezesa AK obj\u0119\u0142a pani Maria Dziura, a dzia\u0142alno\u015b\u0107 skupi\u0142a si\u0119 na przygotowaniach do Jubileuszu Roku 2000. Odbywa\u0142y si\u0119 liczne spotkania na szczeblu dekanatu i archidiecezji, rekolekcje, odpusty jubileuszowe, dni skupienia oraz adoracje.<\/p>\n<p>11 czerwca 2000 r. Akcja Katolicka przygotowa\u0142a jubileusz 40-lecia kap\u0142a\u0144stwa ksi\u0119dza proboszcza W\u0142adys\u0142awa Mazepy, a w 2010 r. \u2013 50-lecie. Rok 2000 by\u0142 r\u00f3wnie\u017c okazj\u0105 do ufundowania Krzy\u017cy Jubileuszowych jako wyrazu wdzi\u0119czno\u015bci Bogu za otrzymane \u0142aski.<\/p>\n<p>W listopadzie 2000 r. odby\u0142 si\u0119 I Kongres Akcji Katolickiej Archidiecezji Przemyskiej w Przemy\u015blu, w kt\u00f3rym udzia\u0142 wzi\u0119\u0142y 3 osoby z parafii Borek Stary.<\/p>\n<p>&nbsp;<\/p>\n<h3 data-start=\"3628\" data-end=\"3683\"><span style=\"color: #333333;\"><strong data-start=\"3632\" data-end=\"3681\">Dzia\u0142alno\u015b\u0107 Akcji Katolickiej obejmuje m.in.:<\/strong><\/span><\/h3>\n<ul data-start=\"3684\" data-end=\"4147\">\n<li data-start=\"3684\" data-end=\"3731\">\n<p data-start=\"3686\" data-end=\"3731\">udzia\u0142 w corocznych do\u017cynkach parafialnych,<\/p>\n<\/li>\n<li data-start=\"3732\" data-end=\"3790\">\n<p data-start=\"3734\" data-end=\"3790\">przygotowanie p\u00f3\u0142godzinnej audycji w katolickim radiu,<\/p>\n<\/li>\n<li data-start=\"3791\" data-end=\"3815\">\n<p data-start=\"3793\" data-end=\"3815\">organizacj\u0119 op\u0142atka,<\/p>\n<\/li>\n<li data-start=\"3816\" data-end=\"3856\">\n<p data-start=\"3818\" data-end=\"3856\">przygotowanie o\u0142tarza na Bo\u017ce Cia\u0142o,<\/p>\n<\/li>\n<li data-start=\"3857\" data-end=\"3898\">\n<p data-start=\"3859\" data-end=\"3898\">organizowanie corocznych pielgrzymek,<\/p>\n<\/li>\n<li data-start=\"3899\" data-end=\"4005\">\n<p data-start=\"3901\" data-end=\"4005\">przygotowania do nawiedzenia obrazu Matki Bo\u017cej Cz\u0119stochowskiej (2003) oraz Krzy\u017ca Papieskiego (2012),<\/p>\n<\/li>\n<li data-start=\"4006\" data-end=\"4050\">\n<p data-start=\"4008\" data-end=\"4050\">zbi\u00f3rki dar\u00f3w dla rodzin wielodzietnych,<\/p>\n<\/li>\n<li data-start=\"4051\" data-end=\"4111\">\n<p data-start=\"4053\" data-end=\"4111\">organizowanie konkurs\u00f3w, np. na szopk\u0119 bo\u017conarodzeniow\u0105,<\/p>\n<\/li>\n<li data-start=\"4112\" data-end=\"4147\">\n<p data-start=\"4114\" data-end=\"4147\">akcje \u201eSerduszka\u201d na Miko\u0142ajki.<\/p>\n<\/li>\n<\/ul>\n<p data-start=\"4149\" data-end=\"4379\">Od 19 listopada 2005 r. asystentem Akcji Katolickiej przy parafii Borek Stary zosta\u0142 ksi\u0105dz Pra\u0142at Adam Pietrucha, a prezesem pozostaje pani Maria Dziura. Od wrze\u015bnia 2019 r. do sierpnia 2025 roku asystentem POAK by\u0142 ks. Roman S\u0142ota.<\/p>\n<p data-start=\"4149\" data-end=\"4379\"><strong>Od wrze\u015bnia 2025 roku asystentem AK jest nowy Proboszcz ks. Piotr Zawadzki.<\/strong><\/p>\n<p data-start=\"4381\" data-end=\"4513\">Akcja Katolicka serdecznie zaprasza nowych cz\u0142onk\u00f3w do w\u0142\u0105czenia si\u0119 w dzia\u0142alno\u015b\u0107 stowarzyszenia \u2013 obecnie oddzia\u0142 liczy 12 os\u00f3b.<\/p>\n<h3 style=\"text-align: center;\"><span style=\"color: #333333;\"><strong>Codzienna modlitwa cz\u0142onka Akcji Katolickiej<\/strong><\/span><\/h3>\n<blockquote>\n<p style=\"text-align: left;\"><span style=\"color: #333333;\"><em>B\u0105d\u017a uwielbiony Bo\u017ce za \u0142ask\u0119 chrztu \u015bwi\u0119tego, dzi\u0119ki kt\u00f3rej sta\u0142em si\u0119 cz\u0142onkiem Twojego Mistycznego Cia\u0142a \u2013 Ko\u015bcio\u0142a \u015awi\u0119tego. Dzi\u0119ki Ci Panie, za powo\u0142anie i umocnienie mnie do aposto\u0142owania. Dzi\u0119kuj\u0119 Ci Bo\u017ce, za obdarzenie mnie charyzmatem g\u0142oszenia Dobrej Nowiny\u00a0wsp\u00f3\u0142czesnemu\u00a0 cz\u0142owiekowi w \u0142\u0105czno\u015bci z moim biskupem i proboszczem. Prze\u017cywam wielko\u015b\u0107 swego powo\u0142ania, lecz u\u015bwiadamiam sobie tak\u017ce s\u0142abo\u015b\u0107\u00a0i krucho\u015b\u0107 moj\u0105. Dlatego prosz\u0119 Ci\u0119 Bo\u017ce, Stw\u00f3rco i Kr\u00f3lu Wszech\u015bwiata, by\u015b wspiera\u0142 mnie\u00a0w budowaniu Twojego Kr\u00f3lestwa. Spraw, bym czynnie uczestniczy\u0142 w \u017cyciu Twojego\u00a0Ko\u015bcio\u0142a i Ojczyzny. Dodawaj mi si\u0142 i m\u0105dro\u015bci, bym modlitw\u0105 i apostolsk\u0105 dzia\u0142alno\u015bci\u0105 u\u015bwi\u0119ca\u0142\u00a0moje \u017cycie osobiste i rodzinne, sfer\u0119 pracy i wypoczynku, sektor kultury i \u017cycia publicznego.<\/em><\/span><br \/>\n<span style=\"color: #333333;\"><em>Ze\u015blij prosz\u0119, \u015awiat\u0142o Ducha \u015awi\u0119tego, bym Twoj\u0105 pomoc\u0105 wsparty m\u00f3g\u0142\u00a0w\u0142a\u015bciwie formowa\u0107 siebie i innych zgodnie z tradycj\u0105 Ko\u015bcio\u0142a Katolickiego. U\u017cycz mi tej \u0142aski, abym uczestnicz\u0105c w Akcji Katolickiej by\u0142 dyspozycyjnym, gotowym do wyrzecze\u0144, wiernym podj\u0119tym postanowieniom i wytrwa\u0142ym w przeciwno\u015bciach.<\/em><\/span><br \/>\n<span style=\"color: #333333;\"><em>Przez naszego Pana Jezusa Chrystusa, kt\u00f3ry z Tob\u0105 \u017cyje i kr\u00f3luje w jedno\u015bci Ducha \u015awi\u0119tego, B\u00f3g przez wszystkie wieki wiek\u00f3w. Amen.<\/em><\/span><\/p>\n<p style=\"text-align: left;\"><span style=\"color: #333333;\">\u015awi\u0119ta Maryjo Kr\u00f3lowo Aposto\u0142\u00f3w \u2013 m\u00f3dl si\u0119 za nami<\/span><br \/>\n<span style=\"color: #333333;\">\u015awi\u0119ty Andrzeju Bobolo \u2013 m\u00f3dl si\u0119 za nami<\/span><br \/>\n<span style=\"color: #333333;\">B\u0142ogos\u0142awiony Piotrze Jerzy Frassati \u2013 m\u00f3dl si\u0119 za nami<\/span><\/p>\n<\/blockquote>\n","protected":false},"excerpt":{"rendered":"<p>&nbsp; Akcja Katolicka jest stowarzyszeniem katolik\u00f3w \u015bwieckich, kt\u00f3rzy w zorganizowanej formie \u015bci\u015ble wsp\u00f3\u0142pracuj\u0105 z hierarchi\u0105 ko\u015bcieln\u0105 w realizacji og\u00f3lnego celu apostolskiego Ko\u015bcio\u0142a. Papie\u017c Jan Pawe\u0142 II, m\u00f3wi\u0105c o wiernych \u015bwieckich, kt\u00f3rzy \u201ewinni poczu\u0107 si\u0119 rzeczywistymi podmiotami w \u017cyciu Ko\u015bcio\u0142a\u201d, wskaza\u0142 na szczeg\u00f3lne znaczenie Akcji Katolickiej w ich formacji. Dlatego postulowa\u0142 jej odrodzenie w Polsce. Akcja&hellip; <br \/> <a class=\"read-more\" href=\"https:\/\/borekstary.przemyska.pl\/index.php\/akcja-katolicka\/\">Dowiedz si\u0119 wi\u0119cej<\/a><\/p>\n","protected":false},"author":1,"featured_media":496,"parent":0,"menu_order":0,"comment_status":"closed","ping_status":"closed","template":"","meta":{"footnotes":""},"class_list":["post-193","page","type-page","status-publish","has-post-thumbnail","hentry"],"_links":{"self":[{"href":"https:\/\/borekstary.przemyska.pl\/index.php\/wp-json\/wp\/v2\/pages\/193","targetHints":{"allow":["GET"]}}],"collection":[{"href":"https:\/\/borekstary.przemyska.pl\/index.php\/wp-json\/wp\/v2\/pages"}],"about":[{"href":"https:\/\/borekstary.przemyska.pl\/index.php\/wp-json\/wp\/v2\/types\/page"}],"author":[{"embeddable":true,"href":"https:\/\/borekstary.przemyska.pl\/index.php\/wp-json\/wp\/v2\/users\/1"}],"replies":[{"embeddable":true,"href":"https:\/\/borekstary.przemyska.pl\/index.php\/wp-json\/wp\/v2\/comments?post=193"}],"version-history":[{"count":13,"href":"https:\/\/borekstary.przemyska.pl\/index.php\/wp-json\/wp\/v2\/pages\/193\/revisions"}],"predecessor-version":[{"id":3397,"href":"https:\/\/borekstary.przemyska.pl\/index.php\/wp-json\/wp\/v2\/pages\/193\/revisions\/3397"}],"wp:featuredmedia":[{"embeddable":true,"href":"https:\/\/borekstary.przemyska.pl\/index.php\/wp-json\/wp\/v2\/media\/496"}],"wp:attachment":[{"href":"https:\/\/borekstary.przemyska.pl\/index.php\/wp-json\/wp\/v2\/media?parent=193"}],"curies":[{"name":"wp","href":"https:\/\/api.w.org\/{rel}","templated":true}]}}