{"id":189,"date":"2021-03-10T09:13:25","date_gmt":"2021-03-10T08:13:25","guid":{"rendered":"https:\/\/borekstary.przemyska.pl\/?page_id=189"},"modified":"2025-09-03T11:56:07","modified_gmt":"2025-09-03T09:56:07","slug":"radio-maryja","status":"publish","type":"page","link":"https:\/\/borekstary.przemyska.pl\/index.php\/radio-maryja\/","title":{"rendered":"Radio Maryja"},"content":{"rendered":"<p style=\"text-align: justify;\"><img loading=\"lazy\" decoding=\"async\" class=\"wp-image-511 alignleft\" src=\"https:\/\/borekstary.przemyska.pl\/wp-content\/uploads\/2021\/03\/logo-radia-maryja-300x300.png\" alt=\"\" width=\"189\" height=\"189\" srcset=\"https:\/\/borekstary.przemyska.pl\/wp-content\/uploads\/2021\/03\/logo-radia-maryja-300x300.png 300w, https:\/\/borekstary.przemyska.pl\/wp-content\/uploads\/2021\/03\/logo-radia-maryja-1024x1024.png 1024w, https:\/\/borekstary.przemyska.pl\/wp-content\/uploads\/2021\/03\/logo-radia-maryja-150x150.png 150w, https:\/\/borekstary.przemyska.pl\/wp-content\/uploads\/2021\/03\/logo-radia-maryja-768x768.png 768w, https:\/\/borekstary.przemyska.pl\/wp-content\/uploads\/2021\/03\/logo-radia-maryja-1080x1080.png 1080w, https:\/\/borekstary.przemyska.pl\/wp-content\/uploads\/2021\/03\/logo-radia-maryja.png 1200w\" sizes=\"auto, (max-width: 189px) 100vw, 189px\" \/>Grupa ta uto\u017csamia si\u0119 z programem i zadaniami <strong>Radia Maryja<\/strong> oraz <strong>TV Trwam<\/strong>. Pragniemy pomaga\u0107 ludziom w odnalezieniu Boga, krzewieniu patriotyzmu i warto\u015bci narodowych przekazanych nam przez naszych przodk\u00f3w. Naczelnym has\u0142em, kt\u00f3re nam przy\u015bwieca, jest: <strong data-start=\"395\" data-end=\"423\">\u201eB\u00d3G \u2013 HONOR \u2013 OJCZYZNA\u201d<\/strong>.<\/p>\n<p data-start=\"428\" data-end=\"903\"><strong>Radio Maryja<\/strong> jest rozg\u0142o\u015bni\u0105 niezale\u017cn\u0105, i to jest jego najwi\u0119ksza warto\u015b\u0107. Nie maj\u0105c innych \u015brodk\u00f3w utrzymania poza ofiarami s\u0142uchaczy, potrzebuje naszego wsparcia finansowego i modlitewnego, aby mog\u0142o nadal istnie\u0107 i rozwija\u0107 si\u0119. Dlatego jednym z fundamentalnych zada\u0144 <strong>Ko\u0142a Przyjaci\u00f3\u0142<\/strong> jest wspieranie rozg\u0142o\u015bni i wszystkich dzie\u0142 powsta\u0142ych wok\u00f3\u0142 niej \u2013 zar\u00f3wno ofiarami s\u0142uchaczy i sympatyk\u00f3w, jak i przez osoby czuj\u0105ce sercem potrzeb\u0119 wspierania tego, co katolickie.<\/p>\n<p data-start=\"905\" data-end=\"1161\"><strong>Radio Maryja<\/strong> i <strong>TV Trwam<\/strong> s\u0142u\u017c\u0105 Bogu, Ko\u015bcio\u0142owi i Ojczy\u017anie. Wykorzystuj\u0105 nowoczesne \u015brodki przekazu, pragn\u0105c nie\u015b\u0107 ludziom Dobr\u0105 Nowin\u0119 w nurcie nowej ewangelizacji, tak aby prawda o Jezusie Chrystusie \u2013 Odkupicielu \u015bwiata \u2013 dotar\u0142a a\u017c po kra\u0144ce ziemi.<\/p>\n<p data-start=\"1163\" data-end=\"1292\"><strong>Ko\u0142o Przyjaci\u00f3\u0142 Radia Maryja<\/strong> w naszej parafii spotyka si\u0119 w ostatni\u0105 \u015brod\u0119 miesi\u0105ca na Mszy \u015bwi\u0119tej oraz na wsp\u00f3lnym spotkaniu.<\/p>\n<p data-start=\"1294\" data-end=\"1399\"><strong>Przewodnicz\u0105ca Ko\u0142a<\/strong> &#8211; p. Irena K\u0119pa.<br data-start=\"1333\" data-end=\"1336\" \/><strong>Opieka duchowa<\/strong> &#8211; ks. Piotr Zawadzki<\/p>\n<p>&nbsp;<\/p>\n<p>&nbsp;<\/p>\n","protected":false},"excerpt":{"rendered":"<p>Grupa ta uto\u017csamia si\u0119 z programem i zadaniami Radia Maryja oraz TV Trwam. Pragniemy pomaga\u0107 ludziom w odnalezieniu Boga, krzewieniu patriotyzmu i warto\u015bci narodowych przekazanych nam przez naszych przodk\u00f3w. Naczelnym has\u0142em, kt\u00f3re nam przy\u015bwieca, jest: \u201eB\u00d3G \u2013 HONOR \u2013 OJCZYZNA\u201d. Radio Maryja jest rozg\u0142o\u015bni\u0105 niezale\u017cn\u0105, i to jest jego najwi\u0119ksza warto\u015b\u0107. Nie maj\u0105c innych \u015brodk\u00f3w&hellip; <br \/> <a class=\"read-more\" href=\"https:\/\/borekstary.przemyska.pl\/index.php\/radio-maryja\/\">Dowiedz si\u0119 wi\u0119cej<\/a><\/p>\n","protected":false},"author":1,"featured_media":0,"parent":0,"menu_order":0,"comment_status":"closed","ping_status":"closed","template":"","meta":{"footnotes":""},"class_list":["post-189","page","type-page","status-publish","hentry"],"_links":{"self":[{"href":"https:\/\/borekstary.przemyska.pl\/index.php\/wp-json\/wp\/v2\/pages\/189","targetHints":{"allow":["GET"]}}],"collection":[{"href":"https:\/\/borekstary.przemyska.pl\/index.php\/wp-json\/wp\/v2\/pages"}],"about":[{"href":"https:\/\/borekstary.przemyska.pl\/index.php\/wp-json\/wp\/v2\/types\/page"}],"author":[{"embeddable":true,"href":"https:\/\/borekstary.przemyska.pl\/index.php\/wp-json\/wp\/v2\/users\/1"}],"replies":[{"embeddable":true,"href":"https:\/\/borekstary.przemyska.pl\/index.php\/wp-json\/wp\/v2\/comments?post=189"}],"version-history":[{"count":8,"href":"https:\/\/borekstary.przemyska.pl\/index.php\/wp-json\/wp\/v2\/pages\/189\/revisions"}],"predecessor-version":[{"id":3398,"href":"https:\/\/borekstary.przemyska.pl\/index.php\/wp-json\/wp\/v2\/pages\/189\/revisions\/3398"}],"wp:attachment":[{"href":"https:\/\/borekstary.przemyska.pl\/index.php\/wp-json\/wp\/v2\/media?parent=189"}],"curies":[{"name":"wp","href":"https:\/\/api.w.org\/{rel}","templated":true}]}}