{"id":187,"date":"2021-03-10T09:12:40","date_gmt":"2021-03-10T08:12:40","guid":{"rendered":"https:\/\/borekstary.przemyska.pl\/?page_id=187"},"modified":"2025-09-03T11:23:27","modified_gmt":"2025-09-03T09:23:27","slug":"ruch-apostolstwa-mlodziezy","status":"publish","type":"page","link":"https:\/\/borekstary.przemyska.pl\/index.php\/ruch-apostolstwa-mlodziezy\/","title":{"rendered":"Ruch Apostolstwa M\u0142odzie\u017cy"},"content":{"rendered":"<p style=\"text-align: justify;\"><img loading=\"lazy\" decoding=\"async\" class=\"alignleft wp-image-502 \" src=\"https:\/\/borekstary.przemyska.pl\/wp-content\/uploads\/2021\/03\/logoRAM-300x297.png\" alt=\"\" width=\"173\" height=\"171\" srcset=\"https:\/\/borekstary.przemyska.pl\/wp-content\/uploads\/2021\/03\/logoRAM-300x297.png 300w, https:\/\/borekstary.przemyska.pl\/wp-content\/uploads\/2021\/03\/logoRAM.png 601w\" sizes=\"auto, (max-width: 173px) 100vw, 173px\" \/><\/p>\n<p data-start=\"286\" data-end=\"445\"><strong data-start=\"286\" data-end=\"299\">Spotkania<\/strong> <strong>dla m\u0142odzie\u017cy zrzeszonej w RAM-ie odbywaj\u0105 si\u0119 w ka\u017cdy pi\u0105tek.<\/strong> Zapraszamy do do\u0142\u0105czenia do naszej wsp\u00f3lnoty ju\u017c od 6. klasy szko\u0142y podstawowej.<\/p>\n<p data-start=\"447\" data-end=\"774\"><strong data-start=\"447\" data-end=\"490\">Charyzmatem Ruchu Apostolstwa M\u0142odzie\u017cy<\/strong> jest apostolstwo. S\u0142owo \u201eapostolstwo\u201d pochodzi od greckiego \u201e\u1f00\u03c0\u03cc\u03c3\u03c4\u03bf\u03bb\u03bf\u03c2\u201d &#8211; \u201eapostolos\u201d \u2013 wys\u0142annik. Wys\u0142annik to cz\u0142owiek pos\u0142any przez swojego prze\u0142o\u017conego do wype\u0142nienia okre\u015blonej misji. Takim posy\u0142aj\u0105cym jest B\u00f3g, posy\u0142anymi jeste\u015bmy my, a misj\u0105 jest g\u0142oszenie Ewangelii wsp\u00f3\u0142czesnemu \u015bwiatu.<\/p>\n<p data-start=\"776\" data-end=\"1050\">Inne znaczenie s\u0142owa \u201eapostolos\u201d to \u201e\u015bwiadek\u201d. \u015awiadek to rzeczywisty uczestnik zdarzenia, mog\u0105cy potwierdzi\u0107 jego wiarygodno\u015b\u0107. Jako \u015bwiadkowie Chrystusa mamy by\u0107 prawdziwymi i wiarygodnymi \u015bwiadkami Jego zbawczych czyn\u00f3w \u2013 nie tylko s\u0142owem, ale przede wszystkim czynami.<\/p>\n<p data-start=\"1052\" data-end=\"1175\"><strong>Ruch Apostolstwa M\u0142odzie\u017cy<\/strong> jest ruchem ko\u015bcielnym. Ko\u015bci\u00f3\u0142 jest \u201eapostolski\u201d, co znaczy \u201epos\u0142any\u201d. Jak m\u00f3wi Pismo \u015awi\u0119te: <span style=\"background-color: transparent;\"><strong>\u201eTak B\u00f3g umi\u0142owa\u0142 \u015bwiat, \u017ce Syna swego Jednorodzonego da\u0142, aby ka\u017cdy, kto w Niego wierzy, nie zgin\u0105\u0142, ale mia\u0142 \u017cycie wieczne\u201d<\/strong> <em>(J 3,16)<\/em>.<\/span><\/p>\n<p data-start=\"1317\" data-end=\"1568\">Pos\u0142anie Chrystusa jest kontynuowane dzisiaj przez Ko\u015bci\u00f3\u0142. Gdy Chrystus zak\u0142ada\u0142 Ko\u015bci\u00f3\u0142, najpierw powo\u0142ywa\u0142 uczni\u00f3w \u2013 aposto\u0142\u00f3w <em>(\u0141k 6,12\u201316)<\/em>, nast\u0119pnie przygotowywa\u0142 ich do misji ewangelizacji przez nauczanie <em>(np. \u0141k 6,17\u201346)<\/em>, a na ko\u0144cu rozes\u0142a\u0142: <span style=\"background-color: transparent;\">\u201e<strong>Id\u017acie wi\u0119c i nauczajcie wszystkie narody, udzielaj\u0105c im chrztu w imi\u0119 Ojca i Syna, i Ducha \u015awi\u0119tego. Uczcie je zachowywa\u0107 wszystko, co wam przekaza\u0142em. A oto Ja jestem z wami przez wszystkie dni a\u017c do sko\u0144czenia \u015bwiata\u201d<\/strong> <em>(Mt 28,16\u201320)<\/em>.<\/span><\/p>\n<p data-start=\"1811\" data-end=\"1909\">\ud83d\udcf7 <strong data-start=\"1814\" data-end=\"1847\">Zapraszamy na nasz Instagram:<\/strong> <a class=\"\" href=\"https:\/\/www.instagram.com\/ram_borekstary\/\" target=\"_new\" rel=\"noopener\" data-start=\"1848\" data-end=\"1907\">ram_borekstary<\/a><\/p>\n<p data-start=\"1911\" data-end=\"1952\"><strong data-start=\"1911\" data-end=\"1929\">Opiekun grupy:<\/strong> ks. Daniel Dr\u0105\u017cek<\/p>\n<p>&nbsp;<\/p>\n","protected":false},"excerpt":{"rendered":"<p>Spotkania dla m\u0142odzie\u017cy zrzeszonej w RAM-ie odbywaj\u0105 si\u0119 w ka\u017cdy pi\u0105tek. Zapraszamy do do\u0142\u0105czenia do naszej wsp\u00f3lnoty ju\u017c od 6. klasy szko\u0142y podstawowej. Charyzmatem Ruchu Apostolstwa M\u0142odzie\u017cy jest apostolstwo. S\u0142owo \u201eapostolstwo\u201d pochodzi od greckiego \u201e\u1f00\u03c0\u03cc\u03c3\u03c4\u03bf\u03bb\u03bf\u03c2\u201d &#8211; \u201eapostolos\u201d \u2013 wys\u0142annik. Wys\u0142annik to cz\u0142owiek pos\u0142any przez swojego prze\u0142o\u017conego do wype\u0142nienia okre\u015blonej misji. Takim posy\u0142aj\u0105cym jest B\u00f3g, posy\u0142anymi&hellip; <br \/> <a class=\"read-more\" href=\"https:\/\/borekstary.przemyska.pl\/index.php\/ruch-apostolstwa-mlodziezy\/\">Dowiedz si\u0119 wi\u0119cej<\/a><\/p>\n","protected":false},"author":1,"featured_media":502,"parent":0,"menu_order":0,"comment_status":"closed","ping_status":"closed","template":"","meta":{"footnotes":""},"class_list":["post-187","page","type-page","status-publish","has-post-thumbnail","hentry"],"_links":{"self":[{"href":"https:\/\/borekstary.przemyska.pl\/index.php\/wp-json\/wp\/v2\/pages\/187","targetHints":{"allow":["GET"]}}],"collection":[{"href":"https:\/\/borekstary.przemyska.pl\/index.php\/wp-json\/wp\/v2\/pages"}],"about":[{"href":"https:\/\/borekstary.przemyska.pl\/index.php\/wp-json\/wp\/v2\/types\/page"}],"author":[{"embeddable":true,"href":"https:\/\/borekstary.przemyska.pl\/index.php\/wp-json\/wp\/v2\/users\/1"}],"replies":[{"embeddable":true,"href":"https:\/\/borekstary.przemyska.pl\/index.php\/wp-json\/wp\/v2\/comments?post=187"}],"version-history":[{"count":7,"href":"https:\/\/borekstary.przemyska.pl\/index.php\/wp-json\/wp\/v2\/pages\/187\/revisions"}],"predecessor-version":[{"id":3394,"href":"https:\/\/borekstary.przemyska.pl\/index.php\/wp-json\/wp\/v2\/pages\/187\/revisions\/3394"}],"wp:featuredmedia":[{"embeddable":true,"href":"https:\/\/borekstary.przemyska.pl\/index.php\/wp-json\/wp\/v2\/media\/502"}],"wp:attachment":[{"href":"https:\/\/borekstary.przemyska.pl\/index.php\/wp-json\/wp\/v2\/media?parent=187"}],"curies":[{"name":"wp","href":"https:\/\/api.w.org\/{rel}","templated":true}]}}