{"id":184,"date":"2021-03-10T09:09:52","date_gmt":"2021-03-10T08:09:52","guid":{"rendered":"https:\/\/borekstary.przemyska.pl\/?page_id=184"},"modified":"2025-08-15T12:06:16","modified_gmt":"2025-08-15T10:06:16","slug":"lso","status":"publish","type":"page","link":"https:\/\/borekstary.przemyska.pl\/index.php\/lso\/","title":{"rendered":"Liturgiczna S\u0142u\u017cba O\u0142tarza"},"content":{"rendered":"<p>&nbsp;<\/p>\n<p><img loading=\"lazy\" decoding=\"async\" class=\"wp-image-498 alignleft\" src=\"https:\/\/borekstary.przemyska.pl\/wp-content\/uploads\/2021\/03\/Liturgiczna-sluzba-oltarza-e1615450582354-212x300.jpg\" alt=\"\" width=\"182\" height=\"258\" srcset=\"https:\/\/borekstary.przemyska.pl\/wp-content\/uploads\/2021\/03\/Liturgiczna-sluzba-oltarza-e1615450582354-212x300.jpg 212w, https:\/\/borekstary.przemyska.pl\/wp-content\/uploads\/2021\/03\/Liturgiczna-sluzba-oltarza-e1615450582354.jpg 256w\" sizes=\"auto, (max-width: 182px) 100vw, 182px\" \/><\/p>\n<h3>Wskazania dla Liturgicznej S\u0142u\u017cby O\u0142tarza<\/h3>\n<ol>\n<li>Pe\u0142ni\u0105cy pos\u0142ug\u0119 przychodz\u0105 do ko\u015bcio\u0142a <strong data-start=\"377\" data-end=\"402\">przynajmniej 15 minut<\/strong> przed rozpocz\u0119ciem liturgii. Czas ten przeznaczamy na modlitw\u0119, duchowe przygotowanie si\u0119 do uczestnictwa w Eucharystii lub nabo\u017ce\u0144stwie, a tak\u017ce na ubranie si\u0119, przygotowanie potrzebnych rzeczy i pomoc w ubraniu celebransa.<\/li>\n<li data-start=\"631\" data-end=\"907\">Przychodz\u0105c do ko\u015bcio\u0142a, udaj\u0105 si\u0119 najpierw przed tabernakulum, aby odda\u0107 pok\u0142on Chrystusowi. Powinni wi\u0119c wchodzi\u0107 g\u0142\u00f3wnym wej\u015bciem do \u015bwi\u0105tyni. Je\u017celi kto\u015b wchodzi przez zakrysti\u0119, nie przykl\u0119ka w k\u0105ciku, lecz udaje si\u0119 przed o\u0142tarz, gdzie jest obecny Gospodarz tego domu.<\/li>\n<li data-start=\"909\" data-end=\"1148\">Udzia\u0142 s\u0142u\u017cby liturgicznej we Mszy \u015awi\u0119tej nie mo\u017ce ogranicza\u0107 si\u0119 jedynie do wykonywania powierzonych czynno\u015bci. Pos\u0142uga ma prowadzi\u0107 do pe\u0142niejszego w\u0142\u0105czenia si\u0119 w \u015bwi\u0119te obrz\u0119dy, tak aby uczestniczy\u0107 w nich <strong data-start=\"1120\" data-end=\"1145\">\u201e\u015bwiadomie i owocnie\u201d<\/strong>.<\/li>\n<li data-start=\"1150\" data-end=\"1300\">Spe\u0142nianie okre\u015blonych funkcji w liturgii nie mo\u017ce mie\u0107 charakteru wyst\u0119pu, lecz pos\u0142ugi. Nale\u017cy podkre\u015bla\u0107 przekazywan\u0105 tre\u015b\u0107,\u00a0 \u00a0 \u00a0 \u00a0 \u00a0 \u00a0 \u00a0 \u00a0 \u00a0 \u00a0 \u00a0 \u00a0 \u00a0 \u00a0 \u00a0 \u00a0 \u00a0 \u00a0 \u00a0 \u00a0 \u00a0 \u00a0 \u00a0 \u00a0 \u00a0 \u00a0 \u00a0 \u00a0a nie samego siebie.<\/li>\n<li data-start=\"1302\" data-end=\"1510\">Wszyscy cz\u0142onkowie zespo\u0142u liturgicznego pe\u0142ni\u0105cy pos\u0142ug\u0119 w prezbiterium bior\u0105 udzia\u0142 w procesji wej\u015bcia i uczestnicz\u0105 w ca\u0142ej liturgii na swoich miejscach.\u00a0 \u00a0 Do zakrystii wychodz\u0105 tylko w razie konieczno\u015bci.<\/li>\n<li data-start=\"1512\" data-end=\"1610\">Czynno\u015bci wykonuj\u0105 we w\u0142a\u015bciwym czasie, bez po\u015bpiechu i nigdy przed zako\u0144czeniem poprzedzaj\u0105cej.<\/li>\n<li data-start=\"1612\" data-end=\"1681\">Do Komunii \u015awi\u0119tej przyst\u0119puj\u0105 pierwsi, przed pozosta\u0142ymi wiernymi.<\/li>\n<li data-start=\"1683\" data-end=\"1783\">Swoj\u0105 postaw\u0105 i zachowaniem daj\u0105 wiernym przyk\u0142ad w\u0142a\u015bciwego i pe\u0142nego uczestnictwa w Eucharystii.<\/li>\n<\/ol>\n<hr data-start=\"1785\" data-end=\"1788\" \/>\n<h3 data-start=\"1790\" data-end=\"1812\">Zasady ministranta<\/h3>\n<ol data-start=\"1814\" data-end=\"2384\">\n<li data-start=\"1814\" data-end=\"1891\">\n<p data-start=\"1817\" data-end=\"1891\">Ministrant kocha Boga i dla Jego chwa\u0142y wzorowo spe\u0142nia swoje obowi\u0105zki.<\/p>\n<\/li>\n<li data-start=\"1892\" data-end=\"1937\">\n<p data-start=\"1895\" data-end=\"1937\">Ministrant s\u0142u\u017cy Chrystusowi w ludziach.<\/p>\n<\/li>\n<li data-start=\"1938\" data-end=\"2005\">\n<p data-start=\"1941\" data-end=\"2005\">Ministrant zwalcza swoje wady i pracuje nad swoim charakterem.<\/p>\n<\/li>\n<li data-start=\"2006\" data-end=\"2049\">\n<p data-start=\"2009\" data-end=\"2049\">Ministrant rozwija w sobie \u017cycie Bo\u017ce.<\/p>\n<\/li>\n<li data-start=\"2050\" data-end=\"2094\">\n<p data-start=\"2053\" data-end=\"2094\">Ministrant poznaje liturgi\u0119 i \u017cyje ni\u0105.<\/p>\n<\/li>\n<li data-start=\"2095\" data-end=\"2143\">\n<p data-start=\"2098\" data-end=\"2143\">Ministrant wnosi wsz\u0119dzie prawdziw\u0105 rado\u015b\u0107.<\/p>\n<\/li>\n<li data-start=\"2144\" data-end=\"2187\">\n<p data-start=\"2147\" data-end=\"2187\">Ministrant prze\u017cywa Boga w przyrodzie.<\/p>\n<\/li>\n<li data-start=\"2188\" data-end=\"2252\">\n<p data-start=\"2191\" data-end=\"2252\">Ministrant zdobywa koleg\u00f3w w pracy i zabawie dla Chrystusa.<\/p>\n<\/li>\n<li data-start=\"2253\" data-end=\"2317\">\n<p data-start=\"2256\" data-end=\"2317\">Ministrant jest pilny i sumienny w nauce i pracy zawodowej.<\/p>\n<\/li>\n<li data-start=\"2318\" data-end=\"2384\">\n<p data-start=\"2322\" data-end=\"2384\">Ministrant modli si\u0119 za Ojczyzn\u0119 i s\u0142u\u017cy jej rzeteln\u0105 prac\u0105.<\/p>\n<\/li>\n<\/ol>\n<hr data-start=\"2386\" data-end=\"2389\" \/>\n<p data-start=\"2391\" data-end=\"2429\"><strong data-start=\"2391\" data-end=\"2409\">Opiekun grupy:<\/strong> ks. Daniel Dr\u0105\u017cek<\/p>\n","protected":false},"excerpt":{"rendered":"<p>&nbsp; Wskazania dla Liturgicznej S\u0142u\u017cby O\u0142tarza Pe\u0142ni\u0105cy pos\u0142ug\u0119 przychodz\u0105 do ko\u015bcio\u0142a przynajmniej 15 minut przed rozpocz\u0119ciem liturgii. Czas ten przeznaczamy na modlitw\u0119, duchowe przygotowanie si\u0119 do uczestnictwa w Eucharystii lub nabo\u017ce\u0144stwie, a tak\u017ce na ubranie si\u0119, przygotowanie potrzebnych rzeczy i pomoc w ubraniu celebransa. Przychodz\u0105c do ko\u015bcio\u0142a, udaj\u0105 si\u0119 najpierw przed tabernakulum, aby odda\u0107 pok\u0142on&hellip; <br \/> <a class=\"read-more\" href=\"https:\/\/borekstary.przemyska.pl\/index.php\/lso\/\">Dowiedz si\u0119 wi\u0119cej<\/a><\/p>\n","protected":false},"author":1,"featured_media":498,"parent":0,"menu_order":0,"comment_status":"closed","ping_status":"closed","template":"","meta":{"footnotes":""},"class_list":["post-184","page","type-page","status-publish","has-post-thumbnail","hentry"],"_links":{"self":[{"href":"https:\/\/borekstary.przemyska.pl\/index.php\/wp-json\/wp\/v2\/pages\/184","targetHints":{"allow":["GET"]}}],"collection":[{"href":"https:\/\/borekstary.przemyska.pl\/index.php\/wp-json\/wp\/v2\/pages"}],"about":[{"href":"https:\/\/borekstary.przemyska.pl\/index.php\/wp-json\/wp\/v2\/types\/page"}],"author":[{"embeddable":true,"href":"https:\/\/borekstary.przemyska.pl\/index.php\/wp-json\/wp\/v2\/users\/1"}],"replies":[{"embeddable":true,"href":"https:\/\/borekstary.przemyska.pl\/index.php\/wp-json\/wp\/v2\/comments?post=184"}],"version-history":[{"count":19,"href":"https:\/\/borekstary.przemyska.pl\/index.php\/wp-json\/wp\/v2\/pages\/184\/revisions"}],"predecessor-version":[{"id":3235,"href":"https:\/\/borekstary.przemyska.pl\/index.php\/wp-json\/wp\/v2\/pages\/184\/revisions\/3235"}],"wp:featuredmedia":[{"embeddable":true,"href":"https:\/\/borekstary.przemyska.pl\/index.php\/wp-json\/wp\/v2\/media\/498"}],"wp:attachment":[{"href":"https:\/\/borekstary.przemyska.pl\/index.php\/wp-json\/wp\/v2\/media?parent=184"}],"curies":[{"name":"wp","href":"https:\/\/api.w.org\/{rel}","templated":true}]}}