{"id":166,"date":"2021-03-10T08:31:16","date_gmt":"2021-03-10T07:31:16","guid":{"rendered":"https:\/\/borekstary.przemyska.pl\/?page_id=166"},"modified":"2024-11-21T12:33:22","modified_gmt":"2024-11-21T11:33:22","slug":"historia-parafii","status":"publish","type":"page","link":"https:\/\/borekstary.przemyska.pl\/index.php\/historia-parafii\/","title":{"rendered":"Historia Parafii"},"content":{"rendered":"<p style=\"text-align: justify;\"><img loading=\"lazy\" decoding=\"async\" class=\"alignleft wp-image-173 size-medium\" src=\"https:\/\/borekstary.przemyska.pl\/wp-content\/uploads\/2021\/03\/na-strony-dodatkowe-historia-parafii-2-1-300x197.jpg\" alt=\"\" width=\"300\" height=\"197\" srcset=\"https:\/\/borekstary.przemyska.pl\/wp-content\/uploads\/2021\/03\/na-strony-dodatkowe-historia-parafii-2-1-300x197.jpg 300w, https:\/\/borekstary.przemyska.pl\/wp-content\/uploads\/2021\/03\/na-strony-dodatkowe-historia-parafii-2-1-1024x671.jpg 1024w, https:\/\/borekstary.przemyska.pl\/wp-content\/uploads\/2021\/03\/na-strony-dodatkowe-historia-parafii-2-1-768x504.jpg 768w, https:\/\/borekstary.przemyska.pl\/wp-content\/uploads\/2021\/03\/na-strony-dodatkowe-historia-parafii-2-1-1536x1007.jpg 1536w, https:\/\/borekstary.przemyska.pl\/wp-content\/uploads\/2021\/03\/na-strony-dodatkowe-historia-parafii-2-1-2048x1343.jpg 2048w, https:\/\/borekstary.przemyska.pl\/wp-content\/uploads\/2021\/03\/na-strony-dodatkowe-historia-parafii-2-1-1647x1080.jpg 1647w\" sizes=\"auto, (max-width: 300px) 100vw, 300px\" \/> Czas powstania Borku Starego nie jest dok\u0142adnie znany. Najstarsza zachowana do naszych czas\u00f3w wiadomo\u015b\u0107 o tej miejscowo\u015bci wspomina, \u017ce w pierwsz\u0105 niedziel\u0119 po Narodzeniu Pa\u0144skim roku 1418 biskup przemyski Maciej herbu Janina po\u015bwi\u0119ci\u0142 tutaj cmentarz. A poniewa\u017c w owych czasach zmar\u0142ych grzebano pod ko\u015bcio\u0142em lub obok niego, dlatego po\u015bwi\u0119cenie cmentarza by\u0142o r\u00f3wnoznaczne z po\u015bwi\u0119ceniem placu pod budow\u0119 ko\u015bcio\u0142a. Z oblicze\u0144 jakie przeprowadzi\u0142 o. Pius Be\u0142ch OP wynika, \u017ce w 1418 r. Bo\u017ce Narodzenie przypada\u0142o w niedziel\u0119. Wobec tego pierwsza niedziela po Bo\u017cym Narodzeniu by\u0142a ju\u017c 1 stycznia 1419 r.<br \/>\nPierwszym znanym i by\u0107 mo\u017ce pierwszym proboszczem borkowskiej parafii by\u0142 ksi\u0105dz Andrzej. To on prawdopodobnie zbudowa\u0142 drewniany ko\u015bci\u00f3\u0142 pod wezwaniem \u015bw. \u015bw. Piotra i Paw\u0142a i zaj\u0105\u0142 si\u0119 istniej\u0105cym na terenie jego parafii miejscem kultu przy cudownym \u017ar\u00f3de\u0142ku i obrazie Naj\u015bwi\u0119tszej Marii Panny nawiedzanym przez rzesze wiernych prawdopodobnie od ko\u0144ca XIII wieku. Liczni autorzy datuj\u0105 ten rozkwit kultu Naj\u015bwi\u0119tszej Marii Panny w Borku Starym na rok 1336.<br \/>\nW 1420 roku arcybiskup lwowski Jan Rzeszowski, kt\u00f3ry po \u015bmierci biskupa Macieja opiekowa\u0142 si\u0119 diecezj\u0105 dokona\u0142 po\u015bwi\u0119cenia kaplicy NMP, kt\u00f3ra wyst\u0119puje w dokumentach r\u00f3wnie\u017c pod wezwaniem \u015bw. Krzy\u017ca. Dokumenty podaj\u0105, \u017ce do ko\u015bci\u00f3\u0142ka NMP i \u015bw. Krzy\u017ca przylega\u0142a kaplica, w kt\u00f3rej znajdowa\u0142 si\u0119 cudowny obraz Matki Bo\u017cej. Zbudowana ona by\u0142a w polu o p\u00f3\u0142 mili drogi od wioski. Od 1669 r. opiek\u0119 nad tym miejscem sprawuj\u0105 dominikanie.<br \/>\nNajwa\u017cniejsz\u0105 rol\u0119 w dziejach parafii odegra\u0142 ko\u015bci\u00f3\u0142 pod wezwaniem \u015bw. Piotra i Paw\u0142a, kt\u00f3ry wed\u0142ug o. Roberta \u015awi\u0119tochowskiego OP istnia\u0142 ju\u017c w 1465 roku. W\u0142a\u015bnie w tym roku 15 czerwca Jan z Pilczy, kasztelan krakowski i starosta przemyski na pro\u015bb\u0119 \u00f3wczesnego proboszcza borkowskiego, ks. Bart\u0142omieja dokona\u0142 uposa\u017cenia parafii. Jak pisze o. Robert \u015awi\u0119tochowski, kasztelan &#8222;Nada\u0142 istniej\u0105cemu ko\u015bcio\u0142owi \u015bw. Piotra i Paw\u0142a w Borku Starym \u0142an, czyli w\u0142\u00f3k\u0119 ziemi w Borku Nowym, ci\u0105gn\u0105cy si\u0119 od drogi wiod\u0105cej z Tyczyna do B\u0142a\u017cowej a\u017c po rzeczk\u0119 Bratka, oraz p\u00f3\u0142 \u0142anu w Borku Starym, znanym w 1541 roku jako pole Orzechowskie, wraz z zaro\u015blami i ogrodami, le\u017c\u0105cymi pomi\u0119dzy obu wymienionymi polami. Nadto przyznawa\u0142 ko\u015bcio\u0142owi prawo pobierania dziesi\u0119ciny snopowej z wszelkiego zbo\u017ca i po ka\u017cdej orce z p\u00f3l w\u00f3jtowskich, czyli so\u0142eckich w Borku Starym, Borku Nowym i Brzez\u00f3wce po wieczne czasy, bez wzgl\u0119du na to, kto b\u0119dzie w\u0142a\u015bcicielem tych posiad\u0142o\u015bci. Nadanie to by\u0142o umow\u0105 obop\u00f3ln\u0105, bo na ko\u015bciele \u015bw. Piotra i Paw\u0142a zaci\u0105\u017cy\u0142 obowi\u0105zek odprawiania cztery razy do roku w Suche dni Mszy \u015bw. i odprawiania nabo\u017ce\u0144stw za zmar\u0142ych czyli tzw. wigilii.&#8221;<img loading=\"lazy\" decoding=\"async\" class=\"alignright wp-image-174 size-medium\" src=\"https:\/\/borekstary.przemyska.pl\/wp-content\/uploads\/2021\/03\/na-strony-dodatkowe-historia-parafii-3-188x300.jpg\" alt=\"\" width=\"188\" height=\"300\" srcset=\"https:\/\/borekstary.przemyska.pl\/wp-content\/uploads\/2021\/03\/na-strony-dodatkowe-historia-parafii-3-188x300.jpg 188w, https:\/\/borekstary.przemyska.pl\/wp-content\/uploads\/2021\/03\/na-strony-dodatkowe-historia-parafii-3-642x1024.jpg 642w, https:\/\/borekstary.przemyska.pl\/wp-content\/uploads\/2021\/03\/na-strony-dodatkowe-historia-parafii-3-768x1225.jpg 768w, https:\/\/borekstary.przemyska.pl\/wp-content\/uploads\/2021\/03\/na-strony-dodatkowe-historia-parafii-3-963x1536.jpg 963w, https:\/\/borekstary.przemyska.pl\/wp-content\/uploads\/2021\/03\/na-strony-dodatkowe-historia-parafii-3-1284x2048.jpg 1284w, https:\/\/borekstary.przemyska.pl\/wp-content\/uploads\/2021\/03\/na-strony-dodatkowe-historia-parafii-3-1024x1634.jpg 1024w, https:\/\/borekstary.przemyska.pl\/wp-content\/uploads\/2021\/03\/na-strony-dodatkowe-historia-parafii-3-677x1080.jpg 677w, https:\/\/borekstary.przemyska.pl\/wp-content\/uploads\/2021\/03\/na-strony-dodatkowe-historia-parafii-3-scaled.jpg 1605w\" sizes=\"auto, (max-width: 188px) 100vw, 188px\" \/><br \/>\nW niewyja\u015bnionych dotychczas okoliczno\u015bciach biskup przemyski Wawrzyniec Go\u015blicki w 1598 r. uzale\u017cni\u0142 parafi\u0119 borkowsk\u0105 od parafii tyczy\u0144skiej. Rok p\u00f3\u017aniej zmar\u0142 ostatni niezale\u017cny proboszcz w Borku Starym Marcin Lasocha. Od tego czasu ko\u015bci\u00f3\u0142 obs\u0142ugiwali wikarzy zwani komendarzami.<br \/>\nW 1624 r. Tatarzy pod wodz\u0105 baszy Kantemira spalili pierwotny ko\u015bci\u00f3\u0142. Podobny los spotka\u0142 w\u00f3wczas ko\u015bcio\u0142y w Tyczynie, S\u0142ocinie i Hy\u017cnem. Na jego gruzach w latach 1646-1649 postawiono nowy ko\u015bci\u00f3\u0142 kamienny, kt\u00f3ry zosta\u0142 konsekrowany dopiero w 1883 r. przez biskupa przemyskiego \u0141ukasza Ostoj\u0119 Soleckiego. Usamodzielnienie borkowskiej parafii nast\u0105pi\u0142o 12 marca 1888 r. Biskup Solecki eryguj\u0105c parafi\u0119 w Borku Starym powo\u0142a\u0142 na jej pierwszego proboszcza dotychczasowego komendariusza ks. Edwarda Koteckiego.<br \/>\nObecny ko\u015bci\u00f3\u0142 parafialny murowany, trzynawowy, neogotycki z wie\u017c\u0105, wybudowano w latach 1928-1938, wed\u0142ug projektu Bronis\u0142awa Wiktora. Konsekrowa\u0142 go w roku 1939 biskup przemyski Franciszek Barda. W ko\u015bciele znajduj\u0105 si\u0119 trzy barokowe o\u0142tarze ze starego ko\u015bcio\u0142a, chrzcielnica z roku 1755, oraz kilka obraz\u00f3w, w tym obraz Matki Bo\u017cej Niepokalanie Pocz\u0119tej. Obok ko\u015bcio\u0142a znajduje si\u0119 dzwonnica murowana z roku 1887. Polichromi\u0119 ko\u015bcio\u0142a wykona\u0142 w latach 1957-1958 artysta Stanis\u0142aw Szmuc. Organy 15 g\u0142osowe zbudowa\u0142 w roku 1939 Emil Narolski z Przemy\u015bla.<br \/>\nParafia Borek Stary to wyj\u0105tkowa parafia, obejmuje bowiem cztery wioski po\u0142o\u017cone w czterech gminach. Na jej terenie istniej\u0105 trzy ko\u015bcio\u0142y dojazdowe: w Nowym Borku, Bor\u00f3wkach i Woli Borkowskiej. Na terenie parafii jest r\u00f3wnie\u017c ko\u015bci\u00f3\u0142 O.O. Dominikan\u00f3w, w kt\u00f3rym znajduje si\u0119 \u0142askami s\u0142yn\u0105cy obraz Naj\u015bwi\u0119tszej Maryi Panny, koronowany 15 sierpnia 1919 r. przez biskupa przemyskiego \u015bw. J\u00f3zefa Sebastiana Pelczara.<\/p>\n<p style=\"text-align: left;\"><strong>Proboszczowie parafii w XX wieku:<\/strong><br \/>\nKs. Ignacy Krysakowski od 1902 do 1923<br \/>\nKs. J\u00f3zef Pasierb od 1923 do 1952<br \/>\nKs. W\u0142adys\u0142aw Fietko od 1952 do 1958<br \/>\nKs. Micha\u0142 Sternal od 1958 do 1983 jako proboszcz, a zmar\u0142 29.05.1992<br \/>\nKs. W\u0142adys\u0142aw Mazepa od 1983 do 2005, a zmar\u0142 19.01.2024r.<br \/>\nKs. Adam Pietrucha od 2005 do 2019, obecnie na emeryturze<br \/>\nKs. Roman S\u0142ota od 2019<\/p>\n<p style=\"text-align: right;\"><em>Jerzy Konkol<\/em><\/p>\n","protected":false},"excerpt":{"rendered":"<p>Czas powstania Borku Starego nie jest dok\u0142adnie znany. Najstarsza zachowana do naszych czas\u00f3w wiadomo\u015b\u0107 o tej miejscowo\u015bci wspomina, \u017ce w pierwsz\u0105 niedziel\u0119 po Narodzeniu Pa\u0144skim roku 1418 biskup przemyski Maciej herbu Janina po\u015bwi\u0119ci\u0142 tutaj cmentarz. A poniewa\u017c w owych czasach zmar\u0142ych grzebano pod ko\u015bcio\u0142em lub obok niego, dlatego po\u015bwi\u0119cenie cmentarza by\u0142o r\u00f3wnoznaczne z po\u015bwi\u0119ceniem placu&hellip; <br \/> <a class=\"read-more\" href=\"https:\/\/borekstary.przemyska.pl\/index.php\/historia-parafii\/\">Dowiedz si\u0119 wi\u0119cej<\/a><\/p>\n","protected":false},"author":1,"featured_media":0,"parent":0,"menu_order":0,"comment_status":"closed","ping_status":"closed","template":"","meta":{"footnotes":""},"class_list":["post-166","page","type-page","status-publish","hentry"],"_links":{"self":[{"href":"https:\/\/borekstary.przemyska.pl\/index.php\/wp-json\/wp\/v2\/pages\/166","targetHints":{"allow":["GET"]}}],"collection":[{"href":"https:\/\/borekstary.przemyska.pl\/index.php\/wp-json\/wp\/v2\/pages"}],"about":[{"href":"https:\/\/borekstary.przemyska.pl\/index.php\/wp-json\/wp\/v2\/types\/page"}],"author":[{"embeddable":true,"href":"https:\/\/borekstary.przemyska.pl\/index.php\/wp-json\/wp\/v2\/users\/1"}],"replies":[{"embeddable":true,"href":"https:\/\/borekstary.przemyska.pl\/index.php\/wp-json\/wp\/v2\/comments?post=166"}],"version-history":[{"count":10,"href":"https:\/\/borekstary.przemyska.pl\/index.php\/wp-json\/wp\/v2\/pages\/166\/revisions"}],"predecessor-version":[{"id":2952,"href":"https:\/\/borekstary.przemyska.pl\/index.php\/wp-json\/wp\/v2\/pages\/166\/revisions\/2952"}],"wp:attachment":[{"href":"https:\/\/borekstary.przemyska.pl\/index.php\/wp-json\/wp\/v2\/media?parent=166"}],"curies":[{"name":"wp","href":"https:\/\/api.w.org\/{rel}","templated":true}]}}