{"id":147,"date":"2021-03-10T00:26:13","date_gmt":"2021-03-09T23:26:13","guid":{"rendered":"https:\/\/borekstary.przemyska.pl\/?page_id=147"},"modified":"2025-10-08T12:11:39","modified_gmt":"2025-10-08T10:11:39","slug":"kontakt","status":"publish","type":"page","link":"https:\/\/borekstary.przemyska.pl\/index.php\/kontakt\/","title":{"rendered":"Kontakt"},"content":{"rendered":"<h4 style=\"text-align: center; color: black;\"><span style=\"color: #334e7d;\">Adres: Borek Stary 337; 36-020 Tyczyn<\/span><br \/>\n<span style=\"color: #334e7d; font-size: 1.1rem; letter-spacing: 0.0625rem; background-color: transparent;\">17 22 98 087;<br \/>\n<\/span><span style=\"color: #334e7d; font-size: 1.1rem; letter-spacing: 0.0625rem; background-color: transparent;\">+ 48 600 020 990 (ks. Proboszcz)<\/span><\/h4>\n<p style=\"text-align: center;\"><strong>mail: borekstary.parafia@gmail.com<\/strong><\/p>\n<hr \/>\n<h4 style=\"text-align: center; color: black;\"><span style=\"color: #ff0000;\">Nasze konto bankowe, na kt\u00f3re mo\u017cna sk\u0142ada\u0107 ofiary:<\/span><\/h4>\n<h4 style=\"text-align: center; color: black;\">Parafia Rzymskokatolicka\u00a0pw. \u015bw. Piotra i Paw\u0142a w Borku Starym<br \/>\nNr konta:\u00a0PL\u00a0 \u00a076 9158 0001 2001\u00a00006 9834 0001<br \/>\ntytu\u0142em: Darowizna na cele kultu religijnego Parafii Borek Stary 337,<br \/>\n36-020 Tyczyn<\/h4>\n<h4 style=\"text-align: center;\"><span style=\"color: #000000;\">SWIFT BANKU:\u00a0POLUPLPR<\/span><\/h4>\n<h4 style=\"text-align: center;\"><span style=\"color: #334e7d;\">***<\/span><\/h4>\n<h4 style=\"text-align: center; color: black;\">SUBKONTO parafialne, kt\u00f3rego \u015brodki przeznaczone s\u0105 na<br \/>\n\u201eFUNDUSZ CMENTARNY\u201d<br \/>\nNr konta:\u00a0 \u00a022 9158 0001 2001 0006 9834 0003<br \/>\nParafia Rzymskokatolicka \u00a0pw. \u015bw. Piotra i Paw\u0142a w Borku Starym,<br \/>\nBorek Stary 337, 36-020 Tyczyn.<br \/>\nW przelewie prosimy poda\u0107 dopisek \u201efundusz cmentarny\u201d oraz Imi\u0119, Nazwisko<br \/>\ni adres ofiarodawcy.<\/h4>\n<h4 style=\"text-align: center;\"><span style=\"color: #334e7d;\">***<\/span><\/h4>\n<h4 style=\"color: black; text-align: center;\"><span style=\"color: #ff0000;\">Za wszelk\u0105 pomoc sk\u0142adamy serdeczne B\u00d3G ZAP\u0141A\u0106<br \/>\n<span style=\"color: #000000;\">Wszystkich Darczy\u0144c\u00f3w otaczamy codzienn\u0105 modlitw\u0105.\u00a0<\/span><\/span><\/h4>\n<p style=\"text-align: center;\"><div class=\"su-gmap su-u-responsive-media-yes\"><iframe loading=\"lazy\" width=\"600\" height=\"400\" src=\"\/\/maps.google.com\/maps?q=Borek%20Stary%20337%2C%2036-020%20TYczyn&amp;output=embed\" title=\"\"><\/iframe><\/div>\n","protected":false},"excerpt":{"rendered":"<p>Adres: Borek Stary 337; 36-020 Tyczyn 17 22 98 087; + 48 600 020 990 (ks. Proboszcz) mail: borekstary.parafia@gmail.com Nasze konto bankowe, na kt\u00f3re mo\u017cna sk\u0142ada\u0107 ofiary: Parafia Rzymskokatolicka\u00a0pw. \u015bw. Piotra i Paw\u0142a w Borku Starym Nr konta:\u00a0PL\u00a0 \u00a076 9158 0001 2001\u00a00006 9834 0001 tytu\u0142em: Darowizna na cele kultu religijnego Parafii Borek Stary 337, 36-020&hellip; <br \/> <a class=\"read-more\" href=\"https:\/\/borekstary.przemyska.pl\/index.php\/kontakt\/\">Dowiedz si\u0119 wi\u0119cej<\/a><\/p>\n","protected":false},"author":1,"featured_media":0,"parent":0,"menu_order":0,"comment_status":"closed","ping_status":"closed","template":"","meta":{"footnotes":""},"class_list":["post-147","page","type-page","status-publish","hentry"],"_links":{"self":[{"href":"https:\/\/borekstary.przemyska.pl\/index.php\/wp-json\/wp\/v2\/pages\/147","targetHints":{"allow":["GET"]}}],"collection":[{"href":"https:\/\/borekstary.przemyska.pl\/index.php\/wp-json\/wp\/v2\/pages"}],"about":[{"href":"https:\/\/borekstary.przemyska.pl\/index.php\/wp-json\/wp\/v2\/types\/page"}],"author":[{"embeddable":true,"href":"https:\/\/borekstary.przemyska.pl\/index.php\/wp-json\/wp\/v2\/users\/1"}],"replies":[{"embeddable":true,"href":"https:\/\/borekstary.przemyska.pl\/index.php\/wp-json\/wp\/v2\/comments?post=147"}],"version-history":[{"count":26,"href":"https:\/\/borekstary.przemyska.pl\/index.php\/wp-json\/wp\/v2\/pages\/147\/revisions"}],"predecessor-version":[{"id":3518,"href":"https:\/\/borekstary.przemyska.pl\/index.php\/wp-json\/wp\/v2\/pages\/147\/revisions\/3518"}],"wp:attachment":[{"href":"https:\/\/borekstary.przemyska.pl\/index.php\/wp-json\/wp\/v2\/media?parent=147"}],"curies":[{"name":"wp","href":"https:\/\/api.w.org\/{rel}","templated":true}]}}