{"id":1377,"date":"2021-10-27T18:45:29","date_gmt":"2021-10-27T16:45:29","guid":{"rendered":"https:\/\/borekstary.przemyska.pl\/?page_id=1377"},"modified":"2025-09-03T11:22:35","modified_gmt":"2025-09-03T09:22:35","slug":"grupa-biblijna","status":"publish","type":"page","link":"https:\/\/borekstary.przemyska.pl\/index.php\/grupa-biblijna\/","title":{"rendered":"Grupa Biblijna"},"content":{"rendered":"<p data-start=\"223\" data-end=\"617\">Owocem <strong>Misji \u015awi\u0119tych<\/strong> przeprowadzonych w naszej parafii<span style=\"background-color: transparent;\">\u00a0<\/span><span style=\"background-color: transparent;\">w 2021r.,<\/span><span style=\"background-color: transparent;\">\u00a0jest powstanie nowej wsp\u00f3lnoty, kt\u00f3rej celem jest pog\u0142\u0119bianie wiary i wi\u0119zi z Bogiem poprzez regularne <strong>czytanie oraz rozwa\u017canie Pisma \u015awi\u0119tego<\/strong>. <\/span><\/p>\n<p data-start=\"223\" data-end=\"617\"><span style=\"background-color: transparent;\">Podczas<\/span><span style=\"background-color: transparent;\">\u00a0s<\/span><span style=\"background-color: transparent;\">po<\/span><span style=\"background-color: transparent;\">tka\u0144 uczestnicy maj\u0105 oka<\/span><span style=\"background-color: transparent;\">zj\u0119 ws\u0142uchiwa\u0107 si\u0119 w S\u0142owo Bo\u017ce, dzieli\u0107 swoimi przemy\u015bleniami i do\u015bwiadczeniem wiary, a tak\u017ce uczy\u0107 si\u0119, jak wprowadza\u0107 nauk\u0119 Ewangelii w codzienne \u017cycie.<\/span><\/p>\n<p data-start=\"619\" data-end=\"943\">Zapraszamy serdecznie wszystkie osoby, kt\u00f3re jeszcze nie nale\u017c\u0105 do \u017cadnej grupy parafialnej, a pragn\u0105 rozwija\u0107 swoj\u0105 relacj\u0119 z Panem Bogiem i bli\u017animi. <strong>Spotkania odbywaj\u0105 si\u0119 w pierwsze czwartki miesi\u0105ca, po wieczornej Mszy \u015awi\u0119tej, w salce parafialnej.<\/strong><\/p>\n<p data-start=\"945\" data-end=\"993\">Opiekunem wsp\u00f3lnoty jest ks. \u0141ukasz \u015awi\u0105toniowski<\/p>\n","protected":false},"excerpt":{"rendered":"<p>Owocem Misji \u015awi\u0119tych przeprowadzonych w naszej parafii\u00a0w 2021r.,\u00a0jest powstanie nowej wsp\u00f3lnoty, kt\u00f3rej celem jest pog\u0142\u0119bianie wiary i wi\u0119zi z Bogiem poprzez regularne czytanie oraz rozwa\u017canie Pisma \u015awi\u0119tego. Podczas\u00a0spotka\u0144 uczestnicy maj\u0105 okazj\u0119 ws\u0142uchiwa\u0107 si\u0119 w S\u0142owo Bo\u017ce, dzieli\u0107 swoimi przemy\u015bleniami i do\u015bwiadczeniem wiary, a tak\u017ce uczy\u0107 si\u0119, jak wprowadza\u0107 nauk\u0119 Ewangelii w codzienne \u017cycie. Zapraszamy serdecznie&hellip; <br \/> <a class=\"read-more\" href=\"https:\/\/borekstary.przemyska.pl\/index.php\/grupa-biblijna\/\">Dowiedz si\u0119 wi\u0119cej<\/a><\/p>\n","protected":false},"author":1,"featured_media":1382,"parent":0,"menu_order":0,"comment_status":"closed","ping_status":"closed","template":"","meta":{"footnotes":""},"class_list":["post-1377","page","type-page","status-publish","has-post-thumbnail","hentry"],"_links":{"self":[{"href":"https:\/\/borekstary.przemyska.pl\/index.php\/wp-json\/wp\/v2\/pages\/1377","targetHints":{"allow":["GET"]}}],"collection":[{"href":"https:\/\/borekstary.przemyska.pl\/index.php\/wp-json\/wp\/v2\/pages"}],"about":[{"href":"https:\/\/borekstary.przemyska.pl\/index.php\/wp-json\/wp\/v2\/types\/page"}],"author":[{"embeddable":true,"href":"https:\/\/borekstary.przemyska.pl\/index.php\/wp-json\/wp\/v2\/users\/1"}],"replies":[{"embeddable":true,"href":"https:\/\/borekstary.przemyska.pl\/index.php\/wp-json\/wp\/v2\/comments?post=1377"}],"version-history":[{"count":8,"href":"https:\/\/borekstary.przemyska.pl\/index.php\/wp-json\/wp\/v2\/pages\/1377\/revisions"}],"predecessor-version":[{"id":3393,"href":"https:\/\/borekstary.przemyska.pl\/index.php\/wp-json\/wp\/v2\/pages\/1377\/revisions\/3393"}],"wp:featuredmedia":[{"embeddable":true,"href":"https:\/\/borekstary.przemyska.pl\/index.php\/wp-json\/wp\/v2\/media\/1382"}],"wp:attachment":[{"href":"https:\/\/borekstary.przemyska.pl\/index.php\/wp-json\/wp\/v2\/media?parent=1377"}],"curies":[{"name":"wp","href":"https:\/\/api.w.org\/{rel}","templated":true}]}}