{"id":111,"date":"2021-03-09T23:54:08","date_gmt":"2021-03-09T22:54:08","guid":{"rendered":"https:\/\/borekstary.przemyska.pl\/?page_id=111"},"modified":"2026-05-09T19:16:07","modified_gmt":"2026-05-09T17:16:07","slug":"intencje","status":"publish","type":"page","link":"https:\/\/borekstary.przemyska.pl\/index.php\/intencje\/","title":{"rendered":"Intencje"},"content":{"rendered":"<h3 style=\"text-align: center;\"><span style=\"color: #ff0000;\"><strong>BOREK STARY<\/strong><\/span><\/h3>\n<h4><span style=\"color: #000000;\"><span style=\"color: #ff0000;\"><strong><u>Niedziela: 10 maja 2026<\/u><\/strong><strong>\u00a0\u00a0\u00a0\u00a0 <\/strong><strong>\u00a0 \u00a0 \u00a0<\/strong><\/span><strong><span style=\"color: #ff0000;\">VI NIEDZIELA WIELKANOCNA<\/span><br \/>\n<\/strong><\/span><span style=\"color: #000000;\"><strong>7.00 + Marianna (f) P\u0119kala od KGW Przylasek<br \/>\n<\/strong><\/span><span style=\"color: #000000;\"><strong>9.00 <\/strong><strong>+ Marianna (f) P\u0119kala <span style=\"color: #ff0000;\">(1r. \u015bm)<\/span> od c\u00f3rki Anny z m\u0119\u017cem i synami<br \/>\n<\/strong><\/span><span style=\"color: #000000;\"><strong>11.00 + Kazimierz Kotula (3r. \u015bm.)<\/strong><\/span><\/h4>\n<h4><span style=\"color: #000000;\"><strong>16.00 + Agata i W\u0142adys\u0142aw Bieniek od Barbary i Tadeusza Bieniek<\/strong><\/span><\/h4>\n<h4><span style=\"color: #000000;\"><strong><u>Poza parafi\u0105:<br \/>\n<\/u><\/strong><\/span><span style=\"color: #000000;\"><strong>+ Wanda Krzto\u0144 (greg.)<br \/>\n<\/strong><\/span><span style=\"color: #000000;\"><strong>+ Edward Kalita<\/strong><\/span><\/h4>\n<h4><span style=\"color: #000000;\"><strong>\u00a0<\/strong><\/span><\/h4>\n<h4><span style=\"color: #ff0000;\"><strong><u>Poniedzia\u0142ek: 11 maja 2026<\/u><\/strong><strong>\u00a0 \u00a0 \u00a0 \u00a0NB 17.00 ks. Piotr<br \/>\n<\/strong><\/span><span style=\"color: #000000;\"><strong>6.30 <\/strong><strong>+ Janina (f) Anto\u0144czak od syna Stanis\u0142awa z rodzin\u0105<br \/>\n<\/strong><\/span><span style=\"color: #000000;\"><strong>6.30 + Stefan Baran od Barbary i Romana Lelek<\/p>\n<p><\/strong><\/span><span style=\"color: #000000;\"><strong>18.00 ++ Stanis\u0142aw i Maria Patrzyk oraz zmarli z rodziny<br \/>\n<\/strong><\/span><span style=\"color: #000000;\"><strong>18.00 O potrzebne \u0142aski dla Zofii G<\/strong><strong>\u0105ski w dniu urodzin i imienin<\/strong><\/span><\/h4>\n<h4><span style=\"color: #000000;\"><strong><u><span style=\"color: #ff0000;\">Poza parafi\u0105:<\/span><br \/>\n<\/u><\/strong><\/span><span style=\"color: #000000;\"><strong>+ Wanda Krzto\u0144 (greg.)<br \/>\n<\/strong><\/span><span style=\"color: #000000;\"><strong>+ Antonina Dubczyk<br \/>\n+ Kazimierz Kucharczyk<\/p>\n<p><\/strong><\/span><\/h4>\n<h4><span style=\"color: #ff0000;\"><strong><u>Wtorek:\u00a0 12 maja 2026<\/u><\/strong><strong>\u00a0 \u00a0 \u00a0 \u00a0 \u00a0 \u00a0 \u00a0<\/strong><strong>NB 17.00 ks. Daniel<br \/>\n<\/strong><\/span><span style=\"color: #000000;\"><strong>6.30 <\/strong><strong>+ Edward Kalita od siostrzenicy Alicji z m\u0119\u017cem<br \/>\n<\/strong><\/span><span style=\"color: #000000;\"><strong>6.30 + Janina Anto\u0144czak od <\/strong><strong>s\u0105siada J\u00f3zefa<br \/>\n<\/strong><\/span><span style=\"color: #000000;\"><strong>6.30 + Jan Rybka od rodziny Kujaw\u00f3w<\/strong><\/span><\/h4>\n<h4><span style=\"color: #000000;\"><strong>18.00 + Marianna (f) P\u0119kala od brata z Rodzin\u0105<\/strong><\/span><\/h4>\n<h4><span style=\"color: #ff0000;\"><strong><u>Poza parafi\u0105:<br \/>\n<\/u><\/strong><\/span><span style=\"color: #000000;\"><strong>+ Wanda Krzto\u0144 (greg.)<br \/>\n<\/strong><\/span><span style=\"color: #000000;\"><strong>+ Antonina Dubczyk<\/strong><\/span><\/h4>\n<p>&nbsp;<\/p>\n<h4><span style=\"color: #ff0000;\"><strong><u>\u015aroda: 13 maja 2026<\/u><\/strong><strong>\u00a0 \u00a0 \u00a0 \u00a0 \u00a0 \u00a0 \u00a0 <\/strong><strong>NB 17.00 ks. \u0141ukasz<br \/>\n<\/strong><\/span><span style=\"color: #000000;\"><strong>6.30 + Edward Kalita od rodziny Trzyn\u00f3w<br \/>\n<\/strong><\/span><span style=\"color: #000000;\"><strong>6.30 + Janina Anto\u0144czak od Janiny i Floriana<\/strong><\/span><\/h4>\n<h4><span style=\"color: #000000;\"><strong>18.00 + Krzysztof Pociask od Edyty Sobczyk<br \/>\n<\/strong><\/span><span style=\"color: #000000;\"><strong>18.00 + ks. Abp J\u00f3zef Michalik<\/p>\n<p><\/strong><\/span><span style=\"color: #000000;\"><strong><u><span style=\"color: #ff0000;\">Poza parafi\u0105:<\/span><br \/>\n<\/u><\/strong><\/span><span style=\"color: #000000;\"><strong>+ Wanda Krzto\u0144 (greg.)<br \/>\n<\/strong><\/span><span style=\"color: #000000;\"><strong>+ Antonina Dubczyk<\/strong><\/span><\/h4>\n<h4><span style=\"color: #000000;\"><strong>\u00a0<\/strong><\/span><\/h4>\n<h4><span style=\"color: #000000;\"><span style=\"color: #ff0000;\"><strong><u>Czwartek: 14 maja 2026<\/u><\/strong><\/span><strong><span style=\"color: #ff0000;\">\u00a0 \u00a0 \u00a0 \u00a0 \u00a0 NB 17.00 ks. Piotr\u00a0\u00a0<\/span>\u00a0\u00a0\u00a0\u00a0\u00a0\u00a0\u00a0\u00a0\u00a0\u00a0\u00a0\u00a0\u00a0\u00a0\u00a0\u00a0\u00a0\u00a0\u00a0\u00a0\u00a0\u00a0\u00a0\u00a0\u00a0\u00a0\u00a0\u00a0\u00a0\u00a0\u00a0\u00a0 <\/strong><strong>\u00a0\u00a0\u00a0\u00a0\u00a0\u00a0\u00a0\u00a0\u00a0\u00a0\u00a0\u00a0\u00a0\u00a0\u00a0\u00a0\u00a0\u00a0\u00a0\u00a0\u00a0<\/strong><strong><br \/>\n<\/strong><\/span><span style=\"color: #000000;\"><strong>6.30 + Edward Kalita od s<\/strong><strong>\u0105siad\u00f3w<br \/>\n<\/strong><\/span><span style=\"color: #000000;\"><strong>6.30 + Jan Rybka od s\u0105siad\u00f3w Danuty i Franciszka<\/strong><\/span><\/h4>\n<h4><span style=\"color: #000000;\"><strong>18.00 + Tadeusz Filip od syna Leszka z rodzin<\/strong><strong>\u0105<\/strong><\/span><\/h4>\n<h4><span style=\"color: #000000;\"><strong><u><span style=\"color: #ff0000;\">Poza parafi\u0105:<\/span><br \/>\n<\/u><\/strong><\/span><span style=\"color: #000000;\"><strong>+ Wanda Krzto\u0144 (greg.)<br \/>\n<\/strong><\/span><span style=\"color: #000000;\"><strong>+ Antonina Dubczyk<\/p>\n<p><\/strong><\/span><\/h4>\n<h4><span style=\"color: #000000;\"><span style=\"color: #ff0000;\"><strong><u>Pi\u0105tek: 15 maja 2026<\/u><\/strong><\/span><strong><span style=\"color: #ff0000;\">\u00a0 \u00a0 \u00a0 \u00a0 \u00a0 \u00a0 \u00a0 \u00a0NB 17.00 ks. \u0141ukasz\u00a0\u00a0\u00a0<\/span><br \/>\n<\/strong><\/span><span style=\"color: #000000;\"><strong>6.30 + Marianna (f) P\u0119kala od s<\/strong><strong>\u0105siad\u00f3w z Ma\u0142ego Przylaska<br \/>\n<\/strong><\/span><span style=\"color: #000000;\"><strong>6.30 + Antonina (f) Dubczyk od Romana, Dariusza, Tomasza i Grzegorza Szura<\/strong><\/span><\/h4>\n<h4><span style=\"color: #000000;\"><strong>18.00 + Emilia (f) Lasota od wnuka \u0141ukasza z rodzin<\/strong><strong>\u0105<br \/>\n18.00 w 21 rocznic\u0119 \u015bwi\u0119ce\u0144 kap\u0142a\u0144skich<\/p>\n<p><\/strong><\/span><\/h4>\n<h4><span style=\"color: #ff0000;\"><strong><u>Poza parafi\u0105:<br \/>\n<\/u><\/strong><\/span><span style=\"color: #000000;\"><strong>+ Wanda Krzto\u0144 (greg.)<br \/>\n<\/strong><\/span><span style=\"color: #000000;\"><strong>+ Genowefa Knutel <\/strong><\/span><\/h4>\n<h4><span style=\"color: #000000;\"><strong>\u00a0<\/strong><\/span><\/h4>\n<h4><span style=\"color: #000000;\"><span style=\"color: #ff0000;\"><strong><u>Sobota: 16 maja 2026<\/u><\/strong><\/span><strong><span style=\"color: #ff0000;\">\u00a0 \u00a0 \u00a0 \u00a0 \u00a0 \u00a0 \u00a0 \u00a0NB 17.00 ks. \u0141ukasz\u00a0<\/span><br \/>\n<\/strong><\/span><span style=\"color: #000000;\"><strong>6.30 <\/strong><strong>+ Eugeniusz Bogdan od Janusza Bogdan z rodzin\u0105<br \/>\n<\/strong><\/span><span style=\"color: #000000;\"><strong>6.30 + Antonina Dubczyk od Bronis\u0142awy i Marty Opio\u0142a<\/strong><\/span><\/h4>\n<h4><span style=\"color: #000000;\"><strong>18.00 + Dzi\u0119kczynna za \u0142ask\u0119 uzdrowienia<br \/>\n<\/strong><\/span><span style=\"color: #000000;\"><strong>18.00 Za dusze w czy\u015b\u0107cu cierpi<\/strong><strong>\u0105ce<\/strong><\/span><\/h4>\n<h4><span style=\"color: #ff0000;\"><strong><u>Poza parafi\u0105:<br \/>\n<\/u><\/strong><\/span><span style=\"color: #000000;\"><strong>+ Wanda Krzto\u0144 (greg.)<br \/>\n<\/strong><\/span><span style=\"color: #000000;\"><strong>+\u00a0 Genowefa Knutel<\/strong><\/span><\/h4>\n<h4><span style=\"color: #000000;\"><strong>\u00a0<\/strong><\/span><\/h4>\n<h4><span style=\"color: #ff0000;\"><strong><u>Niedziela: 17 maja 2026<\/u><\/strong><strong>\u00a0\u00a0\u00a0\u00a0 <\/strong><strong>\u00a0 \u00a0 \u00a0 <\/strong><strong>WNIEBOWST\u0104PIENIE PA\u0143SKIE<br \/>\n<\/strong><\/span><span style=\"color: #000000;\"><strong>7.00 + Aniela i Stanis\u0142aw Oczo\u015b od c\u00f3rek<br \/>\n<\/strong><\/span><span style=\"color: #000000;\"><strong>9.00 <\/strong><strong>o potrzebne \u0142aski i Bo\u017ce b\u0142ogos\u0142awie\u0144stwo w dniu 9 urodzin Gabrysi<br \/>\n<\/strong><\/span><span style=\"color: #000000;\"><strong>11.00 <\/strong><span style=\"color: #ff0000;\"><strong>Za parafian i dobroczy\u0144c\u00f3w \u2013 dla \u017cywych o zdrowie, Bo\u017ce b\u0142ogos\u0142awie\u0144stwo, opiek<\/strong><strong>\u0119 i wstawiennictwo Maryi, a dla zmar\u0142ych o dar \u017cycia wiecznego<\/strong><\/span><\/span><\/h4>\n<h4><span style=\"color: #000000;\"><strong>16.00 w 7 rocznic\u0119 \u015blubu Joanny i Paw\u0142a z pro\u015bb<\/strong><strong>\u0105<\/strong><strong> o Bo\u017ce b\u0142ogos\u0142awie\u0144stwo potrzebne \u0142aski i opiek\u0119 Maryi na dalsze lata ma\u0142\u017ce\u0144skiego i rodzinnego \u017cycia<\/strong><\/span><\/h4>\n<h4><span style=\"color: #ff0000;\"><strong><u>Poza parafi\u0105:<br \/>\n<\/u><\/strong><\/span><span style=\"color: #000000;\"><strong>+ Wanda Krzto\u0144 (greg.)<br \/>\n<\/strong><\/span><span style=\"color: #000000;\"><strong>+\u00a0 Genowefa Knutel<\/strong><\/span><strong><u>\u00a0<\/u><\/strong><\/h4>\n<h3 style=\"text-align: center;\"><span style=\"color: #ff0000;\"><strong>NOWY BOREK:<\/strong><\/span><\/h3>\n<h4><span style=\"color: #000000;\"><span style=\"color: #ff0000;\"><strong><u>Niedziela (10.05)<\/u><\/strong><\/span><strong><span style=\"color: #ff0000;\">\u00a0\u00a0\u00a0\u00a0\u00a0\u00a0\u00a0\u00a0\u00a0\u00a0\u00a0 VI NIEDZIELA WIELKANOCY\u00a0\u00a0\u00a0\u00a0\u00a0\u00a0\u00a0<\/span><br \/>\n<\/strong><\/span><span style=\"color: #000000;\"><strong>8.00 + Anastazja Barto\u0144 od c\u00f3rki Teresy z rodzin<\/strong><strong>\u0105<\/strong><\/span><\/h4>\n<h4><span style=\"color: #000000;\"><span style=\"color: #ff0000;\"><strong><u>Poniedzia\u0142ek\u00a0 (11.05)<\/u><\/strong><\/span><strong><span style=\"color: #ff0000;\">\u00a0\u00a0\u00a0\u00a0<\/span><br \/>\n<\/strong><\/span><span style=\"color: #000000;\"><strong>17.00 ++ Genowefa i Franciszek Bober oraz zmarli z rodziny<\/strong><\/span><\/h4>\n<h4><span style=\"color: #000000;\"><span style=\"color: #ff0000;\"><strong><u>Wtorek (12.05)<\/u><\/strong><\/span><strong><span style=\"color: #ff0000;\">\u00a0\u00a0\u00a0\u00a0\u00a0<\/span><br \/>\n<\/strong><\/span><span style=\"color: #000000;\"><strong>17.00 ++ Zbigniew, Grzegorz Dziepak, Katarzyna i zmarli rodzice<\/strong><\/span><\/h4>\n<h4><span style=\"color: #000000;\"><span style=\"color: #ff0000;\"><strong><u>\u015aroda (13.05)<\/u><\/strong><\/span><strong><span style=\"color: #ff0000;\">\u00a0\u00a0\u00a0\u00a0<\/span><br \/>\n<\/strong><\/span><span style=\"color: #000000;\"><strong>17.00 + Ewa Sobczyk<\/p>\n<p><\/strong><\/span><span style=\"color: #000000;\"><span style=\"color: #ff0000;\"><strong><u>Czwartek (14.05)<\/u><\/strong><\/span><strong><span style=\"color: #ff0000;\">\u00a0\u00a0\u00a0\u00a0<\/span><br \/>\n<\/strong><\/span><span style=\"color: #000000;\"><strong>17.00 + Konstanty Cag<\/strong><\/span><\/h4>\n<h4><span style=\"color: #000000;\"><span style=\"color: #ff0000;\"><strong><u>Pi\u0105tek (15.05)<\/u><\/strong><\/span><strong><span style=\"color: #ff0000;\">\u00a0\u00a0\u00a0\u00a0<\/span><br \/>\n<\/strong><\/span><span style=\"color: #000000;\"><strong>17.00 + Janusz Pietrucha od mieszka\u0144c\u00f3w Woli<\/strong><\/span><\/h4>\n<h4><span style=\"color: #000000;\"><span style=\"color: #ff0000;\"><strong><u>Sobota (16.05)<\/u><\/strong><\/span><strong><span style=\"color: #ff0000;\">\u00a0<\/span><br \/>\n<\/strong><\/span><span style=\"color: #000000;\"><strong>17.00 Za zmar\u0142ych rodzic\u00f3w: ++ Stanis\u0142aw\u0119 (f) i Dominika Ku\u015bnierz\u00a0\u00a0 <\/strong><\/span><\/h4>\n<h4><span style=\"color: #ff0000;\"><strong><u>Niedziela (17.05)<\/u><\/strong><strong>\u00a0\u00a0\u00a0\u00a0\u00a0\u00a0\u00a0\u00a0\u00a0\u00a0\u00a0\u00a0 <\/strong><strong>WNIEBOWST\u0104PIENIE PA\u0143SKIE<br \/>\n<\/strong><\/span><span style=\"color: #000000;\"><strong>8.00 + Anastazja Barto\u0144 od wnuczki Barbary z rodzin\u0105<\/p>\n<p><\/strong><\/span><\/h4>\n<h3 style=\"text-align: center;\"><span style=\"color: #ff0000;\"><strong>\u00a0<\/strong><strong>WOLA BORKOWSKA<\/strong><\/span><\/h3>\n<h4><span style=\"color: #000000;\"><span style=\"color: #ff0000;\"><strong><u>Niedziela (10.05)<\/u><\/strong><\/span><strong><span style=\"color: #ff0000;\">\u00a0\u00a0\u00a0\u00a0\u00a0\u00a0\u00a0\u00a0\u00a0\u00a0\u00a0\u00a0\u00a0\u00a0 VI NIEDZIELA WIELKANOCY\u00a0\u00a0\u00a0\u00a0<\/span><br \/>\n<\/strong><\/span><span style=\"color: #000000;\"><strong>10.00 Za zmar\u0142ych rodzic\u00f3w: Stanis\u0142aw i Aniela R\u00f3g oraz zmar\u0142y brat Bronis\u0142aw od Tadeusza<\/strong><\/span><\/h4>\n<h4><span style=\"color: #000000;\"><span style=\"color: #ff0000;\"><strong><u>Niedziela (17.05)<\/u><\/strong><strong>\u00a0\u00a0\u00a0\u00a0\u00a0\u00a0\u00a0\u00a0\u00a0\u00a0\u00a0\u00a0\u00a0 <\/strong><\/span><strong><span style=\"color: #ff0000;\">\u00a0WNIEBOWST\u0104PIENIE PA\u0143SKIE<\/span><br \/>\n<\/strong><\/span><span style=\"color: #000000;\"><strong>10.00 + Gra\u017cyna Hus od rodziny Wybraniec<\/strong><\/span><\/h4>\n<h3 style=\"text-align: center;\"><span style=\"color: #ff0000;\"><strong>BOR\u00d3WKI:<\/strong><\/span><\/h3>\n<h4><span style=\"color: #ff0000;\"><strong><u>Niedziela (10.05)<\/u><\/strong><strong>\u00a0\u00a0 \u00a0\u00a0\u00a0\u00a0\u00a0\u00a0\u00a0\u00a0\u00a0VI NIEDZIELA WIELKANOCNA<br \/>\n<\/strong><\/span><span style=\"color: #000000;\"><strong>7.30 ++ \u00a0Damian, Stanis\u0142aw, Janina &#8211; od Lucyny<br \/>\n<\/strong><\/span><span style=\"color: #000000;\"><strong>9.30 + Zofia Ba\u0142a<\/strong><\/span><\/h4>\n<h4><span style=\"color: #000000;\"><strong><u><span style=\"color: #ff0000;\">Wtorek (12.05)<\/span><br \/>\n<\/u><\/strong><\/span><span style=\"color: #000000;\"><strong>17.00 + Marianna Filip<\/strong><\/span><\/h4>\n<h4><span style=\"color: #000000;\"><strong><u><span style=\"color: #ff0000;\">\u015aroda (13.05)<\/span><br \/>\n<\/u><\/strong><\/span><span style=\"color: #000000;\"><strong>17.00 + Zenon Mokrzycki<\/strong><\/span><\/h4>\n<h4><span style=\"color: #000000;\"><strong><u><span style=\"color: #ff0000;\">Czwartek (14.05)<\/span><br \/>\n<\/u><\/strong><\/span><span style=\"color: #000000;\"><strong>17.00 + Marianna Filip<\/strong><\/span><\/h4>\n<h4><span style=\"color: #000000;\"><strong><u><span style=\"color: #ff0000;\">Pi\u0105tek (15.05)<\/span><br \/>\n<\/u><\/strong><\/span><span style=\"color: #000000;\"><strong>17.00 + Janusz Pietrucha<\/strong><\/span><\/h4>\n<h4><span style=\"color: #000000;\"><span style=\"color: #ff0000;\"><strong><u>Niedziela (17.05)<\/u><\/strong><\/span><strong><span style=\"color: #ff0000;\">\u00a0\u00a0\u00a0\u00a0\u00a0\u00a0 \u00a0\u00a0\u00a0\u00a0\u00a0WNIEBOWST\u0104PIENIE PA\u0143SKIE\u00a0\u00a0\u00a0<\/span><br \/>\n<\/strong><\/span><span style=\"color: #000000;\"><strong>7.30 ++ Marianna, Henryk Filip<br \/>\n<\/strong><\/span><span style=\"color: #000000;\"><strong>9.30 + ks. Wies\u0142aw Siwiec (18r. \u015bm.)<\/strong><\/span><\/h4>\n<h4><span style=\"color: #000000;\"><strong><u><span style=\"color: #ff0000;\">Wtorek (19.05)<\/span><br \/>\n<\/u><\/strong><\/span><span style=\"color: #000000;\"><strong>17.00 ++ Domicella, Jan, Antoni<\/strong><\/span><\/h4>\n<h4><span style=\"color: #000000;\"><strong><u><span style=\"color: #ff0000;\">\u015aroda (20.05)<\/span><br \/>\n<\/u><\/strong><\/span><span style=\"color: #000000;\"><strong>17.00 + Antoni Ciura i zmarli z rodziny <\/strong><\/span><\/h4>\n<h4><span style=\"color: #000000;\"><strong><u><span style=\"color: #ff0000;\">Czwartek (21.05)<\/span><br \/>\n<\/u><\/strong><\/span><span style=\"color: #000000;\"><strong>17.00 + Jan Ba\u0142da<\/strong><\/span><\/h4>\n<h4><span style=\"color: #000000;\"><strong><u><span style=\"color: #ff0000;\">Pi\u0105tek (22.05)<\/span><br \/>\n<\/u><\/strong><\/span><span style=\"color: #000000;\"><strong>17.00 ++ Leon, Maria, Eugeniusz<\/strong><\/span><\/h4>\n<h4><span style=\"color: #000000;\"><strong><u><span style=\"color: #ff0000;\">Sobota (23.05)<\/span><br \/>\n<\/u><\/strong><\/span><span style=\"color: #000000;\"><strong><u>OG\u0141OSZENIE: Prosimy o posprz\u0105tanie ko\u015bcio\u0142a: p. Jana Trzyn\u0119 , p. Mateusza Trzyn\u0119, p. Kazimier\u0119 Dubczyk<\/u><\/strong><\/span><\/h4>\n<h4><span style=\"color: #000000;\"><span style=\"color: #ff0000;\"><strong><u>Niedziela (24.05)<\/u><\/strong><\/span><strong><span style=\"color: #ff0000;\">\u00a0\u00a0\u00a0\u00a0 \u00a0\u00a0\u00a0\u00a0\u00a0\u00a0ZES\u0141ANIE DUCHA \u015aWI\u0118TEGO\u00a0<\/span><br \/>\n<\/strong><\/span><span style=\"color: #000000;\"><strong>7.30 + Andrzej Sroka od brata Mariusza z rodzin<\/strong><strong>\u0105<br \/>\n<\/strong><\/span><span style=\"color: #000000;\"><strong>9.30 Dzi\u0119kczynna o Bo\u017ce b\u0142ogos\u0142awie\u0144stwo dla rodziny<\/strong><\/span><\/h4>\n<h4><span style=\"color: #ff0000;\"><strong>Poniedzia\u0142ek (25.05)\u00a0\u00a0\u00a0\u00a0\u00a0 NMP MATKI KO\u015aCIO\u0141A<br \/>\n<\/strong><\/span><span style=\"color: #000000;\"><strong>17.00 ++ Krzysztof, Jaros\u0142aw, Stanis\u0142awa (f), Kazimiera (f) Mago\u0144<\/strong><\/span><\/h4>\n<h4><span style=\"color: #000000;\"><strong><u><span style=\"color: #ff0000;\">\u015aroda (27.05)<\/span><br \/>\n<\/u><\/strong><\/span><span style=\"color: #000000;\"><strong>17.00 + Zofia Sebzda od Janiny Mita\u0142 z rodzin<\/strong><strong>\u0105<\/strong><\/span><\/h4>\n<h4><span style=\"color: #000000;\"><strong><u><span style=\"color: #ff0000;\">Pi\u0105tek (29.05)<\/span><br \/>\n<\/u><\/strong><\/span><span style=\"color: #000000;\"><strong>17.00 + Antoni Ciura<\/strong><\/span><\/h4>\n<h4><span style=\"color: #ff0000;\"><strong><u>Niedziela (31.05)<\/u><\/strong><strong>\u00a0\u00a0\u00a0\u00a0 \u00a0\u00a0\u00a0\u00a0\u00a0\u00a0NIEDZIELA TR\u00d3JCY PRZENAJ\u015aWI\u0118TSZEJ<br \/>\n<\/strong><\/span><span style=\"color: #000000;\"><strong>7.30 ++ Damian, Stanis\u0142aw, Janina &#8211; od Lucyny<br \/>\n<\/strong><\/span><span style=\"color: #000000;\"><strong>9.30 ++ Anna, Wojciech, J\u00f3zef Jeziorski<\/strong><\/span><\/h4>\n","protected":false},"excerpt":{"rendered":"<p>BOREK STARY Niedziela: 10 maja 2026\u00a0\u00a0\u00a0\u00a0 \u00a0 \u00a0 \u00a0VI NIEDZIELA WIELKANOCNA 7.00 + Marianna (f) P\u0119kala od KGW Przylasek 9.00 + Marianna (f) P\u0119kala (1r. \u015bm) od c\u00f3rki Anny z m\u0119\u017cem i synami 11.00 + Kazimierz Kotula (3r. \u015bm.) 16.00 + Agata i W\u0142adys\u0142aw Bieniek od Barbary i Tadeusza Bieniek Poza parafi\u0105: + Wanda Krzto\u0144&hellip; <br \/> <a class=\"read-more\" href=\"https:\/\/borekstary.przemyska.pl\/index.php\/intencje\/\">Dowiedz si\u0119 wi\u0119cej<\/a><\/p>\n","protected":false},"author":1,"featured_media":236,"parent":0,"menu_order":0,"comment_status":"closed","ping_status":"closed","template":"","meta":{"footnotes":""},"class_list":["post-111","page","type-page","status-publish","has-post-thumbnail","hentry"],"_links":{"self":[{"href":"https:\/\/borekstary.przemyska.pl\/index.php\/wp-json\/wp\/v2\/pages\/111","targetHints":{"allow":["GET"]}}],"collection":[{"href":"https:\/\/borekstary.przemyska.pl\/index.php\/wp-json\/wp\/v2\/pages"}],"about":[{"href":"https:\/\/borekstary.przemyska.pl\/index.php\/wp-json\/wp\/v2\/types\/page"}],"author":[{"embeddable":true,"href":"https:\/\/borekstary.przemyska.pl\/index.php\/wp-json\/wp\/v2\/users\/1"}],"replies":[{"embeddable":true,"href":"https:\/\/borekstary.przemyska.pl\/index.php\/wp-json\/wp\/v2\/comments?post=111"}],"version-history":[{"count":628,"href":"https:\/\/borekstary.przemyska.pl\/index.php\/wp-json\/wp\/v2\/pages\/111\/revisions"}],"predecessor-version":[{"id":3824,"href":"https:\/\/borekstary.przemyska.pl\/index.php\/wp-json\/wp\/v2\/pages\/111\/revisions\/3824"}],"wp:featuredmedia":[{"embeddable":true,"href":"https:\/\/borekstary.przemyska.pl\/index.php\/wp-json\/wp\/v2\/media\/236"}],"wp:attachment":[{"href":"https:\/\/borekstary.przemyska.pl\/index.php\/wp-json\/wp\/v2\/media?parent=111"}],"curies":[{"name":"wp","href":"https:\/\/api.w.org\/{rel}","templated":true}]}}